{"id":147,"date":"2017-01-03T23:32:53","date_gmt":"2017-01-03T23:32:53","guid":{"rendered":"http:\/\/hubertpietka.bialystok.pl\/?page_id=147"},"modified":"2024-01-12T10:44:12","modified_gmt":"2024-01-12T10:44:12","slug":"zainteresowania","status":"publish","type":"page","link":"https:\/\/hubertpietka.bialystok.pl\/?page_id=147","title":{"rendered":"Zainteresowania"},"content":{"rendered":"<p><strong>Muzyka<\/strong> (<em>gra na gitarze, \u015bpiew<\/em>).<\/p>\n<p><strong>Pi\u0142ka no\u017cna <\/strong>(<em>sport<\/em> w og\u00f3le).<\/p>\n<p><strong>Turystyka<\/strong> (zw\u0142aszcza <em>pielgrzymowanie<\/em>).<\/p>\n<p><strong>Motoryzacja <\/strong>(<em>mechanika maszyn<\/em> te\u017c).<\/p>\n<p><strong>Literatura <\/strong><em>(<\/em>w tym<em> czasopi\u015bmiennictwo)<\/em><\/p>\n","protected":false},"excerpt":{"rendered":"<p>Muzyka (gra na gitarze, \u015bpiew). Pi\u0142ka no\u017cna (sport w og\u00f3le). Turystyka (zw\u0142aszcza pielgrzymowanie). Motoryzacja (mechanika maszyn te\u017c). Literatura (w tym czasopi\u015bmiennictwo)<\/p>\n","protected":false},"author":1,"featured_media":0,"parent":0,"menu_order":0,"comment_status":"closed","ping_status":"closed","template":"","meta":{"footnotes":""},"class_list":["post-147","page","type-page","status-publish","hentry"],"_links":{"self":[{"href":"https:\/\/hubertpietka.bialystok.pl\/index.php?rest_route=\/wp\/v2\/pages\/147","targetHints":{"allow":["GET"]}}],"collection":[{"href":"https:\/\/hubertpietka.bialystok.pl\/index.php?rest_route=\/wp\/v2\/pages"}],"about":[{"href":"https:\/\/hubertpietka.bialystok.pl\/index.php?rest_route=\/wp\/v2\/types\/page"}],"author":[{"embeddable":true,"href":"https:\/\/hubertpietka.bialystok.pl\/index.php?rest_route=\/wp\/v2\/users\/1"}],"replies":[{"embeddable":true,"href":"https:\/\/hubertpietka.bialystok.pl\/index.php?rest_route=%2Fwp%2Fv2%2Fcomments&post=147"}],"version-history":[{"count":8,"href":"https:\/\/hubertpietka.bialystok.pl\/index.php?rest_route=\/wp\/v2\/pages\/147\/revisions"}],"predecessor-version":[{"id":7823,"href":"https:\/\/hubertpietka.bialystok.pl\/index.php?rest_route=\/wp\/v2\/pages\/147\/revisions\/7823"}],"wp:attachment":[{"href":"https:\/\/hubertpietka.bialystok.pl\/index.php?rest_route=%2Fwp%2Fv2%2Fmedia&parent=147"}],"curies":[{"name":"wp","href":"https:\/\/api.w.org\/{rel}","templated":true}]}}