{"id":1475,"date":"2018-07-18T12:18:38","date_gmt":"2018-07-18T12:18:38","guid":{"rendered":"http:\/\/hubertpietka.bialystok.pl\/?page_id=1475"},"modified":"2018-07-18T12:22:07","modified_gmt":"2018-07-18T12:22:07","slug":"mozaika-zycia-stanow-ukladanie-basow-tenorow-altow-i-sopranow","status":"publish","type":"page","link":"https:\/\/hubertpietka.bialystok.pl\/?page_id=1475","title":{"rendered":"Mozaika \u017cycia stan\u00f3w \/ uk\u0142adanie bas\u00f3w tenor\u00f3w alt\u00f3w i sopran\u00f3w \/"},"content":{"rendered":"<p><strong><em>Mozaika \u017cycia stan\u00f3w<br \/>\n\/ uk\u0142adanie bas\u00f3w tenor\u00f3w alt\u00f3w i sopran\u00f3w \/<\/em><\/strong><\/p>\n<p>Nic co ludzkie nie jest mi obce<br \/>\nW my\u015bl dewizy staro\u017cytnej<\/p>\n<p>Czasem trzeba do\u0142a zaliczy\u0107<br \/>\nBy promyk s\u0142o\u0144ca m\u00f3c doceni\u0107<\/p>\n<p>\u017bycie przynosi r\u00f3\u017cne stany<br \/>\nDyktuje wielorakie rozwi\u0105zania<\/p>\n<p>Z wszystkim mierzy\u0107 si\u0119 trzeba<br \/>\nOd \u017cycia uciec si\u0119 nie da<\/p>\n<p>Dobrze \u017ce \u015bwieci s\u0142o\u0144ce<br \/>\n\u017be jest czyste powietrze<\/p>\n<p>Po ka\u017cdej nocy nowy dzie\u0144<br \/>\nW ko\u0144cu wytchnienie przyjdzie<\/p>\n<p>Zbiera\u0107 si\u0119 w sobie jak si\u0119 da<br \/>\nI wychodzi\u0107 naprzeciwko \u017cycia<\/p>\n<p>Bo ka\u017cda muzyka<br \/>\nMa sw\u00f3j \u017cycia odpowiednik<\/p>\n<p>Ka\u017cde chwile smutne i mi\u0142e<br \/>\nWybrzmie\u0107 musz\u0105 w swej sile<\/p>\n<p>*Niech gra muzyka \u017cycia \ud83d\ude42<\/p>\n<p>Na zdj. Wczoraj przy Mi\u0142osierdziu Bo\u017cym<br \/>\nZachodz\u0105ce s\u0142o\u0144ce<br \/>\nWiecz\u00f3r czasem zapowiada<br \/>\nDobre chwile nast\u0119pnego dnia \/<br \/>\nR\u00f3\u017cne momenty \u017cycie ma<br \/>\nDobro ze z\u0142em si\u0119 przesila<br \/>\nS\u0105 czasy lepsze i gorsze<br \/>\nWszystko w \u017cyciu ma swe miejsce\/<br \/>\nWszystko ma sw\u00f3j czas<br \/>\n&#8211; w nas i obok nas \ud83d\ude42<br \/>\nPozdrawiam Was \ud83d\ude42<br \/>\n\u017bycz\u0119 przesilenia sfery z\u0142a.<\/p>\n<p><img loading=\"lazy\" decoding=\"async\" class=\"JZUAbb\" src=\"https:\/\/lh3.googleusercontent.com\/-2H8OZbmdb44\/W08SKIMMthI\/AAAAAAAACNI\/_kKAbLaz7NkT_2IeE4qFT4_bCkW8an9hACJoC\/w530-h398-n\/IMG_20180717_195837.jpg\" alt=\"Zdj\u0119cie\" width=\"530\" height=\"398\" \/><\/p>\n<p style=\"text-align: center;\"><a href=\"https:\/\/www.youtube.com\/watch?v=p-dimbZbtto\"><em><strong>Golec uOrkiestra &#8211; Wese\u0142 Jasiek<\/strong><\/em><\/a><\/p>\n","protected":false},"excerpt":{"rendered":"<p>Mozaika \u017cycia stan\u00f3w \/ uk\u0142adanie bas\u00f3w tenor\u00f3w alt\u00f3w i sopran\u00f3w \/ Nic co ludzkie nie jest mi obce W my\u015bl dewizy staro\u017cytnej Czasem trzeba do\u0142a&hellip; <\/p>\n","protected":false},"author":1,"featured_media":0,"parent":0,"menu_order":0,"comment_status":"closed","ping_status":"closed","template":"","meta":{"footnotes":""},"class_list":["post-1475","page","type-page","status-publish","hentry"],"_links":{"self":[{"href":"https:\/\/hubertpietka.bialystok.pl\/index.php?rest_route=\/wp\/v2\/pages\/1475","targetHints":{"allow":["GET"]}}],"collection":[{"href":"https:\/\/hubertpietka.bialystok.pl\/index.php?rest_route=\/wp\/v2\/pages"}],"about":[{"href":"https:\/\/hubertpietka.bialystok.pl\/index.php?rest_route=\/wp\/v2\/types\/page"}],"author":[{"embeddable":true,"href":"https:\/\/hubertpietka.bialystok.pl\/index.php?rest_route=\/wp\/v2\/users\/1"}],"replies":[{"embeddable":true,"href":"https:\/\/hubertpietka.bialystok.pl\/index.php?rest_route=%2Fwp%2Fv2%2Fcomments&post=1475"}],"version-history":[{"count":3,"href":"https:\/\/hubertpietka.bialystok.pl\/index.php?rest_route=\/wp\/v2\/pages\/1475\/revisions"}],"predecessor-version":[{"id":1478,"href":"https:\/\/hubertpietka.bialystok.pl\/index.php?rest_route=\/wp\/v2\/pages\/1475\/revisions\/1478"}],"wp:attachment":[{"href":"https:\/\/hubertpietka.bialystok.pl\/index.php?rest_route=%2Fwp%2Fv2%2Fmedia&parent=1475"}],"curies":[{"name":"wp","href":"https:\/\/api.w.org\/{rel}","templated":true}]}}