{"id":1479,"date":"2018-07-18T12:25:43","date_gmt":"2018-07-18T12:25:43","guid":{"rendered":"http:\/\/hubertpietka.bialystok.pl\/?page_id=1479"},"modified":"2018-07-18T12:41:35","modified_gmt":"2018-07-18T12:41:35","slug":"dyptyk-zycia-strony-a-emocjonalne-stany","status":"publish","type":"page","link":"https:\/\/hubertpietka.bialystok.pl\/?page_id=1479","title":{"rendered":"Dyptyk &#8211; \u017cycia strony \/ a emocjonalne stany"},"content":{"rendered":"<p style=\"text-align: center;\"><em><strong>Dyptyk &#8211; \u017cycia strony \/ a emocjonalne stany<\/strong><\/em><\/p>\n<p style=\"text-align: left;\"><a href=\"http:\/\/hubertpietka.bialystok.pl\/?page_id=1482\"><em><strong>Ludzka dola<\/strong> <\/em><\/a>\/ a niewola do\u0142a<\/p>\n<p style=\"text-align: left;\"><a href=\"http:\/\/hubertpietka.bialystok.pl\/?page_id=1475\"><em><strong>Mozaika \u017cycia stan\u00f3w <\/strong><\/em><\/a>\/ uk\u0142adanie bas\u00f3w tenor\u00f3w alt\u00f3w i sopran\u00f3w \/<\/p>\n","protected":false},"excerpt":{"rendered":"<p>Dyptyk &#8211; \u017cycia strony \/ a emocjonalne stany Ludzka dola \/ a niewola do\u0142a Mozaika \u017cycia stan\u00f3w \/ uk\u0142adanie bas\u00f3w tenor\u00f3w alt\u00f3w i sopran\u00f3w \/<\/p>\n","protected":false},"author":1,"featured_media":0,"parent":0,"menu_order":0,"comment_status":"closed","ping_status":"closed","template":"","meta":{"footnotes":""},"class_list":["post-1479","page","type-page","status-publish","hentry"],"_links":{"self":[{"href":"https:\/\/hubertpietka.bialystok.pl\/index.php?rest_route=\/wp\/v2\/pages\/1479","targetHints":{"allow":["GET"]}}],"collection":[{"href":"https:\/\/hubertpietka.bialystok.pl\/index.php?rest_route=\/wp\/v2\/pages"}],"about":[{"href":"https:\/\/hubertpietka.bialystok.pl\/index.php?rest_route=\/wp\/v2\/types\/page"}],"author":[{"embeddable":true,"href":"https:\/\/hubertpietka.bialystok.pl\/index.php?rest_route=\/wp\/v2\/users\/1"}],"replies":[{"embeddable":true,"href":"https:\/\/hubertpietka.bialystok.pl\/index.php?rest_route=%2Fwp%2Fv2%2Fcomments&post=1479"}],"version-history":[{"count":3,"href":"https:\/\/hubertpietka.bialystok.pl\/index.php?rest_route=\/wp\/v2\/pages\/1479\/revisions"}],"predecessor-version":[{"id":1488,"href":"https:\/\/hubertpietka.bialystok.pl\/index.php?rest_route=\/wp\/v2\/pages\/1479\/revisions\/1488"}],"wp:attachment":[{"href":"https:\/\/hubertpietka.bialystok.pl\/index.php?rest_route=%2Fwp%2Fv2%2Fmedia&parent=1479"}],"curies":[{"name":"wp","href":"https:\/\/api.w.org\/{rel}","templated":true}]}}