{"id":1502,"date":"2018-07-24T12:42:50","date_gmt":"2018-07-24T12:42:50","guid":{"rendered":"http:\/\/hubertpietka.bialystok.pl\/?page_id=1502"},"modified":"2018-07-24T12:44:39","modified_gmt":"2018-07-24T12:44:39","slug":"niebo-sklon","status":"publish","type":"page","link":"https:\/\/hubertpietka.bialystok.pl\/?page_id=1502","title":{"rendered":"Niebo-sk\u0142on"},"content":{"rendered":"<p><strong><em>Niebo-sk\u0142on<\/em><\/strong><\/p>\n<p>Kiedy \u017ali na mnie nastaj\u0105<br \/>\nWobec nieba si\u0119 sk\u0142aniam<\/p>\n<p>Kiedy na pr\u00f3b\u0119 mnie wystawiaj\u0105<br \/>\nWobec nieba si\u0119 sk\u0142aniam<\/p>\n<p>Kiedy kusz\u0105 dr\u0119cz\u0105 m\u00f3wi\u0105 szyderczo<br \/>\nWobec nieba si\u0119 sk\u0142aniam tylko<\/p>\n<p>Wobec nieba si\u0119 pok\u0142onie<br \/>\nW ka\u017cdej \u017cycia dobie<\/p>\n<p>W ka\u017cdej dobrej lub z\u0142ej chwili<br \/>\nWobec nieba si\u0119 schyl\u0119<\/p>\n<p>Tylko wtedy kiedy sk\u0142aniam wobec nieba g\u0142ow\u0119<br \/>\nJestem w pe\u0142ni sob\u0105<\/p>\n<p>Wobec nieba si\u0119 pochylam<br \/>\nDzi\u0119ki niebu tylko \u017cyj\u0119<\/p>\n<p>Niebu pok\u0142on i robi\u0107 swoje<br \/>\n\u017by\u0107 w niebo-sk\u0142onie<\/p>\n<p>Niebu sk\u0142on<br \/>\nNiebu z siebie dar<\/p>\n<p>Zawsze i wsz\u0119dzie<br \/>\nWobec nieba uni\u017ca\u0107 si\u0119 b\u0119d\u0119<\/p>\n<p>Niebo-sk\u0142onnie patrze\u0107 chc\u0119<br \/>\nW niebosk\u0142onie ja istniej\u0119<\/p>\n<p>Na zdj. Niebo przy Mi\u0142osierdziu Bo\u017cym \/<br \/>\nNiebu ufam \/<br \/>\nNieba szukam \/<br \/>\nNiebem \u017cyj\u0119 \/\/<br \/>\n*Zawsze i wsz\u0119dzie \/<br \/>\nWobec nieba okre\u015bla\u0107 si\u0119 b\u0119d\u0119.<\/p>\n<p><img loading=\"lazy\" decoding=\"async\" class=\"JZUAbb\" src=\"https:\/\/lh3.googleusercontent.com\/-ztI9ZYb6hBw\/W1bbD76DXWI\/AAAAAAAACmE\/97rl14rVJgsU4yNZelyB3oxRKlnwH_2swCJoC\/w530-h398-n\/IMG_20180723_185547.jpg\" alt=\"Zdj\u0119cie\" width=\"530\" height=\"398\" \/><\/p>\n","protected":false},"excerpt":{"rendered":"<p>Niebo-sk\u0142on Kiedy \u017ali na mnie nastaj\u0105 Wobec nieba si\u0119 sk\u0142aniam Kiedy na pr\u00f3b\u0119 mnie wystawiaj\u0105 Wobec nieba si\u0119 sk\u0142aniam Kiedy kusz\u0105 dr\u0119cz\u0105 m\u00f3wi\u0105 szyderczo Wobec&hellip; <\/p>\n","protected":false},"author":1,"featured_media":0,"parent":0,"menu_order":0,"comment_status":"closed","ping_status":"closed","template":"","meta":{"footnotes":""},"class_list":["post-1502","page","type-page","status-publish","hentry"],"_links":{"self":[{"href":"https:\/\/hubertpietka.bialystok.pl\/index.php?rest_route=\/wp\/v2\/pages\/1502","targetHints":{"allow":["GET"]}}],"collection":[{"href":"https:\/\/hubertpietka.bialystok.pl\/index.php?rest_route=\/wp\/v2\/pages"}],"about":[{"href":"https:\/\/hubertpietka.bialystok.pl\/index.php?rest_route=\/wp\/v2\/types\/page"}],"author":[{"embeddable":true,"href":"https:\/\/hubertpietka.bialystok.pl\/index.php?rest_route=\/wp\/v2\/users\/1"}],"replies":[{"embeddable":true,"href":"https:\/\/hubertpietka.bialystok.pl\/index.php?rest_route=%2Fwp%2Fv2%2Fcomments&post=1502"}],"version-history":[{"count":3,"href":"https:\/\/hubertpietka.bialystok.pl\/index.php?rest_route=\/wp\/v2\/pages\/1502\/revisions"}],"predecessor-version":[{"id":1505,"href":"https:\/\/hubertpietka.bialystok.pl\/index.php?rest_route=\/wp\/v2\/pages\/1502\/revisions\/1505"}],"wp:attachment":[{"href":"https:\/\/hubertpietka.bialystok.pl\/index.php?rest_route=%2Fwp%2Fv2%2Fmedia&parent=1502"}],"curies":[{"name":"wp","href":"https:\/\/api.w.org\/{rel}","templated":true}]}}