{"id":1507,"date":"2018-07-24T21:29:08","date_gmt":"2018-07-24T21:29:08","guid":{"rendered":"http:\/\/hubertpietka.bialystok.pl\/?page_id=1507"},"modified":"2018-07-24T21:29:39","modified_gmt":"2018-07-24T21:29:39","slug":"zachodnie-slonce-a-milosierdzie-boze","status":"publish","type":"page","link":"https:\/\/hubertpietka.bialystok.pl\/?page_id=1507","title":{"rendered":"Zachodnie s\u0142o\u0144ce \/ a Mi\u0142osierdzie Bo\u017ce"},"content":{"rendered":"<p><strong><em>Zachodnie s\u0142o\u0144ce \/ a Mi\u0142osierdzie Bo\u017ce<\/em><\/strong><\/p>\n<p>Mi\u0142o\u015b\u0107 w pe\u0142ni blask\u00f3w<br \/>\nWychodzi nam na przeciw<br \/>\nJest na wyci\u0105gni\u0119cie r\u0119ki<\/p>\n<p>Pi\u0119kne kolory Bo\u017cej mi\u0142o\u015bci<br \/>\nChc\u0105 \u017cycie przywr\u00f3ci\u0107<br \/>\n\u015awiat przemieni\u0107<\/p>\n<p>Mo\u017cesz przej\u015b\u0107 obok<br \/>\nWzgardzi\u0107 nie zatrzyma\u0107 si\u0119<br \/>\nWobec mi\u0142o\u015bci kt\u00f3ra daje Siebie<\/p>\n<p>Mo\u017cesz nawet nie odwr\u00f3ci\u0107 si\u0119<br \/>\nI w noc wej\u015b\u0107<br \/>\nOby nie w ca\u0142kowit\u0105 ciemno\u015b\u0107<\/p>\n<p>Jutro zn\u00f3w wstanie blask<br \/>\nMi\u0142osierdzia Bo\u017cego to czas<br \/>\nTylko spojrzyj w zachodz\u0105ce s\u0142o\u0144ce<\/p>\n<p>Odblask Bo\u017cej mi\u0142o\u015bci<\/p>\n<p><em>Na zdj. Zachodz\u0105ce s\u0142o\u0144ce \/<\/em><br \/>\n<em> I w tle Mi\u0142osierdzie Bo\u017ce \/<\/em><br \/>\n<em> Mi\u0142o\u015b\u0107 i pi\u0119kno id\u0105 w parze \/<\/em><br \/>\n<em> Mi\u0142o\u015b\u0107 jest dobrem i prawd\u0105.<\/em><\/p>\n<p><img loading=\"lazy\" decoding=\"async\" class=\"JZUAbb\" src=\"https:\/\/lh3.googleusercontent.com\/-90hU7epk2xU\/W1dx3y5ykHI\/AAAAAAAACqE\/qPm0Q0NSenYs0t_S0u6xHn22pgxmT3eXwCJoC\/w530-h398-n\/IMG_20180724_202428.jpg\" alt=\"Zdj\u0119cie\" width=\"530\" height=\"398\" \/><\/p>\n","protected":false},"excerpt":{"rendered":"<p>Zachodnie s\u0142o\u0144ce \/ a Mi\u0142osierdzie Bo\u017ce Mi\u0142o\u015b\u0107 w pe\u0142ni blask\u00f3w Wychodzi nam na przeciw Jest na wyci\u0105gni\u0119cie r\u0119ki Pi\u0119kne kolory Bo\u017cej mi\u0142o\u015bci Chc\u0105 \u017cycie przywr\u00f3ci\u0107&hellip; <\/p>\n","protected":false},"author":1,"featured_media":0,"parent":0,"menu_order":0,"comment_status":"closed","ping_status":"closed","template":"","meta":{"footnotes":""},"class_list":["post-1507","page","type-page","status-publish","hentry"],"_links":{"self":[{"href":"https:\/\/hubertpietka.bialystok.pl\/index.php?rest_route=\/wp\/v2\/pages\/1507","targetHints":{"allow":["GET"]}}],"collection":[{"href":"https:\/\/hubertpietka.bialystok.pl\/index.php?rest_route=\/wp\/v2\/pages"}],"about":[{"href":"https:\/\/hubertpietka.bialystok.pl\/index.php?rest_route=\/wp\/v2\/types\/page"}],"author":[{"embeddable":true,"href":"https:\/\/hubertpietka.bialystok.pl\/index.php?rest_route=\/wp\/v2\/users\/1"}],"replies":[{"embeddable":true,"href":"https:\/\/hubertpietka.bialystok.pl\/index.php?rest_route=%2Fwp%2Fv2%2Fcomments&post=1507"}],"version-history":[{"count":2,"href":"https:\/\/hubertpietka.bialystok.pl\/index.php?rest_route=\/wp\/v2\/pages\/1507\/revisions"}],"predecessor-version":[{"id":1509,"href":"https:\/\/hubertpietka.bialystok.pl\/index.php?rest_route=\/wp\/v2\/pages\/1507\/revisions\/1509"}],"wp:attachment":[{"href":"https:\/\/hubertpietka.bialystok.pl\/index.php?rest_route=%2Fwp%2Fv2%2Fmedia&parent=1507"}],"curies":[{"name":"wp","href":"https:\/\/api.w.org\/{rel}","templated":true}]}}