{"id":1518,"date":"2018-07-26T05:25:07","date_gmt":"2018-07-26T05:25:07","guid":{"rendered":"http:\/\/hubertpietka.bialystok.pl\/?page_id=1518"},"modified":"2018-07-26T05:28:28","modified_gmt":"2018-07-26T05:28:28","slug":"obrazek-rodzajowy","status":"publish","type":"page","link":"https:\/\/hubertpietka.bialystok.pl\/?page_id=1518","title":{"rendered":"Obrazek rodzajowy \/ na temat z\u0142a jak w\u015bciek\u0142ej osy"},"content":{"rendered":"<p><strong><em>Obrazek rodzajowy \/ na temat z\u0142a jak w\u015bciek\u0142ej osy<br \/>\n<\/em><\/strong><\/p>\n<p>Dzisiaj w moim mieszkaniu<br \/>\nW\u015bciek\u0142a osa szala\u0142a<br \/>\nZosta\u0142a zg\u0142adzona<br \/>\nPrzez paczk\u0119 papieros\u00f3w moich<\/p>\n<p>Z\u0142o jest jak ta osa w\u015bciek\u0142a<br \/>\nRobi du\u017co chaosu i zam\u0119tu<br \/>\nLecz wystarczy czasem jeden zdecydowany ruch<br \/>\nMy\u015bli czyn\u00f3w s\u0142\u00f3w<\/p>\n<p>B\u00f3g dopuszcza dzia\u0142anie z\u0142a<br \/>\nW okre\u015blonych granicach<br \/>\nPodaje tez rozwi\u0105zania do z nim walki<br \/>\nCzasem bardzo proste<\/p>\n<p>Nie jeste\u015bmy w tym sami<br \/>\nB\u00f3g jest z nami<br \/>\nRado\u015bci \u017cycz\u0119<br \/>\nUfno\u015bci mocnej<\/p>\n<p>Pisano w \u015bwi\u0119to Anny Samotrzeciej<br \/>\nBy wiadomym by\u0142o<br \/>\n\u017be jest z nami niebo<br \/>\n\u015awieci Jezus i Maryja<\/p>\n<p><img loading=\"lazy\" decoding=\"async\" class=\"JZUAbb\" src=\"https:\/\/lh3.googleusercontent.com\/-Zms-h_y4DrY\/W1lOgv5pqLI\/AAAAAAAAC3Q\/v2B8-OPwQtUXTcIBwWDPfDFUhquZYuUNgCJoC\/w530-h530-n\/IMG_20180726_061510.jpg\" alt=\"Zdj\u0119cie\" width=\"530\" height=\"530\" \/><\/p>\n<h1 class=\"title style-scope ytd-video-primary-info-renderer\" style=\"text-align: center;\"><a href=\"https:\/\/www.youtube.com\/watch?v=MISK-DCbNKk\"><em>Hey &#8211; Teksa\u0144ski<\/em><\/a><\/h1>\n","protected":false},"excerpt":{"rendered":"<p>Obrazek rodzajowy \/ na temat z\u0142a jak w\u015bciek\u0142ej osy Dzisiaj w moim mieszkaniu W\u015bciek\u0142a osa szala\u0142a Zosta\u0142a zg\u0142adzona Przez paczk\u0119 papieros\u00f3w moich Z\u0142o jest jak&hellip; <\/p>\n","protected":false},"author":1,"featured_media":0,"parent":0,"menu_order":0,"comment_status":"closed","ping_status":"closed","template":"","meta":{"footnotes":""},"class_list":["post-1518","page","type-page","status-publish","hentry"],"_links":{"self":[{"href":"https:\/\/hubertpietka.bialystok.pl\/index.php?rest_route=\/wp\/v2\/pages\/1518","targetHints":{"allow":["GET"]}}],"collection":[{"href":"https:\/\/hubertpietka.bialystok.pl\/index.php?rest_route=\/wp\/v2\/pages"}],"about":[{"href":"https:\/\/hubertpietka.bialystok.pl\/index.php?rest_route=\/wp\/v2\/types\/page"}],"author":[{"embeddable":true,"href":"https:\/\/hubertpietka.bialystok.pl\/index.php?rest_route=\/wp\/v2\/users\/1"}],"replies":[{"embeddable":true,"href":"https:\/\/hubertpietka.bialystok.pl\/index.php?rest_route=%2Fwp%2Fv2%2Fcomments&post=1518"}],"version-history":[{"count":4,"href":"https:\/\/hubertpietka.bialystok.pl\/index.php?rest_route=\/wp\/v2\/pages\/1518\/revisions"}],"predecessor-version":[{"id":1522,"href":"https:\/\/hubertpietka.bialystok.pl\/index.php?rest_route=\/wp\/v2\/pages\/1518\/revisions\/1522"}],"wp:attachment":[{"href":"https:\/\/hubertpietka.bialystok.pl\/index.php?rest_route=%2Fwp%2Fv2%2Fmedia&parent=1518"}],"curies":[{"name":"wp","href":"https:\/\/api.w.org\/{rel}","templated":true}]}}