{"id":1524,"date":"2018-07-27T15:34:59","date_gmt":"2018-07-27T15:34:59","guid":{"rendered":"http:\/\/hubertpietka.bialystok.pl\/?page_id=1524"},"modified":"2018-07-27T15:42:29","modified_gmt":"2018-07-27T15:42:29","slug":"fraszka-wdziecznosci-za-czyny-milosci","status":"publish","type":"page","link":"https:\/\/hubertpietka.bialystok.pl\/?page_id=1524","title":{"rendered":"Fraszka wdzi\u0119czno\u015bci \/ za czyny mi\u0142o\u015bci"},"content":{"rendered":"<p><strong><em>Fraszka wdzi\u0119czno\u015bci \/ za czyny mi\u0142o\u015bci<\/em><\/strong><\/p>\n<p>Ja-pan<br \/>\nChi chi-(ci)-le\/niwcze m\u00f3wi\u0119<br \/>\nSpa(jam)-i-n(ale\/gam)<br \/>\n(W)Stan-y(psi\/lonie)<br \/>\nSwe(we\u017a)-(bie)-ri-(dro)ge odpowiedni\u0105 te\u017c<br \/>\n\/Dzi\u0119kuj\u0119<br \/>\nWszystkim kt\u00f3rzy z wygody swej wstaj\u0105<br \/>\nI w s\u0142usznej sprawie dzia\u0142aj\u0105\/<br \/>\nWszystkim Kraj-(an)-om\/<br \/>\nPan z Wami<\/p>\n<p>Na zdj. Tumany chmurne nad pla\u017c\u0105 w Dojlidach \/<br \/>\nGdzie Bia\u0142ystok nad wod\u0105 wypoczywa \/<br \/>\nSt\u0105d ta fraszka \/<br \/>\nW klimacie letnich igraszek \ud83d\ude42<\/p>\n<p><img loading=\"lazy\" decoding=\"async\" class=\"JZUAbb\" src=\"https:\/\/lh3.googleusercontent.com\/-1ZO0YAoz0pQ\/W1sJxnOv8RI\/AAAAAAAAC-g\/lD176Z4X5VA-2mvF4l0b_IjbAoy-680gQCJoC\/w530-h398-n\/IMG_20180726_175745.jpg\" alt=\"Zdj\u0119cie\" width=\"530\" height=\"398\" \/><\/p>\n<h1 class=\"title style-scope ytd-video-primary-info-renderer\" style=\"text-align: center;\"><a href=\"https:\/\/www.youtube.com\/watch?v=eaHbjnXItXc\"><em>Formacja Nie\u017cywych Schabuff &#8211; Lato<\/em><\/a><\/h1>\n<p style=\"text-align: center;\">\ud83d\ude42<\/p>\n","protected":false},"excerpt":{"rendered":"<p>Fraszka wdzi\u0119czno\u015bci \/ za czyny mi\u0142o\u015bci Ja-pan Chi chi-(ci)-le\/niwcze m\u00f3wi\u0119 Spa(jam)-i-n(ale\/gam) (W)Stan-y(psi\/lonie) Swe(we\u017a)-(bie)-ri-(dro)ge odpowiedni\u0105 te\u017c \/Dzi\u0119kuj\u0119 Wszystkim kt\u00f3rzy z wygody swej wstaj\u0105 I w s\u0142usznej&hellip; <\/p>\n","protected":false},"author":1,"featured_media":0,"parent":0,"menu_order":0,"comment_status":"closed","ping_status":"closed","template":"","meta":{"footnotes":""},"class_list":["post-1524","page","type-page","status-publish","hentry"],"_links":{"self":[{"href":"https:\/\/hubertpietka.bialystok.pl\/index.php?rest_route=\/wp\/v2\/pages\/1524","targetHints":{"allow":["GET"]}}],"collection":[{"href":"https:\/\/hubertpietka.bialystok.pl\/index.php?rest_route=\/wp\/v2\/pages"}],"about":[{"href":"https:\/\/hubertpietka.bialystok.pl\/index.php?rest_route=\/wp\/v2\/types\/page"}],"author":[{"embeddable":true,"href":"https:\/\/hubertpietka.bialystok.pl\/index.php?rest_route=\/wp\/v2\/users\/1"}],"replies":[{"embeddable":true,"href":"https:\/\/hubertpietka.bialystok.pl\/index.php?rest_route=%2Fwp%2Fv2%2Fcomments&post=1524"}],"version-history":[{"count":3,"href":"https:\/\/hubertpietka.bialystok.pl\/index.php?rest_route=\/wp\/v2\/pages\/1524\/revisions"}],"predecessor-version":[{"id":1527,"href":"https:\/\/hubertpietka.bialystok.pl\/index.php?rest_route=\/wp\/v2\/pages\/1524\/revisions\/1527"}],"wp:attachment":[{"href":"https:\/\/hubertpietka.bialystok.pl\/index.php?rest_route=%2Fwp%2Fv2%2Fmedia&parent=1524"}],"curies":[{"name":"wp","href":"https:\/\/api.w.org\/{rel}","templated":true}]}}