{"id":1529,"date":"2018-07-27T15:52:07","date_gmt":"2018-07-27T15:52:07","guid":{"rendered":"http:\/\/hubertpietka.bialystok.pl\/?page_id=1529"},"modified":"2018-07-27T15:53:24","modified_gmt":"2018-07-27T15:53:24","slug":"samotrzecia-anna-i-my","status":"publish","type":"page","link":"https:\/\/hubertpietka.bialystok.pl\/?page_id=1529","title":{"rendered":"Samotrzecia Anna \/ i my"},"content":{"rendered":"<p><strong><em>Samotrzecia Anna \/ i my<\/em><\/strong><\/p>\n<p>Anna Samotrzecia w pewnym uj\u0119ciu<br \/>\nTo rodzina Bogiem silna<br \/>\nGdzie my Jezus i Maryja<br \/>\nRodzina ka\u017cda i wsp\u00f3lnota<br \/>\nNarodu i mi\u0119dzynarodowa<\/p>\n<p>Samotrzeci te\u017c jeste\u015bmy przecie\u017c<br \/>\nW r\u00f3\u017cnych korelacjach<br \/>\nW ka\u017cdym aspekcie<br \/>\nJedno\u015b\u0107 stanowimy<br \/>\nKiedy si\u0119 wsp\u00f3\u0142uzupe\u0142niamy<\/p>\n<p>W sobie wzajemnie trwajmy<br \/>\nJeste\u015bmy za siebie odpowiedzialni<br \/>\n\u0141\u0105czy nas B\u00f3g<br \/>\nOn spaja wsp\u00f3lnotowy ruch<br \/>\nKu sobie wzajem<\/p>\n<p>Anno Samotrzecia<br \/>\nWspieraj czas jedno\u015bci<br \/>\nWe wszystkich aspektach relacyjno\u015bci<br \/>\nWe wszystkich pytaniach i odpowiedziach<br \/>\nWe trwaniu wzajemnie wiernym<\/p>\n<p>Jezus i Maryja<br \/>\nSamotrzeci ludzi sk\u0142adnik<br \/>\nNiezale\u017cnie od naszej liczebno\u015bci<br \/>\nPrzek\u0142ada si\u0119 to na definicj\u0119 wsp\u00f3\u0142bytno\u015bci<br \/>\nWobec siebie w rodzinie Ojczy\u017anie i Wszystkich Krajach<\/p>\n<p>Na zdj. Ksi\u0119\u017cyc na \u017bytniej chyba w pe\u0142ni \/<br \/>\nWszystko dobrze by\u0107 musi na ziemi \/<br \/>\nZ\u0142em nie przejmowa\u0107 zbytnio si\u0119 \/<br \/>\nTylko robi\u0107 swoje pilnie \ud83d\ude42<\/p>\n<p><img loading=\"lazy\" decoding=\"async\" class=\"JZUAbb\" src=\"https:\/\/lh3.googleusercontent.com\/-MUMRKrWjB74\/W1sUEah3nDI\/AAAAAAAADAw\/roZVXRTM6vwsM19JjLy6WHoIVK8q8YvhgCJoC\/w530-h707-n\/IMG_20180726_215709.jpg\" alt=\"Zdj\u0119cie\" width=\"530\" height=\"707\" \/><\/p>\n","protected":false},"excerpt":{"rendered":"<p>Samotrzecia Anna \/ i my Anna Samotrzecia w pewnym uj\u0119ciu To rodzina Bogiem silna Gdzie my Jezus i Maryja Rodzina ka\u017cda i wsp\u00f3lnota Narodu i&hellip; <\/p>\n","protected":false},"author":1,"featured_media":0,"parent":0,"menu_order":0,"comment_status":"closed","ping_status":"closed","template":"","meta":{"footnotes":""},"class_list":["post-1529","page","type-page","status-publish","hentry"],"_links":{"self":[{"href":"https:\/\/hubertpietka.bialystok.pl\/index.php?rest_route=\/wp\/v2\/pages\/1529","targetHints":{"allow":["GET"]}}],"collection":[{"href":"https:\/\/hubertpietka.bialystok.pl\/index.php?rest_route=\/wp\/v2\/pages"}],"about":[{"href":"https:\/\/hubertpietka.bialystok.pl\/index.php?rest_route=\/wp\/v2\/types\/page"}],"author":[{"embeddable":true,"href":"https:\/\/hubertpietka.bialystok.pl\/index.php?rest_route=\/wp\/v2\/users\/1"}],"replies":[{"embeddable":true,"href":"https:\/\/hubertpietka.bialystok.pl\/index.php?rest_route=%2Fwp%2Fv2%2Fcomments&post=1529"}],"version-history":[{"count":3,"href":"https:\/\/hubertpietka.bialystok.pl\/index.php?rest_route=\/wp\/v2\/pages\/1529\/revisions"}],"predecessor-version":[{"id":1532,"href":"https:\/\/hubertpietka.bialystok.pl\/index.php?rest_route=\/wp\/v2\/pages\/1529\/revisions\/1532"}],"wp:attachment":[{"href":"https:\/\/hubertpietka.bialystok.pl\/index.php?rest_route=%2Fwp%2Fv2%2Fmedia&parent=1529"}],"curies":[{"name":"wp","href":"https:\/\/api.w.org\/{rel}","templated":true}]}}