{"id":1534,"date":"2018-07-29T21:12:14","date_gmt":"2018-07-29T21:12:14","guid":{"rendered":"http:\/\/hubertpietka.bialystok.pl\/?page_id=1534"},"modified":"2018-07-29T21:47:40","modified_gmt":"2018-07-29T21:47:40","slug":"ye-rycho-blues-dla-riedla-ryska","status":"publish","type":"page","link":"https:\/\/hubertpietka.bialystok.pl\/?page_id=1534","title":{"rendered":"Ye &#8211; Rycho \/ blues dla Riedla Ry\u015bka"},"content":{"rendered":"<p><strong><em>Ye &#8211; Rycho \/ blues dla Riedla Ry\u015bka<\/em><\/strong><\/p>\n<p><strong><em>Ref.<\/em><\/strong><em> Wierz\u0119 w to co ty<br \/>\n\u017be spe\u0142ni\u0105 si\u0119 o victorii<br \/>\nLudzko\u015bci sny<\/em><\/p>\n<p><strong>1.<\/strong> Kocha\u0107 na pewno umia\u0142e\u015b<br \/>\n\u015awiat zrani\u0142 ci\u0119<br \/>\nW dramacie swego ja \u017cy\u0142e\u015b<br \/>\nLecz sny spe\u0142nia\u0107 pr\u00f3bowa\u0142e\u015b<\/p>\n<p><strong>2.<\/strong> Ludzie kochali cie<br \/>\nBo nie udawa\u0142e\u015b<br \/>\nI kim by\u0107 mog\u0142e\u015b chcia\u0142e\u015b<br \/>\nMimo wszystko by\u0142e\u015b<\/p>\n<p><strong>3.<\/strong> Muzyk\u0119 kocha<br \/>\nDusza dobra<br \/>\nDlatego te\u017c wierz\u0119<br \/>\n\u017be bluesa wy\u015bpiewujesz w niebie<\/p>\n<p><strong>4.<\/strong> Wiesz dobrze<br \/>\nKim dla mnie by\u0142e\u015b<br \/>\nMoja m\u0142odo\u015b\u0107 otworzy\u0142e\u015b<br \/>\nTy mnie wsp\u00f3\u0142tworzy\u0142e\u015b<\/p>\n<p><strong>5.<\/strong> Dzi\u0119kuje ci<br \/>\nJak tylu ludzi<br \/>\nZa serca poruszenia<br \/>\nZa uczu\u0107 zrozumienie<\/p>\n<p><em>29 lipca pisano 2018 roku &#8211; w Bia\u0142ymstoku &#8211; w przeddzie\u0144 24 rocznicy \u015bmierci D\u017cemu frontmana &#8211; Ry\u015bka Riedla<\/em><\/p>\n<p>Na zdj. Niebo jak blues \/<br \/>\nPrzy Mi\u0142osierdziu Bo\u017cym \/<br \/>\nBo muzyk\u0105 \/<br \/>\nNiebo oddycha.<\/p>\n<p><img loading=\"lazy\" decoding=\"async\" class=\"JZUAbb\" src=\"https:\/\/lh3.googleusercontent.com\/-n9wgZ_lwdmQ\/W14p4T3MzXI\/AAAAAAAADd0\/bB0Q-wws2NI_qA8rDlOzEUi6weVk7J--gCJoC\/w530-h398-n\/IMG_20180729_195019.jpg\" alt=\"Zdj\u0119cie\" width=\"530\" height=\"398\" \/><\/p>\n<h1 class=\"title style-scope ytd-video-primary-info-renderer\" style=\"text-align: center;\"><em><a href=\"https:\/\/www.youtube.com\/watch?v=6hCLg4yb52c\">Robert Janowski &#8211; Mury Jerycha<\/a><\/em><\/h1>\n<h1 class=\"title style-scope ytd-video-primary-info-renderer\" style=\"text-align: center;\"><em><a href=\"https:\/\/www.youtube.com\/watch?v=sYHfkOoadfY\"><strong>D\u017cem &#8211; Niewinni i ja<\/strong><\/a><\/em><\/h1>\n<p style=\"text-align: center;\"><em><a href=\"https:\/\/www.youtube.com\/watch?v=dT2HWXD99SM\"><strong>Cree &#8211; Kiedy znowu<\/strong><\/a><\/em><\/p>\n<h1 class=\"title style-scope ytd-video-primary-info-renderer\" style=\"text-align: center;\"><em><a href=\"https:\/\/www.youtube.com\/watch?v=0qWzWAVw0jg\">D\u017cem &#8211; Zapal \u015bwieczk\u0119<\/a><\/em><\/h1>\n","protected":false},"excerpt":{"rendered":"<p>Ye &#8211; Rycho \/ blues dla Riedla Ry\u015bka Ref. Wierz\u0119 w to co ty \u017be spe\u0142ni\u0105 si\u0119 o victorii Ludzko\u015bci sny 1. Kocha\u0107 na pewno&hellip; <\/p>\n","protected":false},"author":1,"featured_media":0,"parent":0,"menu_order":0,"comment_status":"closed","ping_status":"closed","template":"","meta":{"footnotes":""},"class_list":["post-1534","page","type-page","status-publish","hentry"],"_links":{"self":[{"href":"https:\/\/hubertpietka.bialystok.pl\/index.php?rest_route=\/wp\/v2\/pages\/1534","targetHints":{"allow":["GET"]}}],"collection":[{"href":"https:\/\/hubertpietka.bialystok.pl\/index.php?rest_route=\/wp\/v2\/pages"}],"about":[{"href":"https:\/\/hubertpietka.bialystok.pl\/index.php?rest_route=\/wp\/v2\/types\/page"}],"author":[{"embeddable":true,"href":"https:\/\/hubertpietka.bialystok.pl\/index.php?rest_route=\/wp\/v2\/users\/1"}],"replies":[{"embeddable":true,"href":"https:\/\/hubertpietka.bialystok.pl\/index.php?rest_route=%2Fwp%2Fv2%2Fcomments&post=1534"}],"version-history":[{"count":7,"href":"https:\/\/hubertpietka.bialystok.pl\/index.php?rest_route=\/wp\/v2\/pages\/1534\/revisions"}],"predecessor-version":[{"id":1541,"href":"https:\/\/hubertpietka.bialystok.pl\/index.php?rest_route=\/wp\/v2\/pages\/1534\/revisions\/1541"}],"wp:attachment":[{"href":"https:\/\/hubertpietka.bialystok.pl\/index.php?rest_route=%2Fwp%2Fv2%2Fmedia&parent=1534"}],"curies":[{"name":"wp","href":"https:\/\/api.w.org\/{rel}","templated":true}]}}