{"id":1543,"date":"2018-07-29T22:02:24","date_gmt":"2018-07-29T22:02:24","guid":{"rendered":"http:\/\/hubertpietka.bialystok.pl\/?page_id=1543"},"modified":"2018-07-29T22:07:08","modified_gmt":"2018-07-29T22:07:08","slug":"marta-i-ja","status":"publish","type":"page","link":"https:\/\/hubertpietka.bialystok.pl\/?page_id=1543","title":{"rendered":"Marta i ja"},"content":{"rendered":"<p><strong><em>Marta i ja<\/em><\/strong><\/p>\n<p><strong>Intro<\/strong><br \/>\n\/Mar\/ta i \/Mar\/-i-ja<br \/>\nMarta i ja<br \/>\nPani domu i ja<br \/>\n\/Mar\/-sylia<\/p>\n<p>1. Marta Jezusowi pos\u0142ugiwa\u0142a<br \/>\nDobra domu pani<br \/>\nKa\u017cda w\u0142a\u015bciwa praca dla Boga jest potrzebna<br \/>\nOna modlitw\u0119 uzupe\u0142nia<\/p>\n<p>2. Siostr\u0105 pracy jest modlitwa<br \/>\nId\u0105 one razem w parze<br \/>\nKa\u017cde powo\u0142anie w Bogu jest wa\u017cne<br \/>\nUzupe\u0142niaj\u0105 si\u0119 one nawzajem<\/p>\n<p>3. Siostry wskrzeszonego przez Jezusa \u0141azarza Marta i Maria<br \/>\nBez nich ten by\u0142by biedny bardzo<br \/>\nBo imi\u0119 to oznacza te\u017c n\u0119dzarza<br \/>\nZ przypowie\u015bci o nim i bogaczu<\/p>\n<p>4. Przyjaciele Jezusa<br \/>\nUbogi duchem modlitwa i praca<br \/>\nR\u00f3\u017cne aspekty<br \/>\nWa\u017cne z punktu widzenia Bo\u017cego Kr\u00f3lestwa<\/p>\n<p>5. Podania m\u00f3wi\u0105 \u017ce rodzina ta<br \/>\n\u0141odzi\u0105 do Marsylii przyby\u0142a<br \/>\nMarta \u0141azarz i Maria i Marsylia<br \/>\nKt\u00f3ra trzecie \/Mar\/ tu dope\u0142nia<\/p>\n<p>6. Marta te\u017c wed\u0142ug legendy<br \/>\nPokona\u0142a smoka<br \/>\nBo dobra praca<br \/>\nI z\u0142o zwyci\u0119\u017cy<\/p>\n<p>7. Maria Marty potrzebuje<br \/>\nS\u0105 te\u017c z nimi inni ludzie<br \/>\nA Jezus Przyjacielem wtedy jest<br \/>\nZ\u0142o wobec takich postaw nie ostoi si\u0119<\/p>\n<p><strong>End <\/strong><br \/>\nKa\u017cdy dom dobrej gospodyni potrzebuje<br \/>\nOna scala jego struktur\u0119<br \/>\nAby modli\u0107 si\u0119 m\u00f3g\u0142 kto\u015b<br \/>\nKto\u015b inny modlitwy mir buduje od zewn\u0105trz<\/p>\n<p><em>We wspomnienie \u015bw. Marty pisano,<\/em><br \/>\n<em> aby\u00a0 wiadomym by\u0142o:<\/em><br \/>\n<em> &#8211; \u017ce ka\u017cda dobra praca<\/em><br \/>\n<em> &#8211; \u015bwiat ubogaca.<\/em><br \/>\n<em> \/Bia\u0142ystok &#8211; 29 lipiec &#8211; 2018 rok\/<\/em><\/p>\n<p><strong>Na zdj. Zachodnie niebo na dzia\u0142ce \/<\/strong><br \/>\n<strong> Przypomina smoka paradoksalnie \/<\/strong><br \/>\n<strong> Z\u0142o wobec dobrej pracy si\u0119 nie ostoi \/<\/strong><br \/>\n<strong> Z\u0142o pracy i modlitwy si\u0119 boi.<\/strong><br \/>\n<img loading=\"lazy\" decoding=\"async\" class=\"JZUAbb\" src=\"https:\/\/lh3.googleusercontent.com\/-QwPsXGv_siw\/W1z4EoK5BUI\/AAAAAAAADbc\/08vqKgdDn84g5GJxqvGzgzkMcKSK4423ACJoC\/w530-h398-n\/IMG_20180728_194501.jpg\" alt=\"Zdj\u0119cie\" width=\"530\" height=\"398\" \/><\/p>\n","protected":false},"excerpt":{"rendered":"<p>Marta i ja Intro \/Mar\/ta i \/Mar\/-i-ja Marta i ja Pani domu i ja \/Mar\/-sylia 1. Marta Jezusowi pos\u0142ugiwa\u0142a Dobra domu pani Ka\u017cda w\u0142a\u015bciwa praca&hellip; <\/p>\n","protected":false},"author":1,"featured_media":0,"parent":0,"menu_order":0,"comment_status":"closed","ping_status":"closed","template":"","meta":{"footnotes":""},"class_list":["post-1543","page","type-page","status-publish","hentry"],"_links":{"self":[{"href":"https:\/\/hubertpietka.bialystok.pl\/index.php?rest_route=\/wp\/v2\/pages\/1543","targetHints":{"allow":["GET"]}}],"collection":[{"href":"https:\/\/hubertpietka.bialystok.pl\/index.php?rest_route=\/wp\/v2\/pages"}],"about":[{"href":"https:\/\/hubertpietka.bialystok.pl\/index.php?rest_route=\/wp\/v2\/types\/page"}],"author":[{"embeddable":true,"href":"https:\/\/hubertpietka.bialystok.pl\/index.php?rest_route=\/wp\/v2\/users\/1"}],"replies":[{"embeddable":true,"href":"https:\/\/hubertpietka.bialystok.pl\/index.php?rest_route=%2Fwp%2Fv2%2Fcomments&post=1543"}],"version-history":[{"count":5,"href":"https:\/\/hubertpietka.bialystok.pl\/index.php?rest_route=\/wp\/v2\/pages\/1543\/revisions"}],"predecessor-version":[{"id":1548,"href":"https:\/\/hubertpietka.bialystok.pl\/index.php?rest_route=\/wp\/v2\/pages\/1543\/revisions\/1548"}],"wp:attachment":[{"href":"https:\/\/hubertpietka.bialystok.pl\/index.php?rest_route=%2Fwp%2Fv2%2Fmedia&parent=1543"}],"curies":[{"name":"wp","href":"https:\/\/api.w.org\/{rel}","templated":true}]}}