{"id":1553,"date":"2018-07-31T07:47:29","date_gmt":"2018-07-31T07:47:29","guid":{"rendered":"http:\/\/hubertpietka.bialystok.pl\/?page_id=1553"},"modified":"2018-07-31T07:59:50","modified_gmt":"2018-07-31T07:59:50","slug":"jablonki-z-44-roku","status":"publish","type":"page","link":"https:\/\/hubertpietka.bialystok.pl\/?page_id=1553","title":{"rendered":"Jab\u0142onki \/ z 44"},"content":{"rendered":"<p><strong><em>Jab\u0142onki \/ z 44<br \/>\n<\/em><\/strong><\/p>\n<p>Byli pi\u0119kni i m\u0142odzi<br \/>\nPe\u0142ni o\u017cywczych sok\u00f3w<br \/>\nZrodzili du\u017co wspania\u0142ych owoc\u00f3w<br \/>\nPowsta\u0144cy Warszawscy Armii Krajowej<br \/>\nJak jab\u0142onki m\u0142ode<\/p>\n<p>Du\u017co ich by\u0142o<br \/>\nOfiar\u0119 z swych m\u0142odych lat z\u0142o\u017cyli<br \/>\nBy na gruzach spalonej Warszawy<br \/>\nNiczym spustoszonego sadu<br \/>\nPowsta\u0142a nowa Polska<br \/>\nWreszcie zwyci\u0119ska<\/p>\n<p>Ja-b\u0142oni-ak<br \/>\nJa &#8211; b\u0142onka AK<br \/>\nPrzywo\u0142uj\u0119 rok 44<br \/>\nPod os\u0142on\u0105 ofiar tego czasu<br \/>\nWzywam Was<br \/>\nJu\u017c czas<br \/>\nAby powsta\u0142a nowa Polska w nas<\/p>\n<p><em>Na zdj. Jab\u0142onka przy s\u0105siednim bloku \/<\/em><br \/>\n<em> *W przeddzie\u0144 74 rocznicy \/<\/em><br \/>\n<em> Wybuchu Powstania Warszawskiego pisano \/<\/em><br \/>\n<em> Aby by\u0142o wiadomo \/<\/em><br \/>\n<em> \u017be Polska pami\u0119ta \/<\/em><br \/>\n<em> Ofiar\u0119 ich lat m\u0142odych.<\/em><\/p>\n<p><img loading=\"lazy\" decoding=\"async\" class=\"JZUAbb\" src=\"https:\/\/lh3.googleusercontent.com\/-3DSskBv1i9Q\/W2AQLBfpxsI\/AAAAAAAADgQ\/91Qb8Jx6v24IJ_w6pHi6738DwudTvHFBQCJoC\/w530-h398-n\/IMG_20180731_084344.jpg\" alt=\"Zdj\u0119cie\" width=\"530\" height=\"398\" \/><\/p>\n<h1 class=\"title style-scope ytd-video-primary-info-renderer\" style=\"text-align: center;\"><a href=\"https:\/\/www.youtube.com\/watch?v=ovlvjOoTi7s\"><em>Sabaton &#8211; Uprising<\/em><\/a><\/h1>\n","protected":false},"excerpt":{"rendered":"<p>Jab\u0142onki \/ z 44 Byli pi\u0119kni i m\u0142odzi Pe\u0142ni o\u017cywczych sok\u00f3w Zrodzili du\u017co wspania\u0142ych owoc\u00f3w Powsta\u0144cy Warszawscy Armii Krajowej Jak jab\u0142onki m\u0142ode Du\u017co ich by\u0142o&hellip; <\/p>\n","protected":false},"author":1,"featured_media":0,"parent":0,"menu_order":0,"comment_status":"closed","ping_status":"closed","template":"","meta":{"footnotes":""},"class_list":["post-1553","page","type-page","status-publish","hentry"],"_links":{"self":[{"href":"https:\/\/hubertpietka.bialystok.pl\/index.php?rest_route=\/wp\/v2\/pages\/1553","targetHints":{"allow":["GET"]}}],"collection":[{"href":"https:\/\/hubertpietka.bialystok.pl\/index.php?rest_route=\/wp\/v2\/pages"}],"about":[{"href":"https:\/\/hubertpietka.bialystok.pl\/index.php?rest_route=\/wp\/v2\/types\/page"}],"author":[{"embeddable":true,"href":"https:\/\/hubertpietka.bialystok.pl\/index.php?rest_route=\/wp\/v2\/users\/1"}],"replies":[{"embeddable":true,"href":"https:\/\/hubertpietka.bialystok.pl\/index.php?rest_route=%2Fwp%2Fv2%2Fcomments&post=1553"}],"version-history":[{"count":6,"href":"https:\/\/hubertpietka.bialystok.pl\/index.php?rest_route=\/wp\/v2\/pages\/1553\/revisions"}],"predecessor-version":[{"id":1560,"href":"https:\/\/hubertpietka.bialystok.pl\/index.php?rest_route=\/wp\/v2\/pages\/1553\/revisions\/1560"}],"wp:attachment":[{"href":"https:\/\/hubertpietka.bialystok.pl\/index.php?rest_route=%2Fwp%2Fv2%2Fmedia&parent=1553"}],"curies":[{"name":"wp","href":"https:\/\/api.w.org\/{rel}","templated":true}]}}