{"id":1561,"date":"2018-08-05T12:37:42","date_gmt":"2018-08-05T12:37:42","guid":{"rendered":"http:\/\/hubertpietka.bialystok.pl\/?page_id=1561"},"modified":"2018-08-05T12:40:13","modified_gmt":"2018-08-05T12:40:13","slug":"sanctus","status":"publish","type":"page","link":"https:\/\/hubertpietka.bialystok.pl\/?page_id=1561","title":{"rendered":"Sanctus"},"content":{"rendered":"<p><strong><em>Sanctus <\/em><\/strong><\/p>\n<p>Dzi\u0119ki Ci Panie za chwile<br \/>\nKiedy podnosisz mnie<br \/>\nNa \u015awiadectwo dla nich<\/p>\n<p>Dzi\u0119ki Ci te\u017c za ten krzy\u017c<br \/>\nOn jest probierz<br \/>\nMego trwania w Tobie<\/p>\n<p>Dzi\u0119ki za wszystko Ci<br \/>\nJedynie Ty jeste\u015b \u015bwi\u0119ty<br \/>\nDo ko\u0144ca i ca\u0142kowicie dobry<\/p>\n<p>Tylko Ty jeste\u015b \u017ar\u00f3d\u0142em i oparciem<br \/>\nMych sn\u00f3w i pragnie\u0144<br \/>\nBo Ty jeste\u015b B\u00f3g Autor mych dr\u00f3g<\/p>\n<p>Za wszystko dzi\u0119kuj\u0119 Ci<br \/>\nR\u00f3wnie\u017c za r\u00f3\u017cne doliny i g\u00f3ry<br \/>\nKt\u00f3re Ty wype\u0142niasz Duchem Swym<\/p>\n<p>Wszystko jest \u0142ask\u0105 Tw\u0105<br \/>\nNawet je\u015bli inni nie rozumiej\u0105 tego<br \/>\nTy wszystko prostujesz w mym krwiobiegu<\/p>\n<p>Wszystko jest darem<br \/>\nCo przeznaczone dla mnie<br \/>\nBo w tym p\u0142yn\u0105 moje dni wobec Twej chwa\u0142y<\/p>\n<p>\u0141ask\u0105 Tw\u0105 przemienione te\u017c b\u0119d\u0105 one<br \/>\nOne (1) czyli raz na zawsze<\/p>\n<p><em>Na zdj. Kaplica si\u00f3str franciszkanek od cierpi\u0105cych \/<\/em><br \/>\n<em> Ko\u015bci\u00f3\u0142 miejscem uniesie\u0144 ducha jest \u015bwi\u0119tym \/<\/em><br \/>\n<em> Tam gdzie Eucharystia \/<\/em><br \/>\n<em> Tam mi\u0142o\u015b\u0107 i dobro rozkwita.<\/em><\/p>\n<p><img loading=\"lazy\" decoding=\"async\" class=\"JZUAbb\" src=\"https:\/\/lh3.googleusercontent.com\/-z1C1Bh-n0QI\/W2bkndzs2pI\/AAAAAAAAEBQ\/4_qPaqAiK9EzbbaUhQTONBC6ql9-IleGgCJoC\/w530-h398-n\/IMG_20180805_090415.jpg\" alt=\"Zdj\u0119cie\" width=\"530\" height=\"398\" \/><\/p>\n","protected":false},"excerpt":{"rendered":"<p>Sanctus Dzi\u0119ki Ci Panie za chwile Kiedy podnosisz mnie Na \u015awiadectwo dla nich Dzi\u0119ki Ci te\u017c za ten krzy\u017c On jest probierz Mego trwania w&hellip; <\/p>\n","protected":false},"author":1,"featured_media":0,"parent":0,"menu_order":0,"comment_status":"closed","ping_status":"closed","template":"","meta":{"footnotes":""},"class_list":["post-1561","page","type-page","status-publish","hentry"],"_links":{"self":[{"href":"https:\/\/hubertpietka.bialystok.pl\/index.php?rest_route=\/wp\/v2\/pages\/1561","targetHints":{"allow":["GET"]}}],"collection":[{"href":"https:\/\/hubertpietka.bialystok.pl\/index.php?rest_route=\/wp\/v2\/pages"}],"about":[{"href":"https:\/\/hubertpietka.bialystok.pl\/index.php?rest_route=\/wp\/v2\/types\/page"}],"author":[{"embeddable":true,"href":"https:\/\/hubertpietka.bialystok.pl\/index.php?rest_route=\/wp\/v2\/users\/1"}],"replies":[{"embeddable":true,"href":"https:\/\/hubertpietka.bialystok.pl\/index.php?rest_route=%2Fwp%2Fv2%2Fcomments&post=1561"}],"version-history":[{"count":4,"href":"https:\/\/hubertpietka.bialystok.pl\/index.php?rest_route=\/wp\/v2\/pages\/1561\/revisions"}],"predecessor-version":[{"id":1565,"href":"https:\/\/hubertpietka.bialystok.pl\/index.php?rest_route=\/wp\/v2\/pages\/1561\/revisions\/1565"}],"wp:attachment":[{"href":"https:\/\/hubertpietka.bialystok.pl\/index.php?rest_route=%2Fwp%2Fv2%2Fmedia&parent=1561"}],"curies":[{"name":"wp","href":"https:\/\/api.w.org\/{rel}","templated":true}]}}