{"id":1567,"date":"2018-08-07T15:02:26","date_gmt":"2018-08-07T15:02:26","guid":{"rendered":"http:\/\/hubertpietka.bialystok.pl\/?page_id=1567"},"modified":"2018-08-07T15:05:15","modified_gmt":"2018-08-07T15:05:15","slug":"bozy-gwaltownicy","status":"publish","type":"page","link":"https:\/\/hubertpietka.bialystok.pl\/?page_id=1567","title":{"rendered":"Bo\u017cy gwa\u0142townicy"},"content":{"rendered":"<p><strong><em>Bo\u017cy gwa\u0142townicy<\/em><\/strong><\/p>\n<p>Kto zdobywa \u015bwiat dla Chrystusa<br \/>\nGwa\u0142townicy Boga<\/p>\n<p>Kto o Chrystusie z moc\u0105 \u015bwiadczy<br \/>\nBo\u017cy gwa\u0142townicy paradoksalnie<\/p>\n<p>\u015awiat nie jest czarno-bia\u0142y<br \/>\nMa r\u00f3\u017cne kolory<br \/>\nPodobnie wn\u0119trze cz\u0142owieka<br \/>\nKt\u00f3re jest reakcj\u0105 na to co si\u0119 dzieje<\/p>\n<p>Gwa\u0142towno\u015b\u0107 Bo\u017ca<br \/>\nNie oznacza od razu braku pokory<br \/>\nLecz jest poddaniem si\u0119 prawdzie czasu i wydarze\u0144<br \/>\nI odpowiedzi\u0105 na nie<\/p>\n<p>Bo nie wszystko trzeba<br \/>\nW bawe\u0142n\u0119 ubiera\u0107<\/p>\n<p>Ob\u0142udnie i kulturalnie<br \/>\nTe\u017c zarazem da si\u0119<\/p>\n<p>Dzi\u0119kuje Ci Panie za nerwy<br \/>\nDzi\u0119ki nim nie mo\u017cna mnie zamkn\u0105\u0107 do konserwy<\/p>\n<p>Za emocje dzi\u0119kuj\u0119 Ci Panie<br \/>\nOne sprawiaj\u0105<br \/>\n\u017be m\u00f3j \u015bwiat jest bardziej kolorowy<br \/>\nOdbija Oblicze Bo\u017ce<\/p>\n<p>Na zdj. Wieczorne nad Czyst\u0105 niebo wczoraj \/<br \/>\nNiebo pi\u0119knie maluje rzeczywisto\u015b\u0107 swoj\u0105 \/<br \/>\nEmocje oczyszcza\u0107 si\u0119 potrzebuj\u0105 \/<br \/>\nW prawdzie prze\u017cywa\u0107 \u015bwiat ludzie chc\u0105.<\/p>\n<p><img loading=\"lazy\" decoding=\"async\" class=\"JZUAbb\" src=\"https:\/\/lh3.googleusercontent.com\/-BBoOFiEQF8I\/W2mUKnpSWCI\/AAAAAAAAEM0\/Wa6uRWN98C86CkyaSnA3Wg6YNKbCaTCdQCJoC\/w530-h398-n\/IMG_20180806_200922.jpg\" alt=\"Zdj\u0119cie\" width=\"530\" height=\"398\" \/><\/p>\n<h1 class=\"title style-scope ytd-video-primary-info-renderer\" style=\"text-align: center;\"><a href=\"https:\/\/www.youtube.com\/watch?v=QRxH-II0OsA\"><em><strong>M\u0119skie Granie Orkiestra 2018 (Kortez, Podsiad\u0142o, Zalewski)<\/strong><\/em><\/a><\/h1>\n","protected":false},"excerpt":{"rendered":"<p>Bo\u017cy gwa\u0142townicy Kto zdobywa \u015bwiat dla Chrystusa Gwa\u0142townicy Boga Kto o Chrystusie z moc\u0105 \u015bwiadczy Bo\u017cy gwa\u0142townicy paradoksalnie \u015awiat nie jest czarno-bia\u0142y Ma r\u00f3\u017cne kolory&hellip; <\/p>\n","protected":false},"author":1,"featured_media":0,"parent":0,"menu_order":0,"comment_status":"closed","ping_status":"closed","template":"","meta":{"footnotes":""},"class_list":["post-1567","page","type-page","status-publish","hentry"],"_links":{"self":[{"href":"https:\/\/hubertpietka.bialystok.pl\/index.php?rest_route=\/wp\/v2\/pages\/1567","targetHints":{"allow":["GET"]}}],"collection":[{"href":"https:\/\/hubertpietka.bialystok.pl\/index.php?rest_route=\/wp\/v2\/pages"}],"about":[{"href":"https:\/\/hubertpietka.bialystok.pl\/index.php?rest_route=\/wp\/v2\/types\/page"}],"author":[{"embeddable":true,"href":"https:\/\/hubertpietka.bialystok.pl\/index.php?rest_route=\/wp\/v2\/users\/1"}],"replies":[{"embeddable":true,"href":"https:\/\/hubertpietka.bialystok.pl\/index.php?rest_route=%2Fwp%2Fv2%2Fcomments&post=1567"}],"version-history":[{"count":3,"href":"https:\/\/hubertpietka.bialystok.pl\/index.php?rest_route=\/wp\/v2\/pages\/1567\/revisions"}],"predecessor-version":[{"id":1570,"href":"https:\/\/hubertpietka.bialystok.pl\/index.php?rest_route=\/wp\/v2\/pages\/1567\/revisions\/1570"}],"wp:attachment":[{"href":"https:\/\/hubertpietka.bialystok.pl\/index.php?rest_route=%2Fwp%2Fv2%2Fmedia&parent=1567"}],"curies":[{"name":"wp","href":"https:\/\/api.w.org\/{rel}","templated":true}]}}