{"id":1586,"date":"2018-08-08T21:26:54","date_gmt":"2018-08-08T21:26:54","guid":{"rendered":"http:\/\/hubertpietka.bialystok.pl\/?page_id=1586"},"modified":"2018-08-08T21:27:16","modified_gmt":"2018-08-08T21:27:16","slug":"1586-2","status":"publish","type":"page","link":"https:\/\/hubertpietka.bialystok.pl\/?page_id=1586","title":{"rendered":"Psy Pana \/ Domini canes"},"content":{"rendered":"<p><em><strong>Psy Pana \/ Domini canes<\/strong><\/em><\/p>\n<p>Psy Pana<br \/>\nS\u00f3l S\u0142owa Bo\u017cego p(o)sy\/pana<\/p>\n<p>Pana s\u0142owem i czynem g\u0142osz\u0105<br \/>\nKaznodzieje \u017cycia Bogiem<\/p>\n<p>(Ho)psa-Pan-a (ja) \ud83d\ude42<br \/>\nPanem si\u0119 ciesz\u0119<br \/>\nA On kocha te\u017c mnie<\/p>\n<p>Psem Pana czy wilkiem by\u0107<br \/>\nJedno \u017ar\u00f3d\u0142o<br \/>\nR\u00f3\u017cne wyrazy<\/p>\n<p>Wiernie s\u0142u\u017cy\u0107<br \/>\nWe wsp\u00f3lnocie<br \/>\nLub samotnie<\/p>\n<p>Pana wypatrywa\u0107<br \/>\nI\u015b\u0107 do Niego zawsze drogami swymi<\/p>\n<p>Panu zawsze wierzy\u0107<br \/>\nPrzy nim sta\u0107 na posterunku<br \/>\nBronic Go wobec zagro\u017ce\u0144 r\u00f3\u017cnych<\/p>\n<p>Pan te\u017c na psy swe zawsze patrzy<br \/>\nKarmi je S\u0142owem i prowadzi<\/p>\n<p>Przyjacielem jest<br \/>\nO swoich zawsze dba<br \/>\nBlisko Niego zawsze s\u0105 psy Pana<\/p>\n<p>One Pana kochaj\u0105<br \/>\nPan je zachowuje<br \/>\nWzajemna obrona<br \/>\nPan i psy Pana<\/p>\n<p>Ja pies<br \/>\nBy\u0107 tam<br \/>\nGdzie<br \/>\nPan jest \ud83d\ude42<\/p>\n<p>Na zdj. Dumeczka m\u00f3j pies \/<br \/>\nJa i on lubimy by\u0107 razem \/<br \/>\n*Kto psa ma wiernego \/<br \/>\nZrozumie s\u0142owa wiersza tego \ud83d\ude42<\/p>\n<p><img loading=\"lazy\" decoding=\"async\" class=\"JZUAbb\" src=\"https:\/\/lh3.googleusercontent.com\/-WEgwQblNZTE\/W2qkSsoVyFI\/AAAAAAAAEPM\/Bc4mgji-dFw61sWSMFC8I1s-psMaXQrmQCJoC\/w530-h707-n\/IMG_20180808_093700.jpg\" alt=\"Zdj\u0119cie\" width=\"530\" height=\"707\" \/><\/p>\n<h1 class=\"title style-scope ytd-video-primary-info-renderer\" style=\"text-align: center;\"><a href=\"https:\/\/www.youtube.com\/watch?v=_j6DwFwmV98\"><em>Puszek Okruszek &#8211; N. Kukulska<\/em><\/a><\/h1>\n<p style=\"text-align: center;\">\ud83d\ude42<\/p>\n","protected":false},"excerpt":{"rendered":"<p>Psy Pana \/ Domini canes Psy Pana S\u00f3l S\u0142owa Bo\u017cego p(o)sy\/pana Pana s\u0142owem i czynem g\u0142osz\u0105 Kaznodzieje \u017cycia Bogiem (Ho)psa-Pan-a (ja) \ud83d\ude42 Panem si\u0119 ciesz\u0119&hellip; <\/p>\n","protected":false},"author":1,"featured_media":0,"parent":0,"menu_order":0,"comment_status":"closed","ping_status":"closed","template":"","meta":{"footnotes":""},"class_list":["post-1586","page","type-page","status-publish","hentry"],"_links":{"self":[{"href":"https:\/\/hubertpietka.bialystok.pl\/index.php?rest_route=\/wp\/v2\/pages\/1586","targetHints":{"allow":["GET"]}}],"collection":[{"href":"https:\/\/hubertpietka.bialystok.pl\/index.php?rest_route=\/wp\/v2\/pages"}],"about":[{"href":"https:\/\/hubertpietka.bialystok.pl\/index.php?rest_route=\/wp\/v2\/types\/page"}],"author":[{"embeddable":true,"href":"https:\/\/hubertpietka.bialystok.pl\/index.php?rest_route=\/wp\/v2\/users\/1"}],"replies":[{"embeddable":true,"href":"https:\/\/hubertpietka.bialystok.pl\/index.php?rest_route=%2Fwp%2Fv2%2Fcomments&post=1586"}],"version-history":[{"count":2,"href":"https:\/\/hubertpietka.bialystok.pl\/index.php?rest_route=\/wp\/v2\/pages\/1586\/revisions"}],"predecessor-version":[{"id":1588,"href":"https:\/\/hubertpietka.bialystok.pl\/index.php?rest_route=\/wp\/v2\/pages\/1586\/revisions\/1588"}],"wp:attachment":[{"href":"https:\/\/hubertpietka.bialystok.pl\/index.php?rest_route=%2Fwp%2Fv2%2Fmedia&parent=1586"}],"curies":[{"name":"wp","href":"https:\/\/api.w.org\/{rel}","templated":true}]}}