{"id":1592,"date":"2018-08-09T16:48:10","date_gmt":"2018-08-09T16:48:10","guid":{"rendered":"http:\/\/hubertpietka.bialystok.pl\/?page_id=1592"},"modified":"2018-08-09T16:48:10","modified_gmt":"2018-08-09T16:48:10","slug":"czterdziesci-i-cztery","status":"publish","type":"page","link":"https:\/\/hubertpietka.bialystok.pl\/?page_id=1592","title":{"rendered":"Czterdzie\u015bci i cztery"},"content":{"rendered":"<p><strong><em>Czterdzie\u015bci i cztery<\/em><\/strong><\/p>\n<p><strong>40<\/strong><br \/>\nLiczba lat moich<br \/>\n<strong>4<\/strong><br \/>\nZ \u017con\u0105 liczba lat \u015blubnych<\/p>\n<p><strong>44<\/strong><\/p>\n<p>Dope\u0142nienie<br \/>\n\u017bona moja<br \/>\nBez niej<br \/>\nNie by\u0142oby mnie<\/p>\n<p><strong>4+4<br \/>\n<\/strong><br \/>\n8 to liczba cz\u0142owieka<br \/>\nStworzonego<br \/>\nJako m\u0119\u017cczyzna i kobieta<br \/>\nMa\u0142\u017ce\u0144stwo<\/p>\n<p><strong>4&#215;4<\/strong><\/p>\n<p>To dobra wsp\u00f3\u0142praca<br \/>\nCzysta i prosta obojga<br \/>\nMoc sakramentu Boga<\/p>\n<p><strong>4(0) i 4<\/strong><\/p>\n<p>R\u00f3wnowa\u017cy si\u0119<br \/>\nI dobrze brzmi tylko razem<br \/>\nKobieta i m\u0119\u017cczyzna<br \/>\nOczyszczaj\u0105cy sw\u00f3j zwi\u0105zek<\/p>\n<p><strong>4:4<\/strong><\/p>\n<p>Jedno\u015b\u0107\u00a0 tworz\u0105<br \/>\nW Bogu jedno stanowi\u0105<br \/>\nCzysto\u015b\u0107 prostopad\u0142a<br \/>\nPotencja\u0142em dla wszystkich dobra<\/p>\n<p><strong>44<\/strong><\/p>\n<p>Przyjmiesz czy odrzucisz<br \/>\nPotwierdzisz czy zaprzeczysz<br \/>\nDla ciebie to<br \/>\nZiarno<\/p>\n<p><em>Na zdj. Poprzeczne pr\u0119gi \/<br \/>\nNa Jezusie Mi\u0142osiernym \/<br \/>\nW naszym domu \/<br \/>\nJezu ufam Tobie.<\/em><\/p>\n<p><img loading=\"lazy\" decoding=\"async\" class=\"JZUAbb\" src=\"https:\/\/lh3.googleusercontent.com\/-JRm2Pni50ZM\/W2wXCVovgtI\/AAAAAAAAESY\/P2QqFSVIMRYJdw9SeXSC-bgKkwsT9laCACJoC\/w530-h398-n\/IMG_20180809_120918.jpg\" alt=\"Zdj\u0119cie\" width=\"530\" height=\"398\" \/><\/p>\n","protected":false},"excerpt":{"rendered":"<p>Czterdzie\u015bci i cztery 40 Liczba lat moich 4 Z \u017con\u0105 liczba lat \u015blubnych 44 Dope\u0142nienie \u017bona moja Bez niej Nie by\u0142oby mnie 4+4 8 to&hellip; <\/p>\n","protected":false},"author":1,"featured_media":0,"parent":0,"menu_order":0,"comment_status":"closed","ping_status":"closed","template":"","meta":{"footnotes":""},"class_list":["post-1592","page","type-page","status-publish","hentry"],"_links":{"self":[{"href":"https:\/\/hubertpietka.bialystok.pl\/index.php?rest_route=\/wp\/v2\/pages\/1592","targetHints":{"allow":["GET"]}}],"collection":[{"href":"https:\/\/hubertpietka.bialystok.pl\/index.php?rest_route=\/wp\/v2\/pages"}],"about":[{"href":"https:\/\/hubertpietka.bialystok.pl\/index.php?rest_route=\/wp\/v2\/types\/page"}],"author":[{"embeddable":true,"href":"https:\/\/hubertpietka.bialystok.pl\/index.php?rest_route=\/wp\/v2\/users\/1"}],"replies":[{"embeddable":true,"href":"https:\/\/hubertpietka.bialystok.pl\/index.php?rest_route=%2Fwp%2Fv2%2Fcomments&post=1592"}],"version-history":[{"count":1,"href":"https:\/\/hubertpietka.bialystok.pl\/index.php?rest_route=\/wp\/v2\/pages\/1592\/revisions"}],"predecessor-version":[{"id":1593,"href":"https:\/\/hubertpietka.bialystok.pl\/index.php?rest_route=\/wp\/v2\/pages\/1592\/revisions\/1593"}],"wp:attachment":[{"href":"https:\/\/hubertpietka.bialystok.pl\/index.php?rest_route=%2Fwp%2Fv2%2Fmedia&parent=1592"}],"curies":[{"name":"wp","href":"https:\/\/api.w.org\/{rel}","templated":true}]}}