{"id":1595,"date":"2018-08-10T16:47:32","date_gmt":"2018-08-10T16:47:32","guid":{"rendered":"http:\/\/hubertpietka.bialystok.pl\/?page_id=1595"},"modified":"2018-08-10T16:59:31","modified_gmt":"2018-08-10T16:59:31","slug":"sierpien","status":"publish","type":"page","link":"https:\/\/hubertpietka.bialystok.pl\/?page_id=1595","title":{"rendered":"Sierpie\u0144"},"content":{"rendered":"<p><strong><em>Sierpie\u0144 <\/em><\/strong><\/p>\n<p><strong>1.<\/strong> Ile polskich pi\u0119knych istnie\u0144<br \/>\n\u015aci\u0119tych zosta\u0142o w tym miesi\u0105cu<br \/>\nW historii Polski<\/p>\n<p>Warszawskie Powstanie<br \/>\nP\u0142onie Polski stolica<br \/>\nA sowieci za Wis\u0142\u0105 stali<br \/>\nI a\u017c zgliszcza dogorej\u0105 czekali<\/p>\n<p>Oni s\u0105 zaniechania winni<br \/>\nOni s\u0105 za te zbrodnie wsp\u00f3\u0142odpowiedzialni<\/p>\n<p>Sierp i m\u0142ot Polskie istnienia wsp\u00f3\u0142starli<br \/>\nNic nie robi\u0105c<br \/>\nZ premedytacj\u0105<\/p>\n<p><strong>2.<\/strong> Pomi\u0119dzy \u015bw. Teres\u0105 Benedykt\u0105 od Krzy\u017ca<br \/>\nA \u015bw. Maksymilianem<br \/>\nSierpie\u0144 m\u0119cze\u0144stwa<br \/>\nPolskich \u015bwi\u0119tych<\/p>\n<p>Hitlerowskie obozy zag\u0142ady<br \/>\nInne m\u0119czennik\u00f3w historie<br \/>\nZbrodnie niemieckie podobne<\/p>\n<p>M\u0119cze\u0144stwa wybranych<br \/>\nDzieje polskiej historii Ko\u015bcio\u0142a dope\u0142niaj\u0105<\/p>\n<p>A pomi\u0119dzy nimi<br \/>\nW liturgii \u015bw. Wawrzyniec<br \/>\nBo ka\u017cde m\u0119cze\u0144stwo zwie\u0144cza<br \/>\nWawrzyn zwyci\u0119stwa<\/p>\n<p><strong>3.<\/strong> M\u0119cze\u0144stwo r\u00f3\u017cny wyraz ma<br \/>\nW sierpniu Uroczysto\u015b\u0107 Maryi Wniebowzi\u0119cia<br \/>\nOna zabita nie zosta\u0142a<br \/>\nNawet nie umar\u0142a<\/p>\n<p>A jednak to Ona pod krzy\u017cem stala<br \/>\nZ Chrystusem wsp\u00f3\u0142cierpia\u0142a wsp\u00f3\u0142bola\u0142a<\/p>\n<p>I razem z Nim<br \/>\n\u015awiat zbawia<br \/>\nWsp\u00f3\u0142odkupicielk\u0105 J\u0105 sie nazywa<\/p>\n<p>Bo m\u0119cze\u0144stwem te\u017c \u017cycie jest<br \/>\nZdaj\u0105ce na Wol\u0119 Bo\u017c\u0105 si\u0119<br \/>\nNios\u0105ce sw\u00f3j krzy\u017c w wierze<\/p>\n<p>Wiara zbawienie niesie<br \/>\nUmiera\u0107 tez mo\u017cna r\u00f3\u017cnie<br \/>\nNa przyk\u0142ad dla grzechu<br \/>\nWtedy z tego ziarna<br \/>\nPowstaje nowy cz\u0142owiek<\/p>\n<p><strong>4.<\/strong> Sierpie\u0144 to te\u017c \u017cniwa wielkie<br \/>\nPan robotnik\u00f3w posy\u0142a<br \/>\nDo pracy dla Bo\u017cego Kr\u00f3lestwa<\/p>\n<p>Oni dla Pana sie trudz\u0105<br \/>\nZiarna siej\u0105 dla ludzi<br \/>\nOne sw\u00f3j plon przynosz\u0105<br \/>\nNa \u017cniwo Bo\u017cego czasu<\/p>\n<p>Ziarno wtedy obumiera<br \/>\nGdy cz\u0142owiek grzech odrzuca<br \/>\nWtedy rodzi si\u0119 on na nowo<br \/>\nW nim zakwita Bo\u017cego Kr\u00f3lestwa ogr\u00f3d<\/p>\n<p><strong>5.<\/strong> Sierpie\u0144<br \/>\nM\u0119cze\u0144stwa miesi\u0105c<br \/>\nW historii Polski i polskim Ko\u015bciele<br \/>\nPlon obfity<br \/>\nAle tez przecie\u017c<\/p>\n<p>Sierp m\u0119cze\u0144stwa<br \/>\nTo tak\u017ce \u017cycie dobre<br \/>\nI dobra nie zaniechanie<br \/>\nKrzy\u017c codziennego w Bogu trwania<br \/>\nZ kt\u00f3rego powstaj\u0105 nowe dla Bo\u017cego Kr\u00f3lestwa ziarna<\/p>\n<p>Wreszcie sierp sie zapuszcza<br \/>\nDla wszelkich dzia\u0142a\u0144 wobec Pana<br \/>\nZ nich nowe k\u0142osy powstaj\u0105<br \/>\nKt\u00f3re w Bogu owocuj\u0105<\/p>\n<p><strong>6.<\/strong> Wreszcie sierpie\u0144<br \/>\nTo zrywy Solidarno\u015bci<br \/>\nJednoczenie sie ludzi<br \/>\nWok\u00f3\u0142 dobrych warto\u015bci<\/p>\n<p>To tak\u017ce Polski historia<br \/>\nI zdrada braci tak\u017ce niestety tutaj<br \/>\nBo tam gdzie dobra wi\u0119cej jest<br \/>\nTam paradoksalnie<br \/>\nZ\u0142o wzmaga si\u0119 te\u017c<\/p>\n<p>Zaniechanie i zdrada<br \/>\nTo najgorsze oblicze z\u0142a<br \/>\nWsp\u00f3lnicy zbrodni to<\/p>\n<p><strong>7.<\/strong> Ciche \u017cycia m\u0119cze\u0144stwo<br \/>\nWierne niesienie krzy\u017ca swego<br \/>\n\u017bniwo swe zbierze<br \/>\nW Bogu ono jest pi\u0119kne<\/p>\n<p>Sierp tego \u017cniwa<br \/>\nDo innych si\u0119 odnosi<br \/>\nJako \u017cywy przyk\u0142ad<br \/>\nKrzy\u017ca wiernego<\/p>\n<p>Dlatego wawrzyn takiego<br \/>\nM\u0119cze\u0144stwa cichego<br \/>\nPi\u0119kny b\u0119dzie<br \/>\nNa miar\u0119 krzy\u017ca niesionego<\/p>\n<p>Bogaty sierpie\u0144 jest<br \/>\nW krzy\u017c<br \/>\nZwyci\u0119stwo tu\u017c<\/p>\n<p><em>Na zdj. Wiejski obrazek \/<\/em><br \/>\n<em> Gniazda bocianie \/<\/em><br \/>\n<em> Ojczyzna to takie gniazdo \/<\/em><br \/>\n<em> Kt\u00f3rego broni\u0107 trzeba zawsze.<\/em><\/p>\n<p><img loading=\"lazy\" decoding=\"async\" class=\"JZUAbb\" src=\"https:\/\/lh3.googleusercontent.com\/-VRlVrheo1lM\/W22oo2iaCdI\/AAAAAAAAEWo\/DKoGrs3EZPY8vrAYp4JnYNSXDQHqRELXgCJoC\/w530-h398-n\/IMG_20180809_160413.jpg\" alt=\"Zdj\u0119cie\" width=\"530\" height=\"398\" \/><\/p>\n<h1 class=\"title style-scope ytd-video-primary-info-renderer\" style=\"text-align: center;\"><a href=\"https:\/\/www.youtube.com\/watch?v=mkW6Kri5rEA\"><em>Jacek Kaczmarski &#8211; Czo\u0142g<\/em><\/a><\/h1>\n<h1 class=\"title style-scope ytd-video-primary-info-renderer\" style=\"text-align: center;\"><em><a href=\"https:\/\/www.youtube.com\/watch?v=dtpReI_P-zU\">Jan Pietrzak &#8211; Nielegalne Kwiaty, Zakazany Krzy\u017c<\/a><\/em><\/h1>\n","protected":false},"excerpt":{"rendered":"<p>Sierpie\u0144 1. Ile polskich pi\u0119knych istnie\u0144 \u015aci\u0119tych zosta\u0142o w tym miesi\u0105cu W historii Polski Warszawskie Powstanie P\u0142onie Polski stolica A sowieci za Wis\u0142\u0105 stali I&hellip; <\/p>\n","protected":false},"author":1,"featured_media":0,"parent":0,"menu_order":0,"comment_status":"closed","ping_status":"closed","template":"","meta":{"footnotes":""},"class_list":["post-1595","page","type-page","status-publish","hentry"],"_links":{"self":[{"href":"https:\/\/hubertpietka.bialystok.pl\/index.php?rest_route=\/wp\/v2\/pages\/1595","targetHints":{"allow":["GET"]}}],"collection":[{"href":"https:\/\/hubertpietka.bialystok.pl\/index.php?rest_route=\/wp\/v2\/pages"}],"about":[{"href":"https:\/\/hubertpietka.bialystok.pl\/index.php?rest_route=\/wp\/v2\/types\/page"}],"author":[{"embeddable":true,"href":"https:\/\/hubertpietka.bialystok.pl\/index.php?rest_route=\/wp\/v2\/users\/1"}],"replies":[{"embeddable":true,"href":"https:\/\/hubertpietka.bialystok.pl\/index.php?rest_route=%2Fwp%2Fv2%2Fcomments&post=1595"}],"version-history":[{"count":5,"href":"https:\/\/hubertpietka.bialystok.pl\/index.php?rest_route=\/wp\/v2\/pages\/1595\/revisions"}],"predecessor-version":[{"id":1600,"href":"https:\/\/hubertpietka.bialystok.pl\/index.php?rest_route=\/wp\/v2\/pages\/1595\/revisions\/1600"}],"wp:attachment":[{"href":"https:\/\/hubertpietka.bialystok.pl\/index.php?rest_route=%2Fwp%2Fv2%2Fmedia&parent=1595"}],"curies":[{"name":"wp","href":"https:\/\/api.w.org\/{rel}","templated":true}]}}