{"id":1609,"date":"2018-08-27T22:32:00","date_gmt":"2018-08-27T22:32:00","guid":{"rendered":"http:\/\/hubertpietka.bialystok.pl\/?page_id=1609"},"modified":"2018-08-27T22:36:45","modified_gmt":"2018-08-27T22:36:45","slug":"1609-2","status":"publish","type":"page","link":"https:\/\/hubertpietka.bialystok.pl\/?page_id=1609","title":{"rendered":"Katalogi grzech\u00f3w \/ a godno\u015b\u0107 cz\u0142owieka"},"content":{"rendered":"<p><strong><em>Katalogi grzech\u00f3w \/ a godno\u015b\u0107 cz\u0142owieka<\/em><\/strong><\/p>\n<p>Grzechy przeciw Dekalogowi<br \/>\nPrzeciw Przykazaniu Mi\u0142o\u015bci<br \/>\nPrzeciw \u017cyciu zdrowiu i czysto\u015bci<\/p>\n<p>Istotne jest nauczanie o nich<br \/>\nLecz wa\u017cniejszy jest w tym cz\u0142owiek<\/p>\n<p>W tym sensie \u017ce grzech<br \/>\nNie powinien przys\u0142ania\u0107 tego<br \/>\n\u017ce cz\u0142owiek dzieckiem Bo\u017cym jest<\/p>\n<p>Nale\u017cy nazywa\u0107 i negowa\u0107 z\u0142o<br \/>\nLecz trzeba te\u017c wspiera\u0107 ka\u017cde dobro<\/p>\n<p>Nie przekre\u015bla\u0107 cz\u0142owieka ze wzgl\u0119du na grzechy<br \/>\nLecz cz\u0142owiecze\u0144stwo jego w nim odbudowywa\u0107<\/p>\n<p>Ukierunkowywa\u0107 potencja\u0142 jego<br \/>\nBy dobra drog\u0119 wybiera\u0142<br \/>\nA z\u0142o zostawia\u0142 za sob\u0105<\/p>\n<p>W ten spos\u00f3b on sam<br \/>\nDo Boga b\u0119dzie si\u0119 przybli\u017ca\u0142<\/p>\n<p>B\u00f3g te\u017c nie pot\u0119pia cz\u0142owieka p\u00f3ki \u017cyje on<br \/>\nM\u00f3wi delikatnie tylko do niego<\/p>\n<p>Id\u017a i nie grzesz wi\u0119cej ju\u017c<br \/>\nDo Mnie si\u0119 tylko troch\u0119 przybli\u017c<\/p>\n<p>A Ja mam dla ciebie drog\u0119<br \/>\nPrawdziwej mi\u0142o\u015bci dobroci i wolno\u015bci<\/p>\n<p>B\u00f3g nieustannie m\u00f3wi Mi zaufaj<br \/>\nCicho prosi pos\u0142uchaj Ja ciebie ci\u0105gle szukam<\/p>\n<p>Mnie nie odrzucaj<br \/>\nJa ci\u0119 kocham<\/p>\n<p>Nie trzeba pot\u0119pia\u0107 cz\u0142owieka<br \/>\nNegowa\u0107 i nazywa\u0107 trzeba grzechy<br \/>\nLecz w pokorze<br \/>\nBo ka\u017cdego grzech dosi\u0119gn\u0105\u0107 mo\u017ce<\/p>\n<p><em>Na zdj. Figurka modl\u0105cego si\u0119 cz\u0142owieka \/<\/em><br \/>\n<em> W Stopnicy przy ko\u015bciele \u015bw. Piotra i Paw\u0142a \/<\/em><br \/>\n<em> Pi\u0119kny jest cz\u0142owiek do Boga zwracaj\u0105cy si\u0119 \/<\/em><br \/>\n<em> B\u00f3g o\u017cywia i odnawia jego wn\u0119trze.<\/em><\/p>\n<p><img loading=\"lazy\" decoding=\"async\" class=\"JZUAbb\" src=\"https:\/\/lh3.googleusercontent.com\/-qz8qcfWnsfE\/W3x8SXrlf9I\/AAAAAAAAFbk\/SzYJYdOy1qQc1FmhcXT6XNQJ3C1MmQ-swCJoC\/w530-h398-n\/IMG_20180814_075954.jpg\" alt=\"Zdj\u0119cie\" width=\"530\" height=\"398\" \/><\/p>\n","protected":false},"excerpt":{"rendered":"<p>Katalogi grzech\u00f3w \/ a godno\u015b\u0107 cz\u0142owieka Grzechy przeciw Dekalogowi Przeciw Przykazaniu Mi\u0142o\u015bci Przeciw \u017cyciu zdrowiu i czysto\u015bci Istotne jest nauczanie o nich Lecz wa\u017cniejszy jest&hellip; <\/p>\n","protected":false},"author":1,"featured_media":0,"parent":0,"menu_order":0,"comment_status":"closed","ping_status":"closed","template":"","meta":{"footnotes":""},"class_list":["post-1609","page","type-page","status-publish","hentry"],"_links":{"self":[{"href":"https:\/\/hubertpietka.bialystok.pl\/index.php?rest_route=\/wp\/v2\/pages\/1609","targetHints":{"allow":["GET"]}}],"collection":[{"href":"https:\/\/hubertpietka.bialystok.pl\/index.php?rest_route=\/wp\/v2\/pages"}],"about":[{"href":"https:\/\/hubertpietka.bialystok.pl\/index.php?rest_route=\/wp\/v2\/types\/page"}],"author":[{"embeddable":true,"href":"https:\/\/hubertpietka.bialystok.pl\/index.php?rest_route=\/wp\/v2\/users\/1"}],"replies":[{"embeddable":true,"href":"https:\/\/hubertpietka.bialystok.pl\/index.php?rest_route=%2Fwp%2Fv2%2Fcomments&post=1609"}],"version-history":[{"count":6,"href":"https:\/\/hubertpietka.bialystok.pl\/index.php?rest_route=\/wp\/v2\/pages\/1609\/revisions"}],"predecessor-version":[{"id":1615,"href":"https:\/\/hubertpietka.bialystok.pl\/index.php?rest_route=\/wp\/v2\/pages\/1609\/revisions\/1615"}],"wp:attachment":[{"href":"https:\/\/hubertpietka.bialystok.pl\/index.php?rest_route=%2Fwp%2Fv2%2Fmedia&parent=1609"}],"curies":[{"name":"wp","href":"https:\/\/api.w.org\/{rel}","templated":true}]}}