{"id":1617,"date":"2018-08-27T23:09:45","date_gmt":"2018-08-27T23:09:45","guid":{"rendered":"http:\/\/hubertpietka.bialystok.pl\/?page_id=1617"},"modified":"2018-08-27T23:41:25","modified_gmt":"2018-08-27T23:41:25","slug":"mamo-ma-mama-i-ja","status":"publish","type":"page","link":"https:\/\/hubertpietka.bialystok.pl\/?page_id=1617","title":{"rendered":"Mamo ma \/ mama i ja"},"content":{"rendered":"<p><strong><em>Mamo ma \/ mama i ja<\/em><\/strong><\/p>\n<p>mamo ma<br \/>\nmam\u0119 mam i ja<br \/>\nnawet dwie<br \/>\nto ju\u017c mamona jest<\/p>\n<p>mama a ona<br \/>\nmamona<br \/>\nmam mamy<br \/>\njestem bogaty<\/p>\n<p><em>(raz dwa mama ziemska<\/em><br \/>\n<em> a Maryja to Trzy<\/em><br \/>\n<em> Mama Niebieska<\/em><br \/>\n<em> Manna Kr\u00f3lewska)<\/em><\/p>\n<p>mamy one<br \/>\nto bogactwo<br \/>\nniepoliczone<\/p>\n<p>wra\u017cych wra\u017ce\u0144<br \/>\nwa\u017ckich zdarze\u0144<br \/>\ngorzkich s\u0142\u00f3w<\/p>\n<p>bo moje synostwo<br \/>\nczasem syn ostro<\/p>\n<p>a mama\u0142yga<br \/>\nmama jak \u0142odyga<\/p>\n<p>ma ma ma<br \/>\nco czasem ma<br \/>\nskurcze i syna \ud83d\ude42<\/p>\n<p>&nbsp;<\/p>\n<p style=\"text-align: center;\"><em>Pisano po dniu \u015bwi\u0119tej Moniki,<\/em><br \/>\n<em> kt\u00f3ra nieustannie modlitw\u0105 swego syna kocha\u0142a,<\/em><br \/>\n<em> by mamy wiedzia\u0142y,<\/em><br \/>\n<em> \u017ce mimo wszystko s\u0105 przez swe dzieci kochane.<br \/>\n<\/em><\/p>\n","protected":false},"excerpt":{"rendered":"<p>Mamo ma \/ mama i ja mamo ma mam\u0119 mam i ja nawet dwie to ju\u017c mamona jest mama a ona mamona mam mamy jestem&hellip; <\/p>\n","protected":false},"author":1,"featured_media":0,"parent":0,"menu_order":0,"comment_status":"closed","ping_status":"closed","template":"","meta":{"footnotes":""},"class_list":["post-1617","page","type-page","status-publish","hentry"],"_links":{"self":[{"href":"https:\/\/hubertpietka.bialystok.pl\/index.php?rest_route=\/wp\/v2\/pages\/1617","targetHints":{"allow":["GET"]}}],"collection":[{"href":"https:\/\/hubertpietka.bialystok.pl\/index.php?rest_route=\/wp\/v2\/pages"}],"about":[{"href":"https:\/\/hubertpietka.bialystok.pl\/index.php?rest_route=\/wp\/v2\/types\/page"}],"author":[{"embeddable":true,"href":"https:\/\/hubertpietka.bialystok.pl\/index.php?rest_route=\/wp\/v2\/users\/1"}],"replies":[{"embeddable":true,"href":"https:\/\/hubertpietka.bialystok.pl\/index.php?rest_route=%2Fwp%2Fv2%2Fcomments&post=1617"}],"version-history":[{"count":5,"href":"https:\/\/hubertpietka.bialystok.pl\/index.php?rest_route=\/wp\/v2\/pages\/1617\/revisions"}],"predecessor-version":[{"id":1622,"href":"https:\/\/hubertpietka.bialystok.pl\/index.php?rest_route=\/wp\/v2\/pages\/1617\/revisions\/1622"}],"wp:attachment":[{"href":"https:\/\/hubertpietka.bialystok.pl\/index.php?rest_route=%2Fwp%2Fv2%2Fmedia&parent=1617"}],"curies":[{"name":"wp","href":"https:\/\/api.w.org\/{rel}","templated":true}]}}