{"id":1624,"date":"2018-08-28T11:05:25","date_gmt":"2018-08-28T11:05:25","guid":{"rendered":"http:\/\/hubertpietka.bialystok.pl\/?page_id=1624"},"modified":"2018-08-28T11:15:24","modified_gmt":"2018-08-28T11:15:24","slug":"inka","status":"publish","type":"page","link":"https:\/\/hubertpietka.bialystok.pl\/?page_id=1624","title":{"rendered":"Inka"},"content":{"rendered":"<p><strong><em>Inka <\/em><\/strong><\/p>\n<p>Inka nie by\u0142a inna<br \/>\nBy\u0142a zwyk\u0142\u0105 dziewczyn\u0105<br \/>\nLecz wychowan\u0105 z tradycj\u0105 polsk\u0105 w zgodzie<br \/>\nI \u017cyj\u0105c\u0105 warto\u015bciami niezbywalnymi cnocie<\/p>\n<p>To by\u0142o jej naturalne \u015brodowisko<br \/>\nKt\u00f3re przedwojenna niepodleg\u0142a Polska<br \/>\nZaszczepia\u0142a w swych dzieciach<br \/>\nI szko\u0142a i rodzina w s\u0142u\u017cbie wielkich czyn\u00f3w<\/p>\n<p>Mimo swych lat m\u0142odych<br \/>\nOddala swe \u017cycie za Polsk\u0119<br \/>\nNiech \u017cyje Polska zawo\u0142a\u0142a<br \/>\nBy\u015b ty m\u00f3g\u0142 \u017cy\u0107 w wolnym kraju<\/p>\n<p>A co ty zrobi\u0142by\u015b w podobnej sytuacji<br \/>\nJak kszta\u0142tujesz swe wn\u0119trze i postawy<br \/>\nWe wsp\u00f3\u0142czesnym chaosie<br \/>\nCzy zawo\u0142a\u0142by\u015b podobnym g\u0142osem<\/p>\n<p><em>Na zdj. Pomnik Inki &#8211; m\u0142odej sanitariuszki \/<\/em><br \/>\n<em> Na bia\u0142ostockim skwerze Lecha i Marii Kaczy\u0144skich \/<\/em><br \/>\n<em> Zachowa\u0142a si\u0119 jak trzeba &#8211; jak powiedzia\u0142a \/<\/em><br \/>\n<em> Cho\u0107 do \u0142atwych rzeczy to nie nale\u017ca\u0142o.<\/em><\/p>\n<p><strong>*Dzisiaj rocznica \u015bmierci Inki jest, st\u0105d ten wiersz.<\/strong><\/p>\n<p><img loading=\"lazy\" decoding=\"async\" class=\"JZUAbb\" src=\"https:\/\/lh3.googleusercontent.com\/-6xgXy7a2Svg\/W4UjGNX3jEI\/AAAAAAAAFuU\/PdtOEQrqFWo5AidmIYELZXPaa0lKQV7ygCJoC\/w530-h707-n\/IMG_20180827_090315.jpg\" alt=\"Zdj\u0119cie\" width=\"530\" height=\"707\" \/><\/p>\n<h1 class=\"title style-scope ytd-video-primary-info-renderer\" style=\"text-align: center;\"><em><a href=\"https:\/\/www.youtube.com\/watch?v=QvqLy88OPJ4\">Kasia Malejonek &#8211; Jedna Chwila &#8211; Panny Wykl\u0119te (Inka)<\/a><\/em><\/h1>\n<h1 class=\"title style-scope ytd-video-primary-info-renderer\" style=\"text-align: center;\"><a href=\"https:\/\/www.youtube.com\/watch?v=nYZO716ekKk\"><em>Wsta\u0144 i walcz &#8211; Kasia Kowalska &amp; Maleo Reggae Rockers<\/em><\/a><\/h1>\n","protected":false},"excerpt":{"rendered":"<p>Inka Inka nie by\u0142a inna By\u0142a zwyk\u0142\u0105 dziewczyn\u0105 Lecz wychowan\u0105 z tradycj\u0105 polsk\u0105 w zgodzie I \u017cyj\u0105c\u0105 warto\u015bciami niezbywalnymi cnocie To by\u0142o jej naturalne \u015brodowisko&hellip; <\/p>\n","protected":false},"author":1,"featured_media":0,"parent":0,"menu_order":0,"comment_status":"closed","ping_status":"closed","template":"","meta":{"footnotes":""},"class_list":["post-1624","page","type-page","status-publish","hentry"],"_links":{"self":[{"href":"https:\/\/hubertpietka.bialystok.pl\/index.php?rest_route=\/wp\/v2\/pages\/1624","targetHints":{"allow":["GET"]}}],"collection":[{"href":"https:\/\/hubertpietka.bialystok.pl\/index.php?rest_route=\/wp\/v2\/pages"}],"about":[{"href":"https:\/\/hubertpietka.bialystok.pl\/index.php?rest_route=\/wp\/v2\/types\/page"}],"author":[{"embeddable":true,"href":"https:\/\/hubertpietka.bialystok.pl\/index.php?rest_route=\/wp\/v2\/users\/1"}],"replies":[{"embeddable":true,"href":"https:\/\/hubertpietka.bialystok.pl\/index.php?rest_route=%2Fwp%2Fv2%2Fcomments&post=1624"}],"version-history":[{"count":4,"href":"https:\/\/hubertpietka.bialystok.pl\/index.php?rest_route=\/wp\/v2\/pages\/1624\/revisions"}],"predecessor-version":[{"id":1628,"href":"https:\/\/hubertpietka.bialystok.pl\/index.php?rest_route=\/wp\/v2\/pages\/1624\/revisions\/1628"}],"wp:attachment":[{"href":"https:\/\/hubertpietka.bialystok.pl\/index.php?rest_route=%2Fwp%2Fv2%2Fmedia&parent=1624"}],"curies":[{"name":"wp","href":"https:\/\/api.w.org\/{rel}","templated":true}]}}