{"id":1630,"date":"2018-08-29T09:53:26","date_gmt":"2018-08-29T09:53:26","guid":{"rendered":"http:\/\/hubertpietka.bialystok.pl\/?page_id=1630"},"modified":"2018-08-29T10:10:06","modified_gmt":"2018-08-29T10:10:06","slug":"osiolek-pana-boga","status":"publish","type":"page","link":"https:\/\/hubertpietka.bialystok.pl\/?page_id=1630","title":{"rendered":"Osio\u0142ek Pana Boga"},"content":{"rendered":"<p><em><strong>Osio\u0142ek Pana Boga<\/strong> <\/em><\/p>\n<p><strong>1.<\/strong> Ja jestem tylko osio\u0142kiem Pana<br \/>\nM\u00f3wi\u0119 co w usta mi wk\u0142ada<\/p>\n<p>Kaza\u0142e\u015b innym depta\u0107 mi po g\u0142owie<br \/>\nCzy mam odda\u0107 to czego nie wzi\u0105\u0142em<\/p>\n<p><strong>2.<\/strong> Jestem jak osio\u0142ek proroka Balaama<br \/>\nBijecie mnie kiedy Pan rozkazuje mi stan\u0105\u0107<\/p>\n<p>A kiedy przem\u00f3wi\u0119 to si\u0119 dziwicie<br \/>\nA przecie\u017c stoi przed wami anio\u0142 z ognistym mieczem<\/p>\n<p><strong>3.<\/strong> Jestem tylko osio\u0142kiem Pana<br \/>\nD\u017awigam wasze ci\u0119\u017cary<\/p>\n<p>I tylko modl\u0119 si\u0119 w duchu<br \/>\nWykonuj\u0119 te prace dla lepszego \u015bwiata<\/p>\n<p><em>Na zdj. Dumka i Inka \/<\/em><br \/>\n<em> Zdj\u0119cie zrobione przez osio\u0142ka \/<\/em><br \/>\n<em> Albo hipopotama \/<\/em><br \/>\n<em> Nie wa\u017cne bo ca\u0142y jestem Pana.<\/em><\/p>\n<p><img loading=\"lazy\" decoding=\"async\" class=\"JZUAbb\" src=\"https:\/\/lh3.googleusercontent.com\/-Cd2lUJYm40U\/W4Znm3IV6KI\/AAAAAAAAFyA\/po4vgvXL4T89s5CHg4Ll4gNB-lPECW-cwCJoC\/w530-h707-n\/IMG_20180827_090303.jpg\" alt=\"Zdj\u0119cie\" width=\"530\" height=\"707\" \/><\/p>\n<h1 class=\"title style-scope ytd-video-primary-info-renderer\" style=\"text-align: center;\"><a href=\"https:\/\/www.youtube.com\/watch?v=SDN6KZBTtf8\"><em>Wo\u0142ek i osio\u0142ek<\/em><\/a><\/h1>\n<h1 class=\"title style-scope ytd-video-primary-info-renderer\" style=\"text-align: center;\"><a href=\"https:\/\/www.youtube.com\/watch?v=HGe6kV4v5cw\"><em>Tu stoj\u0105 krokodyle &#8211; schola Duszki<\/em><\/a><\/h1>\n<h1 class=\"title style-scope ytd-video-primary-info-renderer\" style=\"text-align: center;\"><a href=\"https:\/\/www.youtube.com\/watch?v=_1m936btzYI\"><em>\u015aDM 2016 &#8211; Tak Tak Panie! (Yes My Lord!)<\/em><\/a><\/h1>\n","protected":false},"excerpt":{"rendered":"<p>Osio\u0142ek Pana Boga 1. Ja jestem tylko osio\u0142kiem Pana M\u00f3wi\u0119 co w usta mi wk\u0142ada Kaza\u0142e\u015b innym depta\u0107 mi po g\u0142owie Czy mam odda\u0107 to&hellip; <\/p>\n","protected":false},"author":1,"featured_media":0,"parent":0,"menu_order":0,"comment_status":"closed","ping_status":"closed","template":"","meta":{"footnotes":""},"class_list":["post-1630","page","type-page","status-publish","hentry"],"_links":{"self":[{"href":"https:\/\/hubertpietka.bialystok.pl\/index.php?rest_route=\/wp\/v2\/pages\/1630","targetHints":{"allow":["GET"]}}],"collection":[{"href":"https:\/\/hubertpietka.bialystok.pl\/index.php?rest_route=\/wp\/v2\/pages"}],"about":[{"href":"https:\/\/hubertpietka.bialystok.pl\/index.php?rest_route=\/wp\/v2\/types\/page"}],"author":[{"embeddable":true,"href":"https:\/\/hubertpietka.bialystok.pl\/index.php?rest_route=\/wp\/v2\/users\/1"}],"replies":[{"embeddable":true,"href":"https:\/\/hubertpietka.bialystok.pl\/index.php?rest_route=%2Fwp%2Fv2%2Fcomments&post=1630"}],"version-history":[{"count":6,"href":"https:\/\/hubertpietka.bialystok.pl\/index.php?rest_route=\/wp\/v2\/pages\/1630\/revisions"}],"predecessor-version":[{"id":1636,"href":"https:\/\/hubertpietka.bialystok.pl\/index.php?rest_route=\/wp\/v2\/pages\/1630\/revisions\/1636"}],"wp:attachment":[{"href":"https:\/\/hubertpietka.bialystok.pl\/index.php?rest_route=%2Fwp%2Fv2%2Fmedia&parent=1630"}],"curies":[{"name":"wp","href":"https:\/\/api.w.org\/{rel}","templated":true}]}}