{"id":1638,"date":"2018-09-01T04:42:27","date_gmt":"2018-09-01T04:42:27","guid":{"rendered":"http:\/\/hubertpietka.bialystok.pl\/?page_id=1638"},"modified":"2018-09-01T04:46:40","modified_gmt":"2018-09-01T04:46:40","slug":"wrzesien","status":"publish","type":"page","link":"https:\/\/hubertpietka.bialystok.pl\/?page_id=1638","title":{"rendered":"Wrzesie\u0144"},"content":{"rendered":"<p><strong><em>Wrzesie\u0144<\/em><\/strong><\/p>\n<p>6 i 3 to dziewi\u0119\u0107<br \/>\nCzyli wrzesie\u0144<br \/>\nLiczba demona i Boga<br \/>\nWalka niesko\u0144czona<\/p>\n<p>39 rok<br \/>\nKampania wrze\u015bniowa<br \/>\n3 i 3 + 6<br \/>\nPodw\u00f3jna liczba Boga<br \/>\nLub 6 + 6<br \/>\nSzata\u0144skie dzie\u0142o powt\u00f3rzone<\/p>\n<p>Napa\u015b\u0107 hitlerowskich Niemiec na Polsk\u0119<br \/>\nZdradziecki cios w plecy Rosji sowieckiej<\/p>\n<p>6 lat druga apokalipsa trwa\u0142a<br \/>\nDzie\u0142o szatana<\/p>\n<p>A potem Polska<br \/>\nI nie tylko Polska<br \/>\nZosta\u0142a pogr\u0105\u017cona w sowieckich odm\u0119tach<\/p>\n<p>B\u0142\u0119dy komunizmu do dzisiaj trwaj\u0105<br \/>\nMatka Bo\u017ca Fatimska na to wskaza\u0142a<\/p>\n<p>Min\u0119\u0142y 4 pokolenia<br \/>\n\u015awiat powinien zacz\u0105\u0107 ju\u017c si\u0119 zmienia\u0107<br \/>\nBo 4 to liczba cz\u0142owieka<br \/>\nB\u00f3g czeka<\/p>\n<p><em>Na zdj. Przed\u015bwit na \u017bytniej dzi\u015b \/<\/em><br \/>\n<em> Z chmur 6 liczba szatana \/<\/em><br \/>\n<em> I 3 od g\u00f3ry odwr\u00f3cona \/<\/em><br \/>\n<em> B\u00f3g z nieba spogl\u0105da i czeka \/<\/em><br \/>\n<em> Na nawr\u00f3cenie cz\u0142owieka.<\/em><\/p>\n<p><img loading=\"lazy\" decoding=\"async\" class=\"JZUAbb\" src=\"https:\/\/lh3.googleusercontent.com\/-lRsG82Ygn28\/W4oScGHKeGI\/AAAAAAAAF14\/2be5gbN1fG07qSoCtgu0Iyt2MyEcqnxEgCJoC\/w530-h398-n\/IMG_20180901_053253.jpg\" alt=\"Zdj\u0119cie\" width=\"530\" height=\"398\" \/><\/p>\n<h1 class=\"title style-scope ytd-video-primary-info-renderer\" style=\"text-align: center;\"><a href=\"https:\/\/www.youtube.com\/watch?v=lapcXxxhwRE\"><em>Oka &#8211; wojskowa piosenka, 1 Dywizja im. Tadeusza Ko\u015bciuszki w Sielcach nad Ok\u0105<\/em><\/a><\/h1>\n","protected":false},"excerpt":{"rendered":"<p>Wrzesie\u0144 6 i 3 to dziewi\u0119\u0107 Czyli wrzesie\u0144 Liczba demona i Boga Walka niesko\u0144czona 39 rok Kampania wrze\u015bniowa 3 i 3 + 6 Podw\u00f3jna liczba&hellip; <\/p>\n","protected":false},"author":1,"featured_media":0,"parent":0,"menu_order":0,"comment_status":"closed","ping_status":"closed","template":"","meta":{"footnotes":""},"class_list":["post-1638","page","type-page","status-publish","hentry"],"_links":{"self":[{"href":"https:\/\/hubertpietka.bialystok.pl\/index.php?rest_route=\/wp\/v2\/pages\/1638","targetHints":{"allow":["GET"]}}],"collection":[{"href":"https:\/\/hubertpietka.bialystok.pl\/index.php?rest_route=\/wp\/v2\/pages"}],"about":[{"href":"https:\/\/hubertpietka.bialystok.pl\/index.php?rest_route=\/wp\/v2\/types\/page"}],"author":[{"embeddable":true,"href":"https:\/\/hubertpietka.bialystok.pl\/index.php?rest_route=\/wp\/v2\/users\/1"}],"replies":[{"embeddable":true,"href":"https:\/\/hubertpietka.bialystok.pl\/index.php?rest_route=%2Fwp%2Fv2%2Fcomments&post=1638"}],"version-history":[{"count":4,"href":"https:\/\/hubertpietka.bialystok.pl\/index.php?rest_route=\/wp\/v2\/pages\/1638\/revisions"}],"predecessor-version":[{"id":1642,"href":"https:\/\/hubertpietka.bialystok.pl\/index.php?rest_route=\/wp\/v2\/pages\/1638\/revisions\/1642"}],"wp:attachment":[{"href":"https:\/\/hubertpietka.bialystok.pl\/index.php?rest_route=%2Fwp%2Fv2%2Fmedia&parent=1638"}],"curies":[{"name":"wp","href":"https:\/\/api.w.org\/{rel}","templated":true}]}}