{"id":1644,"date":"2018-09-01T05:02:29","date_gmt":"2018-09-01T05:02:29","guid":{"rendered":"http:\/\/hubertpietka.bialystok.pl\/?page_id=1644"},"modified":"2018-09-01T05:06:49","modified_gmt":"2018-09-01T05:06:49","slug":"konsolidacje-przelomu-sierpnia-i-wrzesnia-lata-i-jesieni","status":"publish","type":"page","link":"https:\/\/hubertpietka.bialystok.pl\/?page_id=1644","title":{"rendered":"Konsolidacje prze\u0142omu \/ sierpnia i wrze\u015bnia \/ lata i jesieni"},"content":{"rendered":"<p><strong><em>Konsolidacje prze\u0142omu \/<br \/>\nsierpnia i wrze\u015bnia \/<br \/>\nlata i jesieni<\/em><\/strong><\/p>\n<p><strong><em>Pre-<\/em><\/strong><br \/>\nDzi\u015b 1 wrze\u015bnia jest<br \/>\nPierwsza sobota miesi\u0105ca te\u017c<br \/>\nDzieci jeszcze nie id\u0105 do szko\u0142y<br \/>\nWeekend ju\u017c rozpocz\u0119ty<\/p>\n<p>Apokalipsa druga<br \/>\nA Maryja<br \/>\nJe\u015bli trzeciej apokalipsy nie chcecie<br \/>\nTo si\u0119 nawr\u00f3\u0107cie<\/p>\n<p>Je\u015bli chcecie by dzieci<br \/>\nChodzi\u0142y do szko\u0142y<br \/>\nOczy\u015b\u0107cie serca swe<br \/>\nI wyprostujcie intencje wasze<\/p>\n<p>Je\u015bli chcecie by pory roku<br \/>\nNaturalnie przebiega\u0142y<br \/>\nDo Boga si\u0119 przybli\u017ccie<br \/>\nI Jego s\u0142uchajcie<\/p>\n<p><strong><em>-Ex<\/em><\/strong><br \/>\nWczoraj ostatni dzie\u0144 sierpnia<br \/>\nSolidarno\u015bci i Wolno\u015bci \u015awi\u0119to<\/p>\n<p>Nie pozw\u00f3lcie wm\u00f3wi\u0107 sobie<br \/>\n\u017be niewola jest czym\u015b dobrym<\/p>\n<p>Solidarno\u015b\u0107 natomiast<br \/>\nTo pod moralno\u015b\u0107 solidna podwalina<\/p>\n<p>Nie ma w \u017cadnej zbrodni solidarno\u015bci<br \/>\nJest to post\u0119pek i\u015bcie diabelski<\/p>\n<p>Wyprostujcie serca i my\u015bli wasze<br \/>\nWtedy wolni b\u0119dziecie ca\u0142kiem<\/p>\n<p>Wszystkie narody prawdziwie solidarne<br \/>\nNa gruncie dobra wy wygracie<\/p>\n<p><strong><em>Re:<\/em><\/strong><br \/>\nCho\u0107 z\u0142o wzmaga si\u0119<br \/>\nTo nie przemo\u017ce nie<br \/>\nBo ludzie s\u0105 z sob\u0105 razem<br \/>\nBo jest B\u00f3g bo Maryja czuwa nad \u015bwiatem<\/p>\n<p>I Ona zwyci\u0119\u017cy<br \/>\nZ\u0142o to wie<br \/>\nI dlatego tak si\u0119 pr\u0119\u017cy<br \/>\nPrzez Ni\u0105 ten \u015bwiat si\u0119 odmieni<\/p>\n<p><em>Na zdj. Wsch\u00f3d s\u0142o\u0144ca na \u017bytniej dzisiaj \/<\/em><br \/>\n<em> Trzeba w Bogu trwa\u0107 tylko \/<\/em><br \/>\n<em> I robi\u0107 swoje \/<\/em><br \/>\n<em> I nigdy nie traci\u0107 nadziei \/<\/em><br \/>\n<em> *Na \u015bwiat lepszy \/<\/em><br \/>\n<em> Na nas pi\u0119kniejszych<\/em>.<\/p>\n<p><img loading=\"lazy\" decoding=\"async\" class=\"JZUAbb\" src=\"https:\/\/lh3.googleusercontent.com\/-TwhHhbCKZ-c\/W4oUMgNddZI\/AAAAAAAAF2g\/Z2pLgFr9DiQA8Z-MShpwSzVhL7er3gPJgCJoC\/w530-h398-n\/IMG_20180901_060534.jpg\" alt=\"Zdj\u0119cie\" width=\"530\" height=\"398\" \/><\/p>\n<h1 class=\"title style-scope ytd-video-primary-info-renderer\" style=\"text-align: center;\"><a href=\"https:\/\/www.youtube.com\/watch?v=JhYgR-kSaRY\"><em>Psa\u0142terz Wrze\u015bniowy \u2013 Oratorium Piotra Rubika<\/em><\/a><\/h1>\n","protected":false},"excerpt":{"rendered":"<p>Konsolidacje prze\u0142omu \/ sierpnia i wrze\u015bnia \/ lata i jesieni Pre- Dzi\u015b 1 wrze\u015bnia jest Pierwsza sobota miesi\u0105ca te\u017c Dzieci jeszcze nie id\u0105 do szko\u0142y&hellip; <\/p>\n","protected":false},"author":1,"featured_media":0,"parent":0,"menu_order":0,"comment_status":"closed","ping_status":"closed","template":"","meta":{"footnotes":""},"class_list":["post-1644","page","type-page","status-publish","hentry"],"_links":{"self":[{"href":"https:\/\/hubertpietka.bialystok.pl\/index.php?rest_route=\/wp\/v2\/pages\/1644","targetHints":{"allow":["GET"]}}],"collection":[{"href":"https:\/\/hubertpietka.bialystok.pl\/index.php?rest_route=\/wp\/v2\/pages"}],"about":[{"href":"https:\/\/hubertpietka.bialystok.pl\/index.php?rest_route=\/wp\/v2\/types\/page"}],"author":[{"embeddable":true,"href":"https:\/\/hubertpietka.bialystok.pl\/index.php?rest_route=\/wp\/v2\/users\/1"}],"replies":[{"embeddable":true,"href":"https:\/\/hubertpietka.bialystok.pl\/index.php?rest_route=%2Fwp%2Fv2%2Fcomments&post=1644"}],"version-history":[{"count":5,"href":"https:\/\/hubertpietka.bialystok.pl\/index.php?rest_route=\/wp\/v2\/pages\/1644\/revisions"}],"predecessor-version":[{"id":1649,"href":"https:\/\/hubertpietka.bialystok.pl\/index.php?rest_route=\/wp\/v2\/pages\/1644\/revisions\/1649"}],"wp:attachment":[{"href":"https:\/\/hubertpietka.bialystok.pl\/index.php?rest_route=%2Fwp%2Fv2%2Fmedia&parent=1644"}],"curies":[{"name":"wp","href":"https:\/\/api.w.org\/{rel}","templated":true}]}}