{"id":1660,"date":"2018-09-04T10:27:43","date_gmt":"2018-09-04T10:27:43","guid":{"rendered":"http:\/\/hubertpietka.bialystok.pl\/?page_id=1660"},"modified":"2018-09-04T10:41:28","modified_gmt":"2018-09-04T10:41:28","slug":"bolesna-droga-do-boga","status":"publish","type":"page","link":"https:\/\/hubertpietka.bialystok.pl\/?page_id=1660","title":{"rendered":"Bolesna droga \/ do Boga"},"content":{"rendered":"<p><strong><em>Bolesna droga \/ do Boga<\/em><\/strong><\/p>\n<p>B\u00f3g nie powiedzia\u0142<br \/>\n\u017be \u0142atwo b\u0119dzie<br \/>\nLecz ze przez wiele ucisk\u00f3w<br \/>\nPrzej\u015b\u0107 musicie<\/p>\n<p>Z\u0142oto kszta\u0142tuje si\u0119 w tyglu<br \/>\nCzasem trudno\u015bci przekraczaj\u0105<br \/>\nWszelkie miary<\/p>\n<p>Lecz na miar\u0119 trudno\u015bci tych<br \/>\nB\u00f3g daje szcz\u0119\u015bcie po nich<\/p>\n<p>Ufam Ci Panie<br \/>\nZe Ty sam podniesiesz mnie<br \/>\nJa tylko wytrwa\u0107 musz\u0119<\/p>\n<p>Ufam Panie<br \/>\n\u017be oka\u017cesz swe Mi\u0142osierdzie dla nas<br \/>\nI \u017ce dasz udzia\u0142 w zwyci\u0119stwie<br \/>\nKt\u00f3re partycypuj\u0105 trudno\u015bci obecne<\/p>\n<p>Bolesna droga<br \/>\nJak\u017ce trudna<br \/>\nLecz b\u0142ogos\u0142awiona<\/p>\n<p>Jezu ufam Tobie<br \/>\nMaryjo wraz z Tob\u0105<br \/>\nId\u0119 t\u0105 trudn\u0105 drog\u0105<br \/>\nA Ty wsp\u00f3\u0142czujesz ze mn\u0105<\/p>\n<p>Ty Maryjo idziesz z tym<br \/>\nKto jest z Synem Twym<\/p>\n<p>B\u0142ogos\u0142awieni wszyscy cierpi\u0105cy<br \/>\nW Bogu ufaj\u0105cy<\/p>\n<p><em>Na zdj. Krzy\u017c przy ko\u015bciele Zwiastowania NMP \/<\/em><br \/>\n<em> Napis Jezu ufam Tobie \/<\/em><br \/>\n<em> Wszelkie niesprawiedliwo\u015bci \/<\/em><br \/>\n<em> Trzeba oddawa\u0107 Bogu w ufno\u015bci.<\/em><\/p>\n<p><img loading=\"lazy\" decoding=\"async\" class=\"JZUAbb\" src=\"https:\/\/lh3.googleusercontent.com\/-ZP200-2JVDE\/W45Zh4ZvOOI\/AAAAAAAAF5o\/h50AuOGcxVY1qnGkeZyDupwImGg2LqPYACJoC\/w530-h707-n\/IMG_20180903_173731.jpg\" alt=\"Zdj\u0119cie\" width=\"530\" height=\"707\" \/><\/p>\n<h1 class=\"title style-scope ytd-video-primary-info-renderer\" style=\"text-align: center;\"><a href=\"https:\/\/www.youtube.com\/watch?v=ghBWUw-uSKo\"><em>Krystyna Janda &#8211; w ciemno\u015bci do siebie idziemy<\/em><\/a><\/h1>\n","protected":false},"excerpt":{"rendered":"<p>Bolesna droga \/ do Boga B\u00f3g nie powiedzia\u0142 \u017be \u0142atwo b\u0119dzie Lecz ze przez wiele ucisk\u00f3w Przej\u015b\u0107 musicie Z\u0142oto kszta\u0142tuje si\u0119 w tyglu Czasem trudno\u015bci&hellip; <\/p>\n","protected":false},"author":1,"featured_media":0,"parent":0,"menu_order":0,"comment_status":"closed","ping_status":"closed","template":"","meta":{"footnotes":""},"class_list":["post-1660","page","type-page","status-publish","hentry"],"_links":{"self":[{"href":"https:\/\/hubertpietka.bialystok.pl\/index.php?rest_route=\/wp\/v2\/pages\/1660","targetHints":{"allow":["GET"]}}],"collection":[{"href":"https:\/\/hubertpietka.bialystok.pl\/index.php?rest_route=\/wp\/v2\/pages"}],"about":[{"href":"https:\/\/hubertpietka.bialystok.pl\/index.php?rest_route=\/wp\/v2\/types\/page"}],"author":[{"embeddable":true,"href":"https:\/\/hubertpietka.bialystok.pl\/index.php?rest_route=\/wp\/v2\/users\/1"}],"replies":[{"embeddable":true,"href":"https:\/\/hubertpietka.bialystok.pl\/index.php?rest_route=%2Fwp%2Fv2%2Fcomments&post=1660"}],"version-history":[{"count":5,"href":"https:\/\/hubertpietka.bialystok.pl\/index.php?rest_route=\/wp\/v2\/pages\/1660\/revisions"}],"predecessor-version":[{"id":1665,"href":"https:\/\/hubertpietka.bialystok.pl\/index.php?rest_route=\/wp\/v2\/pages\/1660\/revisions\/1665"}],"wp:attachment":[{"href":"https:\/\/hubertpietka.bialystok.pl\/index.php?rest_route=%2Fwp%2Fv2%2Fmedia&parent=1660"}],"curies":[{"name":"wp","href":"https:\/\/api.w.org\/{rel}","templated":true}]}}