{"id":1667,"date":"2018-09-05T20:36:19","date_gmt":"2018-09-05T20:36:19","guid":{"rendered":"http:\/\/hubertpietka.bialystok.pl\/?page_id=1667"},"modified":"2018-09-05T21:32:43","modified_gmt":"2018-09-05T21:32:43","slug":"klamstwa-i-inne-dzialania-szatanskie","status":"publish","type":"page","link":"https:\/\/hubertpietka.bialystok.pl\/?page_id=1667","title":{"rendered":"K\u0142amstwa i inne \/ dzia\u0142ania szata\u0144skie"},"content":{"rendered":"<p><strong><em>K\u0142amstwa i inne \/ dzia\u0142ania szata\u0144skie<\/em><\/strong><\/p>\n<p>Za ka\u017cde k\u0142amstwo obmow\u0119<br \/>\nLudzie odpowiedz\u0105 przed Bogiem<\/p>\n<p>Ka\u017cde znies\u0142awienie b\u0119dzie pot\u0119pione<br \/>\nNa s\u0105dzie Boga<\/p>\n<p>Szczeg\u00f3lnie gdy dotyczy to tych<br \/>\nKt\u00f3rzy nie mog\u0105 si\u0119 obroni\u0107<\/p>\n<p>K\u0142amstwa znies\u0142awienie ob\u0142uda i obmowa<br \/>\nTo dzia\u0142ania szatana najbardziej podle<\/p>\n<p><em>Na zdj. B\u0142. ksi\u0105dz Jerzy Popie\u0142uszko \/<\/em><br \/>\n<em> Na skwerku przy Pa\u0142acu Branickich \/<\/em><br \/>\n<em> Mile miejsce dumania dla mnie \/<\/em><br \/>\n<em> Chwile wytchnienia przy nim.<\/em><\/p>\n<p><img loading=\"lazy\" decoding=\"async\" class=\"JZUAbb\" src=\"https:\/\/lh3.googleusercontent.com\/-JqJHng4Yk-M\/W5A3JRItStI\/AAAAAAAAF9A\/FKAdYBZ7b90plUe-di-3tf-tk3kSjUwjACJoC\/w530-h398-n\/IMG_20180905_092501.jpg\" alt=\"Zdj\u0119cie\" width=\"530\" height=\"398\" \/><\/p>\n<h1 class=\"title style-scope ytd-video-primary-info-renderer\" style=\"text-align: center;\"><a href=\"https:\/\/www.youtube.com\/watch?v=p6wSDAW5d_Q\"><em>D\u017cem &#8211; Krewny Judasza<\/em><\/a><\/h1>\n<h1 class=\"title style-scope ytd-video-primary-info-renderer\" style=\"text-align: center;\"><a href=\"https:\/\/www.youtube.com\/watch?v=dJbaMhTQx9k\"><em>Kayah &#8211; Na j\u0119zykach<\/em><\/a><\/h1>\n<h1 class=\"title style-scope ytd-video-primary-info-renderer\" style=\"text-align: center;\"><a href=\"https:\/\/www.youtube.com\/watch?v=ihjesblQsbI\"><em>Doda &#8211; Judasze<\/em><\/a><\/h1>\n<h1 class=\"title style-scope ytd-video-primary-info-renderer\" style=\"text-align: center;\"><a href=\"https:\/\/www.youtube.com\/watch?v=qW9_FWDTdP0\"><em>Yokashin &#8211; W\u0142osy<\/em><\/a><\/h1>\n","protected":false},"excerpt":{"rendered":"<p>K\u0142amstwa i inne \/ dzia\u0142ania szata\u0144skie Za ka\u017cde k\u0142amstwo obmow\u0119 Ludzie odpowiedz\u0105 przed Bogiem Ka\u017cde znies\u0142awienie b\u0119dzie pot\u0119pione Na s\u0105dzie Boga Szczeg\u00f3lnie gdy dotyczy to&hellip; <\/p>\n","protected":false},"author":1,"featured_media":0,"parent":0,"menu_order":0,"comment_status":"closed","ping_status":"closed","template":"","meta":{"footnotes":""},"class_list":["post-1667","page","type-page","status-publish","hentry"],"_links":{"self":[{"href":"https:\/\/hubertpietka.bialystok.pl\/index.php?rest_route=\/wp\/v2\/pages\/1667","targetHints":{"allow":["GET"]}}],"collection":[{"href":"https:\/\/hubertpietka.bialystok.pl\/index.php?rest_route=\/wp\/v2\/pages"}],"about":[{"href":"https:\/\/hubertpietka.bialystok.pl\/index.php?rest_route=\/wp\/v2\/types\/page"}],"author":[{"embeddable":true,"href":"https:\/\/hubertpietka.bialystok.pl\/index.php?rest_route=\/wp\/v2\/users\/1"}],"replies":[{"embeddable":true,"href":"https:\/\/hubertpietka.bialystok.pl\/index.php?rest_route=%2Fwp%2Fv2%2Fcomments&post=1667"}],"version-history":[{"count":8,"href":"https:\/\/hubertpietka.bialystok.pl\/index.php?rest_route=\/wp\/v2\/pages\/1667\/revisions"}],"predecessor-version":[{"id":1675,"href":"https:\/\/hubertpietka.bialystok.pl\/index.php?rest_route=\/wp\/v2\/pages\/1667\/revisions\/1675"}],"wp:attachment":[{"href":"https:\/\/hubertpietka.bialystok.pl\/index.php?rest_route=%2Fwp%2Fv2%2Fmedia&parent=1667"}],"curies":[{"name":"wp","href":"https:\/\/api.w.org\/{rel}","templated":true}]}}