{"id":1688,"date":"2018-09-13T04:30:37","date_gmt":"2018-09-13T04:30:37","guid":{"rendered":"http:\/\/hubertpietka.bialystok.pl\/?page_id=1688"},"modified":"2018-09-13T04:32:13","modified_gmt":"2018-09-13T04:32:13","slug":"dawid-i-goliat","status":"publish","type":"page","link":"https:\/\/hubertpietka.bialystok.pl\/?page_id=1688","title":{"rendered":"Dawid i Goliat"},"content":{"rendered":"<p><strong><em>Dawid i Goliat<\/em><\/strong><\/p>\n<p><em>Dawid i gol jak ty<\/em><br \/>\n<em> Dawid si\u0119 goli jak ty<\/em><br \/>\n<em> Dawid go idzie jak ty<\/em><br \/>\n\ud83d\ude42<\/p>\n<p>Dawid jest ma\u0142y<br \/>\nLecz za nim B\u00f3g stoi<br \/>\nDlatego Goliata si\u0119 zbytnio nie boi<\/p>\n<p>Rzuca w niego s\u0142owami<br \/>\nJak kamieniami<br \/>\nUzbrojony jest w pancerz modlitwy<br \/>\nDlatego do przodu biegnie<\/p>\n<p>Goliat wielki jest<br \/>\nZa nim stoi pot\u0119ga piekie\u0142<br \/>\nKrzyczy ob\u0142udnymi s\u0142owami<br \/>\nLecz si\u0119 go zbyt mocno nie l\u0119kajmy<\/p>\n<p>Dawid walczy w imi\u0119 Pana<br \/>\nGoliat za\u015b za szatana<br \/>\nDlatego Dawid zwyci\u0119\u017cy<br \/>\nBo za niego B\u00f3g walczy<\/p>\n<p>Rozproszy sie pot\u0119ga przeciwnika<br \/>\nZ Bogiem sie nie wygra<br \/>\nA Dawid Goliata zwyci\u0119\u017cy<br \/>\nWed\u0142ug wyrok\u00f3w niebieskich<\/p>\n<p>Bo Dawid cho\u0107 ma\u0142y<br \/>\nCo B\u00f3g m\u00f3wi robi\u0107 si\u0119 stara<br \/>\nGoliat upadnie<br \/>\nAmen<\/p>\n<p>Na zdj. Niebo zachodnie \/<br \/>\nA sanktuarium Mi\u0142osierdzie Bo\u017ce \/<br \/>\nW Bogu tylko z\u0142\u00f3\u017c swe nadzieje \/<br \/>\nA On na pewno odpowie.<\/p>\n<p><img loading=\"lazy\" decoding=\"async\" class=\"JZUAbb\" src=\"https:\/\/lh3.googleusercontent.com\/-OVeFqGH-_lA\/W5lb-Rg37GI\/AAAAAAAAGPk\/tbmU49u0w98GYDiHA4EoUzXWqRVJKt9OwCJoC\/w530-h398-n\/IMG_20180912_190608.jpg\" alt=\"Zdj\u0119cie\" width=\"530\" height=\"398\" \/><\/p>\n","protected":false},"excerpt":{"rendered":"<p>Dawid i Goliat Dawid i gol jak ty Dawid si\u0119 goli jak ty Dawid go idzie jak ty \ud83d\ude42 Dawid jest ma\u0142y Lecz za nim&hellip; <\/p>\n","protected":false},"author":1,"featured_media":0,"parent":0,"menu_order":0,"comment_status":"closed","ping_status":"closed","template":"","meta":{"footnotes":""},"class_list":["post-1688","page","type-page","status-publish","hentry"],"_links":{"self":[{"href":"https:\/\/hubertpietka.bialystok.pl\/index.php?rest_route=\/wp\/v2\/pages\/1688","targetHints":{"allow":["GET"]}}],"collection":[{"href":"https:\/\/hubertpietka.bialystok.pl\/index.php?rest_route=\/wp\/v2\/pages"}],"about":[{"href":"https:\/\/hubertpietka.bialystok.pl\/index.php?rest_route=\/wp\/v2\/types\/page"}],"author":[{"embeddable":true,"href":"https:\/\/hubertpietka.bialystok.pl\/index.php?rest_route=\/wp\/v2\/users\/1"}],"replies":[{"embeddable":true,"href":"https:\/\/hubertpietka.bialystok.pl\/index.php?rest_route=%2Fwp%2Fv2%2Fcomments&post=1688"}],"version-history":[{"count":3,"href":"https:\/\/hubertpietka.bialystok.pl\/index.php?rest_route=\/wp\/v2\/pages\/1688\/revisions"}],"predecessor-version":[{"id":1691,"href":"https:\/\/hubertpietka.bialystok.pl\/index.php?rest_route=\/wp\/v2\/pages\/1688\/revisions\/1691"}],"wp:attachment":[{"href":"https:\/\/hubertpietka.bialystok.pl\/index.php?rest_route=%2Fwp%2Fv2%2Fmedia&parent=1688"}],"curies":[{"name":"wp","href":"https:\/\/api.w.org\/{rel}","templated":true}]}}