{"id":1698,"date":"2018-09-13T04:47:08","date_gmt":"2018-09-13T04:47:08","guid":{"rendered":"http:\/\/hubertpietka.bialystok.pl\/?page_id=1698"},"modified":"2018-09-13T04:47:08","modified_gmt":"2018-09-13T04:47:08","slug":"maryi-swieto","status":"publish","type":"page","link":"https:\/\/hubertpietka.bialystok.pl\/?page_id=1698","title":{"rendered":"Maryi \u015bwi\u0119to"},"content":{"rendered":"<p><strong><em>Maryi \u015bwi\u0119to<\/em><\/strong><\/p>\n<p>Dzi\u015b s\u0105 Maryjo Twe imieniny<br \/>\nTobie si\u0119 polecamy<\/p>\n<p>A jutro tez \u015bwi\u0119to Twe<br \/>\nBo Matki Boskiej Fatimskiej dzie\u0144<\/p>\n<p>Maryjo<br \/>\nJak dobrze \u017ce jeste\u015b<\/p>\n<p>Kiedy z\u0142o wzmaga si\u0119<br \/>\nDo Ciebie tylko chroni\u0107 si\u0119<\/p>\n<p>Podw\u00f3jne Maryi \u015bwi\u0119to<br \/>\nZwyci\u0119stwo Twe przyjdzie na pewno<\/p>\n<p>Maryjo ave<br \/>\nKocham Cie<\/p>\n<p>Dzi\u0119kuj\u0119 \u017ce z nami<br \/>\nPo prostu jeste\u015b<\/p>\n<p><em>Na zdj. Ko\u015bci\u00f3\u0142 Matki Boskiej Fatimskiej w Bia\u0142ymstoku \/<\/em><br \/>\n<em> Zawsze by\u0107 Maryjo pod Twoj\u0105 opiek\u0105 \/<\/em><br \/>\n<em> Totus Tuus ca\u0142y Tw\u00f3j \/<\/em><br \/>\n<em> Cho\u0107 tak ma\u0142y i marny jest syn Tw\u00f3j.<\/em><\/p>\n<p><img loading=\"lazy\" decoding=\"async\" class=\"JZUAbb\" src=\"https:\/\/lh3.googleusercontent.com\/-jRd-hrldpII\/W5mMNdNHP8I\/AAAAAAAAGSE\/b_3JPPF0-QsuxdHdxWENsO-B_w0HsMoTQCJoC\/w530-h707-n\/IMG_20180909_124544.jpg\" alt=\"Zdj\u0119cie\" width=\"530\" height=\"707\" \/><\/p>\n<p style=\"text-align: center;\"><a href=\"https:\/\/m.youtube.com\/watch?v=usADINi17cI\"><em><strong>Celtic Woman &#8211; Ave Maria<\/strong><\/em><\/a><\/p>\n","protected":false},"excerpt":{"rendered":"<p>Maryi \u015bwi\u0119to Dzi\u015b s\u0105 Maryjo Twe imieniny Tobie si\u0119 polecamy A jutro tez \u015bwi\u0119to Twe Bo Matki Boskiej Fatimskiej dzie\u0144 Maryjo Jak dobrze \u017ce jeste\u015b&hellip; <\/p>\n","protected":false},"author":1,"featured_media":0,"parent":0,"menu_order":0,"comment_status":"closed","ping_status":"closed","template":"","meta":{"footnotes":""},"class_list":["post-1698","page","type-page","status-publish","hentry"],"_links":{"self":[{"href":"https:\/\/hubertpietka.bialystok.pl\/index.php?rest_route=\/wp\/v2\/pages\/1698","targetHints":{"allow":["GET"]}}],"collection":[{"href":"https:\/\/hubertpietka.bialystok.pl\/index.php?rest_route=\/wp\/v2\/pages"}],"about":[{"href":"https:\/\/hubertpietka.bialystok.pl\/index.php?rest_route=\/wp\/v2\/types\/page"}],"author":[{"embeddable":true,"href":"https:\/\/hubertpietka.bialystok.pl\/index.php?rest_route=\/wp\/v2\/users\/1"}],"replies":[{"embeddable":true,"href":"https:\/\/hubertpietka.bialystok.pl\/index.php?rest_route=%2Fwp%2Fv2%2Fcomments&post=1698"}],"version-history":[{"count":1,"href":"https:\/\/hubertpietka.bialystok.pl\/index.php?rest_route=\/wp\/v2\/pages\/1698\/revisions"}],"predecessor-version":[{"id":1699,"href":"https:\/\/hubertpietka.bialystok.pl\/index.php?rest_route=\/wp\/v2\/pages\/1698\/revisions\/1699"}],"wp:attachment":[{"href":"https:\/\/hubertpietka.bialystok.pl\/index.php?rest_route=%2Fwp%2Fv2%2Fmedia&parent=1698"}],"curies":[{"name":"wp","href":"https:\/\/api.w.org\/{rel}","templated":true}]}}