{"id":1701,"date":"2018-09-13T20:55:30","date_gmt":"2018-09-13T20:55:30","guid":{"rendered":"http:\/\/hubertpietka.bialystok.pl\/?page_id=1701"},"modified":"2018-09-13T20:59:48","modified_gmt":"2018-09-13T20:59:48","slug":"zarzuty-i-wyrzuty","status":"publish","type":"page","link":"https:\/\/hubertpietka.bialystok.pl\/?page_id=1701","title":{"rendered":"Zarzuty i wyrzuty"},"content":{"rendered":"<p><strong><em>Zarzuty i wyrzuty<\/em><\/strong><\/p>\n<p>Zarzuca si\u0119 wiele<br \/>\nZe nic nie robi<br \/>\nTylko si\u0119 modli<\/p>\n<p>A przecie\u017c jest to praca<br \/>\nDla Kr\u00f3lestwa Bo\u017cego nie tylko<br \/>\nI o lepszy czas dla ludzkich dusz<br \/>\nO przysz\u0142o\u015bci \u015bwiata sens<\/p>\n<p>\u017be pisze te swoje dyrdyma\u0142y<br \/>\nOd rzeczywisto\u015bci oderwane<br \/>\nA przecie\u017c tylko kronikarzem jest<br \/>\nWalki o czysto\u015b\u0107 intencji i serc<\/p>\n<p>Nie gardzi \u017cadn\u0105 prac\u0105 wcale<br \/>\nLecz musi mierzy\u0107 si\u0142y na zamiary<br \/>\nKa\u017cdy ma swoj\u0105 drog\u0119<br \/>\nZa kt\u00f3r\u0105 odpowie przed Bogiem<\/p>\n<p><em>Na zdj. Wschodz\u0105ce na \u017bytniej s\u0142o\u0144ce \/<\/em><br \/>\n<em> Wsta\u0142o dzi\u015b do\u015b\u0107 wcze\u015bnie \/<\/em><br \/>\n<em> Wykonuje si\u0119 r\u00f3\u017cne prace \/<\/em><br \/>\n<em> Cho\u0107 nie za wszystkie ma si\u0119 zap\u0142at\u0119.<\/em><\/p>\n<p><img loading=\"lazy\" decoding=\"async\" class=\"JZUAbb\" src=\"https:\/\/lh3.googleusercontent.com\/-Uj6evAgck44\/W5pbBWDWUZI\/AAAAAAAAGTg\/mjxpggHcKUozFERceRjZjapfBAWpDjvwgCJoC\/w530-h398-n\/IMG_20180913_054859.jpg\" alt=\"Zdj\u0119cie\" width=\"530\" height=\"398\" \/><\/p>\n<h1 class=\"title style-scope ytd-video-primary-info-renderer\" style=\"text-align: center;\"><a href=\"https:\/\/www.youtube.com\/watch?v=CANx5RcdPdo\"><em>2 plus 1 &#8211; Chod\u017a, pomaluj m\u00f3j \u015bwiat<\/em><\/a><\/h1>\n","protected":false},"excerpt":{"rendered":"<p>Zarzuty i wyrzuty Zarzuca si\u0119 wiele Ze nic nie robi Tylko si\u0119 modli A przecie\u017c jest to praca Dla Kr\u00f3lestwa Bo\u017cego nie tylko I o&hellip; <\/p>\n","protected":false},"author":1,"featured_media":0,"parent":0,"menu_order":0,"comment_status":"closed","ping_status":"closed","template":"","meta":{"footnotes":""},"class_list":["post-1701","page","type-page","status-publish","hentry"],"_links":{"self":[{"href":"https:\/\/hubertpietka.bialystok.pl\/index.php?rest_route=\/wp\/v2\/pages\/1701","targetHints":{"allow":["GET"]}}],"collection":[{"href":"https:\/\/hubertpietka.bialystok.pl\/index.php?rest_route=\/wp\/v2\/pages"}],"about":[{"href":"https:\/\/hubertpietka.bialystok.pl\/index.php?rest_route=\/wp\/v2\/types\/page"}],"author":[{"embeddable":true,"href":"https:\/\/hubertpietka.bialystok.pl\/index.php?rest_route=\/wp\/v2\/users\/1"}],"replies":[{"embeddable":true,"href":"https:\/\/hubertpietka.bialystok.pl\/index.php?rest_route=%2Fwp%2Fv2%2Fcomments&post=1701"}],"version-history":[{"count":6,"href":"https:\/\/hubertpietka.bialystok.pl\/index.php?rest_route=\/wp\/v2\/pages\/1701\/revisions"}],"predecessor-version":[{"id":1707,"href":"https:\/\/hubertpietka.bialystok.pl\/index.php?rest_route=\/wp\/v2\/pages\/1701\/revisions\/1707"}],"wp:attachment":[{"href":"https:\/\/hubertpietka.bialystok.pl\/index.php?rest_route=%2Fwp%2Fv2%2Fmedia&parent=1701"}],"curies":[{"name":"wp","href":"https:\/\/api.w.org\/{rel}","templated":true}]}}