{"id":1709,"date":"2018-09-21T17:15:25","date_gmt":"2018-09-21T17:15:25","guid":{"rendered":"http:\/\/hubertpietka.bialystok.pl\/?page_id=1709"},"modified":"2018-09-21T17:18:08","modified_gmt":"2018-09-21T17:18:08","slug":"dzialania-szatana-a-milosc-z-pana","status":"publish","type":"page","link":"https:\/\/hubertpietka.bialystok.pl\/?page_id=1709","title":{"rendered":"Dzia\u0142ania szatana \/ a mi\u0142o\u015b\u0107 z Pana"},"content":{"rendered":"<p><em><strong>Dzia\u0142ania szatana \/ a mi\u0142o\u015b\u0107 z Pana<\/strong><\/em><\/p>\n<p>Szatana dzia\u0142ania<br \/>\nS\u0105 ograniczone przez Pana<\/p>\n<p>Dzia\u0142a\u0107 on mo\u017ce<br \/>\nTylko tam gdzie mu B\u00f3g dozwoli<\/p>\n<p>Kiedy nie mo\u017ce wp\u0142yn\u0105\u0107 na \u015bwiadomo\u015b\u0107 \u00a0cz\u0142owieka<br \/>\nBy go sk\u0142oni\u0107 do grzechu<br \/>\nTo dzia\u0142a przez strefy pod\u015bwiadome<br \/>\nNa przyk\u0142ad przez sny przychodzi do nas<\/p>\n<p>Lecz dla \u015bwiadomo\u015bci<br \/>\nNiewiele to zmienia<br \/>\n\u015awiadczy tylko<br \/>\nO pewnej bezsilno\u015bci szatana<\/p>\n<p>Kto mi\u0142uje<br \/>\nPrzykazania Bo\u017ce szanuje<\/p>\n<p>I \u017cyciem swoim o mi\u0142o\u015bci \u015bwiadczy<br \/>\nO nieskuteczno\u015bci dzia\u0142a\u0144 diabelskich<\/p>\n<p><em>Na zdj. Wschodnie s\u0142o\u0144ce na \u017bytniej na niebie \/<\/em><br \/>\n<em> Mi\u0142ujmy nawzajem siebie \/<\/em><br \/>\n<em> Mi\u0142o\u015b\u0107 dobra i pi\u0119kna jest zawsze \/<\/em><br \/>\n<em> O Boga w \u017cyciu cz\u0142owieka zwyci\u0119stwach \u015bwiadczy.<\/em><\/p>\n<p><img decoding=\"async\" src=\"https:\/\/lh3.googleusercontent.com\/-8GadtsLjHbI\/W6TZrZtoVsI\/AAAAAAAAGg0\/1rZEuKq5VnIsabvAmEwSgu30rV4LhvZBQCJoC\/w530-h398-n\/IMG_20180921_063214.jpg\" \/><\/p>\n<h1 class=\"title style-scope ytd-video-primary-info-renderer\" style=\"text-align: center;\"><a href=\"https:\/\/www.youtube.com\/watch?v=Df3U_RV3vUk\"><em>B\u00f3g jest Mi\u0142o\u015bci\u0105<\/em><\/a><\/h1>\n","protected":false},"excerpt":{"rendered":"<p>Dzia\u0142ania szatana \/ a mi\u0142o\u015b\u0107 z Pana Szatana dzia\u0142ania S\u0105 ograniczone przez Pana Dzia\u0142a\u0107 on mo\u017ce Tylko tam gdzie mu B\u00f3g dozwoli Kiedy nie mo\u017ce&hellip; <\/p>\n","protected":false},"author":1,"featured_media":0,"parent":0,"menu_order":0,"comment_status":"closed","ping_status":"closed","template":"","meta":{"footnotes":""},"class_list":["post-1709","page","type-page","status-publish","hentry"],"_links":{"self":[{"href":"https:\/\/hubertpietka.bialystok.pl\/index.php?rest_route=\/wp\/v2\/pages\/1709","targetHints":{"allow":["GET"]}}],"collection":[{"href":"https:\/\/hubertpietka.bialystok.pl\/index.php?rest_route=\/wp\/v2\/pages"}],"about":[{"href":"https:\/\/hubertpietka.bialystok.pl\/index.php?rest_route=\/wp\/v2\/types\/page"}],"author":[{"embeddable":true,"href":"https:\/\/hubertpietka.bialystok.pl\/index.php?rest_route=\/wp\/v2\/users\/1"}],"replies":[{"embeddable":true,"href":"https:\/\/hubertpietka.bialystok.pl\/index.php?rest_route=%2Fwp%2Fv2%2Fcomments&post=1709"}],"version-history":[{"count":2,"href":"https:\/\/hubertpietka.bialystok.pl\/index.php?rest_route=\/wp\/v2\/pages\/1709\/revisions"}],"predecessor-version":[{"id":1711,"href":"https:\/\/hubertpietka.bialystok.pl\/index.php?rest_route=\/wp\/v2\/pages\/1709\/revisions\/1711"}],"wp:attachment":[{"href":"https:\/\/hubertpietka.bialystok.pl\/index.php?rest_route=%2Fwp%2Fv2%2Fmedia&parent=1709"}],"curies":[{"name":"wp","href":"https:\/\/api.w.org\/{rel}","templated":true}]}}