{"id":1713,"date":"2018-09-21T17:26:23","date_gmt":"2018-09-21T17:26:23","guid":{"rendered":"http:\/\/hubertpietka.bialystok.pl\/?page_id=1713"},"modified":"2018-09-21T17:27:42","modified_gmt":"2018-09-21T17:27:42","slug":"napasc-zdradziecka-wojsk-sowieckich","status":"publish","type":"page","link":"https:\/\/hubertpietka.bialystok.pl\/?page_id=1713","title":{"rendered":"Napa\u015b\u0107 zdradziecka wojsk sowieckich"},"content":{"rendered":"<p><strong><em>Napa\u015b\u0107 zdradziecka wojsk sowieckich<\/em><\/strong><\/p>\n<p>To by\u0142<br \/>\nBy\u0107 mo\u017ce<br \/>\nTak \u0142adny s\u0142oneczny dzie\u0144<\/p>\n<p>Dzieci ju\u017c nie chodzi\u0142y do szko\u0142y<br \/>\nZ powodu napa\u015bci<br \/>\nNiemiec hitlerowskich na Polsk\u0119<\/p>\n<p>I wtedy<br \/>\nSowieckie wojska zdradziecko<br \/>\nNapad\u0142y na Polsk\u0119<\/p>\n<p>Cios\u00f3w z dw\u00f3ch stron<br \/>\nJu\u017c nie da\u0142o podnie\u015b\u0107 si\u0119<br \/>\nUpad\u0142o pa\u0144stwo Polskie<br \/>\nPod ciosami okupanckich s\u0105siad\u00f3w<\/p>\n<p><em>Na zdj. Widok dzisiejszy na niebo nad dzia\u0142kami \/<\/em><br \/>\n<em> Dzi\u015b dzie\u0144 cho\u0107 ch\u0142odny to \u0142adny \/<\/em><br \/>\n<em> Pami\u0119ta\u0107 trzeba historii rany \/<\/em><br \/>\n<em> I z nich si\u0119 m\u0105drze podnosi\u0107 stale.<\/em><\/p>\n<p><strong>*17 wrze\u015bnia \u2013 rocznica napa\u015bci na Polsk\u0119 Rosji sowieckiej<\/strong><\/p>\n<p><img decoding=\"async\" src=\"https:\/\/lh3.googleusercontent.com\/-BPnyOsswwOs\/W54ofZleCkI\/AAAAAAAAGU4\/I9T35kTTWcYfLo8Xc3atsRWY3s9np6PEQCJoC\/w530-h398-n\/IMG_20180916_114742.jpg\" \/><\/p>\n<p style=\"text-align: center;\"><a href=\"https:\/\/m.youtube.com\/watch?v=H3f0Ja0R5TQ\"><strong><em>J. Kaczmarski &#8211; Ballada wrze\u015bniowa<\/em><\/strong><\/a><\/p>\n","protected":false},"excerpt":{"rendered":"<p>Napa\u015b\u0107 zdradziecka wojsk sowieckich To by\u0142 By\u0107 mo\u017ce Tak \u0142adny s\u0142oneczny dzie\u0144 Dzieci ju\u017c nie chodzi\u0142y do szko\u0142y Z powodu napa\u015bci Niemiec hitlerowskich na Polsk\u0119&hellip; <\/p>\n","protected":false},"author":1,"featured_media":0,"parent":0,"menu_order":0,"comment_status":"closed","ping_status":"closed","template":"","meta":{"footnotes":""},"class_list":["post-1713","page","type-page","status-publish","hentry"],"_links":{"self":[{"href":"https:\/\/hubertpietka.bialystok.pl\/index.php?rest_route=\/wp\/v2\/pages\/1713","targetHints":{"allow":["GET"]}}],"collection":[{"href":"https:\/\/hubertpietka.bialystok.pl\/index.php?rest_route=\/wp\/v2\/pages"}],"about":[{"href":"https:\/\/hubertpietka.bialystok.pl\/index.php?rest_route=\/wp\/v2\/types\/page"}],"author":[{"embeddable":true,"href":"https:\/\/hubertpietka.bialystok.pl\/index.php?rest_route=\/wp\/v2\/users\/1"}],"replies":[{"embeddable":true,"href":"https:\/\/hubertpietka.bialystok.pl\/index.php?rest_route=%2Fwp%2Fv2%2Fcomments&post=1713"}],"version-history":[{"count":3,"href":"https:\/\/hubertpietka.bialystok.pl\/index.php?rest_route=\/wp\/v2\/pages\/1713\/revisions"}],"predecessor-version":[{"id":1716,"href":"https:\/\/hubertpietka.bialystok.pl\/index.php?rest_route=\/wp\/v2\/pages\/1713\/revisions\/1716"}],"wp:attachment":[{"href":"https:\/\/hubertpietka.bialystok.pl\/index.php?rest_route=%2Fwp%2Fv2%2Fmedia&parent=1713"}],"curies":[{"name":"wp","href":"https:\/\/api.w.org\/{rel}","templated":true}]}}