{"id":1718,"date":"2018-09-23T08:57:48","date_gmt":"2018-09-23T08:57:48","guid":{"rendered":"http:\/\/hubertpietka.bialystok.pl\/?page_id=1718"},"modified":"2018-09-23T09:11:19","modified_gmt":"2018-09-23T09:11:19","slug":"tylko-ty","status":"publish","type":"page","link":"https:\/\/hubertpietka.bialystok.pl\/?page_id=1718","title":{"rendered":"Tylko Ty"},"content":{"rendered":"<p><strong><em>Tylko Ty<\/em><\/strong><\/p>\n<p>Tylko z Tob\u0105 by\u0107<br \/>\nZ Tob\u0105 nasz wsp\u00f3lny sen wy\u015bni\u0107<\/p>\n<p>Na wszystko si\u0119 zgadzam<br \/>\nByle z Tob\u0105 razem<\/p>\n<p>Nie chc\u0119 niczego<br \/>\nJe\u015bli Ciebie w tym nie b\u0119dzie<\/p>\n<p>Wyrzekam si\u0119 wszystkiego<br \/>\nCo nie zwi\u0105zane jest z Tob\u0105<\/p>\n<p>\u017bona moja*<br \/>\nSzcz\u0119\u015bcie moje<br \/>\nTo nasza wsp\u00f3lna droga<br \/>\nJakikolwiek by mia\u0142a wymiar<\/p>\n<p>Byle z Tob\u0105<br \/>\nCokolwiek \u017cycie przyniesie<br \/>\nCokolwiek si\u0119 stanie<br \/>\nByle razem<\/p>\n<p>Dzi\u0119kuj\u0119 Ci ze jeste\u015b<br \/>\nZa ka\u017cdy odruch Twego serca<br \/>\nZa wszystkie s\u0142owa zdarzenia<br \/>\nHistoria nasza razem musi si\u0119 wype\u0142ni\u0107<\/p>\n<p style=\"text-align: center;\"><a href=\"https:\/\/m.youtube.com\/watch?v=-YdrQxgtVBY\"><em><strong>Lady Pank &#8211; Zawsze tam gdzie Ty<\/strong><\/em><\/a><\/p>\n<p style=\"text-align: center;\"><a href=\"https:\/\/www.youtube.com\/watch?v=iAc6Qr_sAXw\"><em><strong>\u00a0Pawe\u0142 Domaga\u0142a &#8211; We\u017a nie pytaj<\/strong><\/em><\/a><\/p>\n<h1 class=\"title style-scope ytd-video-primary-info-renderer\" style=\"text-align: center;\"><a href=\"https:\/\/www.youtube.com\/watch?v=OkHH-SPRJIE\"><em>Maanam &#8211; Bez Ciebie Umieram<\/em><\/a><\/h1>\n<h1 class=\"title style-scope ytd-video-primary-info-renderer\" style=\"text-align: center;\"><a href=\"https:\/\/www.youtube.com\/watch?v=fDRtfmIDS-U\"><em>Stanis\u0142aw Soyka &#8211; Niech ca\u0142uj\u0105 Ci\u0119 moje oczy<\/em><\/a><\/h1>\n<p style=\"text-align: center;\">\n","protected":false},"excerpt":{"rendered":"<p>Tylko Ty Tylko z Tob\u0105 by\u0107 Z Tob\u0105 nasz wsp\u00f3lny sen wy\u015bni\u0107 Na wszystko si\u0119 zgadzam Byle z Tob\u0105 razem Nie chc\u0119 niczego Je\u015bli Ciebie&hellip; <\/p>\n","protected":false},"author":1,"featured_media":0,"parent":0,"menu_order":0,"comment_status":"closed","ping_status":"closed","template":"","meta":{"footnotes":""},"class_list":["post-1718","page","type-page","status-publish","hentry"],"_links":{"self":[{"href":"https:\/\/hubertpietka.bialystok.pl\/index.php?rest_route=\/wp\/v2\/pages\/1718","targetHints":{"allow":["GET"]}}],"collection":[{"href":"https:\/\/hubertpietka.bialystok.pl\/index.php?rest_route=\/wp\/v2\/pages"}],"about":[{"href":"https:\/\/hubertpietka.bialystok.pl\/index.php?rest_route=\/wp\/v2\/types\/page"}],"author":[{"embeddable":true,"href":"https:\/\/hubertpietka.bialystok.pl\/index.php?rest_route=\/wp\/v2\/users\/1"}],"replies":[{"embeddable":true,"href":"https:\/\/hubertpietka.bialystok.pl\/index.php?rest_route=%2Fwp%2Fv2%2Fcomments&post=1718"}],"version-history":[{"count":7,"href":"https:\/\/hubertpietka.bialystok.pl\/index.php?rest_route=\/wp\/v2\/pages\/1718\/revisions"}],"predecessor-version":[{"id":1725,"href":"https:\/\/hubertpietka.bialystok.pl\/index.php?rest_route=\/wp\/v2\/pages\/1718\/revisions\/1725"}],"wp:attachment":[{"href":"https:\/\/hubertpietka.bialystok.pl\/index.php?rest_route=%2Fwp%2Fv2%2Fmedia&parent=1718"}],"curies":[{"name":"wp","href":"https:\/\/api.w.org\/{rel}","templated":true}]}}