{"id":1727,"date":"2018-09-24T12:45:59","date_gmt":"2018-09-24T12:45:59","guid":{"rendered":"http:\/\/hubertpietka.bialystok.pl\/?page_id=1727"},"modified":"2018-09-24T12:55:23","modified_gmt":"2018-09-24T12:55:23","slug":"nadzieja-dobro-sieje","status":"publish","type":"page","link":"https:\/\/hubertpietka.bialystok.pl\/?page_id=1727","title":{"rendered":"Nadzieja \/ dobro sieje"},"content":{"rendered":"<p><strong><em>Nadzieja \/ dobro sieje<\/em><\/strong><\/p>\n<p>Nadziei nigdy nie wolno traci\u0107<br \/>\nWiele spraw mo\u017ce j\u0105 przyt\u0142umi\u0107<br \/>\nLecz ona musi od\u017cywa\u0107<br \/>\nJak promyk s\u0142o\u0144ca pi\u0119kny<\/p>\n<p>Ja wiem \u017ce to nie \u0142atwe<br \/>\nLecz nie mo\u017cna si\u0119 poddawa\u0107<br \/>\nZ\u0142o dobra nie przemo\u017ce<br \/>\nA nadzieja niech odzywa si\u0119 zawsze<\/p>\n<p>Ona jak iskra w ciemno\u015bci<br \/>\nMo\u017ce rozpali\u0107 p\u0142omie\u0144 mi\u0142o\u015bci<br \/>\nTrzeba tylko ufa\u0107 wierzy\u0107<br \/>\n\u017be z\u0142o dobra nie zwyci\u0119\u017cy<\/p>\n<p style=\"text-align: center;\"><a href=\"https:\/\/m.youtube.com\/watch?v=YBvdSQW9t5g\"><em><strong>Nadzieja &#8211; Jan Pietrzak &#8211; \u015bpiewa Maya<\/strong><\/em><\/a><\/p>\n<p style=\"text-align: center;\">***<\/p>\n<p style=\"text-align: center;\"><a href=\"https:\/\/www.youtube.com\/watch?v=S1TsL5BytM8\"><em><strong>Kamil Bednarek &#8211; Jak d\u0142ugo jeszcze<\/strong><\/em><\/a><\/p>\n<p style=\"text-align: center;\"><a href=\"https:\/\/www.youtube.com\/watch?v=K0fbEYGzss8\"><em><strong>Po co wi\u0119cej mi &#8211; D\u017cem<\/strong><\/em><\/a><\/p>\n","protected":false},"excerpt":{"rendered":"<p>Nadzieja \/ dobro sieje Nadziei nigdy nie wolno traci\u0107 Wiele spraw mo\u017ce j\u0105 przyt\u0142umi\u0107 Lecz ona musi od\u017cywa\u0107 Jak promyk s\u0142o\u0144ca pi\u0119kny Ja wiem \u017ce&hellip; <\/p>\n","protected":false},"author":1,"featured_media":0,"parent":0,"menu_order":0,"comment_status":"closed","ping_status":"closed","template":"","meta":{"footnotes":""},"class_list":["post-1727","page","type-page","status-publish","hentry"],"_links":{"self":[{"href":"https:\/\/hubertpietka.bialystok.pl\/index.php?rest_route=\/wp\/v2\/pages\/1727","targetHints":{"allow":["GET"]}}],"collection":[{"href":"https:\/\/hubertpietka.bialystok.pl\/index.php?rest_route=\/wp\/v2\/pages"}],"about":[{"href":"https:\/\/hubertpietka.bialystok.pl\/index.php?rest_route=\/wp\/v2\/types\/page"}],"author":[{"embeddable":true,"href":"https:\/\/hubertpietka.bialystok.pl\/index.php?rest_route=\/wp\/v2\/users\/1"}],"replies":[{"embeddable":true,"href":"https:\/\/hubertpietka.bialystok.pl\/index.php?rest_route=%2Fwp%2Fv2%2Fcomments&post=1727"}],"version-history":[{"count":4,"href":"https:\/\/hubertpietka.bialystok.pl\/index.php?rest_route=\/wp\/v2\/pages\/1727\/revisions"}],"predecessor-version":[{"id":1731,"href":"https:\/\/hubertpietka.bialystok.pl\/index.php?rest_route=\/wp\/v2\/pages\/1727\/revisions\/1731"}],"wp:attachment":[{"href":"https:\/\/hubertpietka.bialystok.pl\/index.php?rest_route=%2Fwp%2Fv2%2Fmedia&parent=1727"}],"curies":[{"name":"wp","href":"https:\/\/api.w.org\/{rel}","templated":true}]}}