{"id":1733,"date":"2018-09-25T08:28:22","date_gmt":"2018-09-25T08:28:22","guid":{"rendered":"http:\/\/hubertpietka.bialystok.pl\/?page_id=1733"},"modified":"2018-09-25T08:30:31","modified_gmt":"2018-09-25T08:30:31","slug":"pulapki-modernizmu-a-serca-czyste","status":"publish","type":"page","link":"https:\/\/hubertpietka.bialystok.pl\/?page_id=1733","title":{"rendered":"Pu\u0142apki modernizmu \/ a serca czyste"},"content":{"rendered":"<p><strong><em>Pu\u0142apki modernizmu \/ a serca czyste<\/em><\/strong><\/p>\n<p>Ludzie ulegaj\u0105 dzi\u015b<br \/>\nModernistycznym pu\u0142apkom<br \/>\nZbytnio psychologizuj\u0105 wszystko<br \/>\nDo pod\u015bwiadomo\u015bci si\u0119 odwo\u0142uj\u0105<br \/>\nW spos\u00f3b prosty \u015bwiata nie traktuj\u0105<\/p>\n<p>A Pan B\u00f3g widzi wi\u0119cej<br \/>\nOn patrzy na serca<br \/>\nNa prostot\u0119 ducha<br \/>\nA nie tylko s\u0142\u00f3w s\u0142ucha<br \/>\nI pod nie podk\u0142ada<br \/>\n\u017bycie cz\u0142owieka<\/p>\n<p>Postmodernizm to fala z\u0142a<br \/>\nKt\u00f3ra dzi\u015b \u015bwiat zalewa<br \/>\nWszystko mo\u017cna zrelatywizowa\u0107<br \/>\nWszystkich do jednego worka wrzuci\u0107<\/p>\n<p>Trzeba patrze\u0107 pro\u015bciej i ja\u015bniej<br \/>\nW Bogu widzi si\u0119 wi\u0119cej<br \/>\nKiedy w Nim<br \/>\nA nie w pozorach zanurza si\u0119 serce<\/p>\n<p>Tego \u017cycz\u0119<br \/>\nBy\u015bcie patrzyli pro\u015bciej<br \/>\nW serca<br \/>\nA nie tylko na r\u0119ce<\/p>\n<p>Na zdj. Niebo na \u017bytniej wczoraj \/<br \/>\nCzysty b\u0142\u0119kit w otoczce chmurnej \/<br \/>\nBo trzeba szuka\u0107 szczerej czysto\u015bci \/<br \/>\nA nie skupia\u0107 si\u0119 na otoczce z\u0142o\u015bci.<\/p>\n<p><img loading=\"lazy\" decoding=\"async\" class=\"JZUAbb\" src=\"https:\/\/lh3.googleusercontent.com\/-gi9hRpFMDv8\/W6ndCdWa2VI\/AAAAAAAAGo0\/mPqa_vUfSqMkDImYk-S7KHA7qRB5Y4CCACJoC\/w530-h398-n\/IMG_20180924_173152.jpg\" alt=\"Zdj\u0119cie\" width=\"530\" height=\"398\" \/><\/p>\n<p style=\"text-align: center;\"><a href=\"https:\/\/www.youtube.com\/watch?v=EaAmay--ufI\"><em><strong>Ich Troje &#8211; B\u00f3g jest Mi\u0142o\u015bci\u0105<\/strong><\/em><\/a><\/p>\n","protected":false},"excerpt":{"rendered":"<p>Pu\u0142apki modernizmu \/ a serca czyste Ludzie ulegaj\u0105 dzi\u015b Modernistycznym pu\u0142apkom Zbytnio psychologizuj\u0105 wszystko Do pod\u015bwiadomo\u015bci si\u0119 odwo\u0142uj\u0105 W spos\u00f3b prosty \u015bwiata nie traktuj\u0105 A&hellip; <\/p>\n","protected":false},"author":1,"featured_media":0,"parent":0,"menu_order":0,"comment_status":"closed","ping_status":"closed","template":"","meta":{"footnotes":""},"class_list":["post-1733","page","type-page","status-publish","hentry"],"_links":{"self":[{"href":"https:\/\/hubertpietka.bialystok.pl\/index.php?rest_route=\/wp\/v2\/pages\/1733","targetHints":{"allow":["GET"]}}],"collection":[{"href":"https:\/\/hubertpietka.bialystok.pl\/index.php?rest_route=\/wp\/v2\/pages"}],"about":[{"href":"https:\/\/hubertpietka.bialystok.pl\/index.php?rest_route=\/wp\/v2\/types\/page"}],"author":[{"embeddable":true,"href":"https:\/\/hubertpietka.bialystok.pl\/index.php?rest_route=\/wp\/v2\/users\/1"}],"replies":[{"embeddable":true,"href":"https:\/\/hubertpietka.bialystok.pl\/index.php?rest_route=%2Fwp%2Fv2%2Fcomments&post=1733"}],"version-history":[{"count":3,"href":"https:\/\/hubertpietka.bialystok.pl\/index.php?rest_route=\/wp\/v2\/pages\/1733\/revisions"}],"predecessor-version":[{"id":1736,"href":"https:\/\/hubertpietka.bialystok.pl\/index.php?rest_route=\/wp\/v2\/pages\/1733\/revisions\/1736"}],"wp:attachment":[{"href":"https:\/\/hubertpietka.bialystok.pl\/index.php?rest_route=%2Fwp%2Fv2%2Fmedia&parent=1733"}],"curies":[{"name":"wp","href":"https:\/\/api.w.org\/{rel}","templated":true}]}}