{"id":1744,"date":"2018-09-30T18:39:40","date_gmt":"2018-09-30T18:39:40","guid":{"rendered":"http:\/\/hubertpietka.bialystok.pl\/?page_id=1744"},"modified":"2018-09-30T18:55:23","modified_gmt":"2018-09-30T18:55:23","slug":"limeryk-polityczny-potyliczny-liczny-i-liryczny","status":"publish","type":"page","link":"https:\/\/hubertpietka.bialystok.pl\/?page_id=1744","title":{"rendered":"Limeryk polityczny potyliczny \/ liczny i liryczny"},"content":{"rendered":"<p><strong><em>Limeryk polityczny potyliczny \/ liczny i liryczny<\/em><\/strong><\/p>\n<p>TSUE-nami si\u0119 zajmie<br \/>\nRas-putin sam jeden<br \/>\nNa to NATO<br \/>\nPolska i dwa \u015bwiaty<\/p>\n<p>Na zdj. Na wschodzie \u017bytniej na niebie \/<br \/>\nWybuchaj\u0105ce powietrze w przestrze\u0144 \/<br \/>\nA ja g\u0142ow\u0119 sobie wietrz\u0119 \/<br \/>\nBo trzeba z dystansem na \u015bwiat patrze\u0107.<\/p>\n<p><img loading=\"lazy\" decoding=\"async\" class=\"JZUAbb\" src=\"https:\/\/lh3.googleusercontent.com\/-q1_O16qFMBI\/W7CRyMsTK5I\/AAAAAAAAG2E\/Bxe7gisMx2UAGn-l-S60ysEUY4vs9C_nACJoC\/w530-h398-n\/IMG_20180928_172621.jpg\" alt=\"Zdj\u0119cie\" width=\"530\" height=\"398\" \/><\/p>\n<p style=\"text-align: center;\"><a href=\"https:\/\/www.youtube.com\/watch?v=kUUn88vmUnE\"><em><strong>Eye of the Storm &#8211; Watt White<\/strong><\/em><\/a><\/p>\n","protected":false},"excerpt":{"rendered":"<p>Limeryk polityczny potyliczny \/ liczny i liryczny TSUE-nami si\u0119 zajmie Ras-putin sam jeden Na to NATO Polska i dwa \u015bwiaty Na zdj. Na wschodzie \u017bytniej&hellip; <\/p>\n","protected":false},"author":1,"featured_media":0,"parent":0,"menu_order":0,"comment_status":"closed","ping_status":"closed","template":"","meta":{"footnotes":""},"class_list":["post-1744","page","type-page","status-publish","hentry"],"_links":{"self":[{"href":"https:\/\/hubertpietka.bialystok.pl\/index.php?rest_route=\/wp\/v2\/pages\/1744","targetHints":{"allow":["GET"]}}],"collection":[{"href":"https:\/\/hubertpietka.bialystok.pl\/index.php?rest_route=\/wp\/v2\/pages"}],"about":[{"href":"https:\/\/hubertpietka.bialystok.pl\/index.php?rest_route=\/wp\/v2\/types\/page"}],"author":[{"embeddable":true,"href":"https:\/\/hubertpietka.bialystok.pl\/index.php?rest_route=\/wp\/v2\/users\/1"}],"replies":[{"embeddable":true,"href":"https:\/\/hubertpietka.bialystok.pl\/index.php?rest_route=%2Fwp%2Fv2%2Fcomments&post=1744"}],"version-history":[{"count":4,"href":"https:\/\/hubertpietka.bialystok.pl\/index.php?rest_route=\/wp\/v2\/pages\/1744\/revisions"}],"predecessor-version":[{"id":1748,"href":"https:\/\/hubertpietka.bialystok.pl\/index.php?rest_route=\/wp\/v2\/pages\/1744\/revisions\/1748"}],"wp:attachment":[{"href":"https:\/\/hubertpietka.bialystok.pl\/index.php?rest_route=%2Fwp%2Fv2%2Fmedia&parent=1744"}],"curies":[{"name":"wp","href":"https:\/\/api.w.org\/{rel}","templated":true}]}}