{"id":1751,"date":"2018-09-30T19:26:51","date_gmt":"2018-09-30T19:26:51","guid":{"rendered":"http:\/\/hubertpietka.bialystok.pl\/?page_id=1751"},"modified":"2018-09-30T19:57:26","modified_gmt":"2018-09-30T19:57:26","slug":"byc-soba-w-chrystusie","status":"publish","type":"page","link":"https:\/\/hubertpietka.bialystok.pl\/?page_id=1751","title":{"rendered":"By\u0107 sob\u0105 \/ w Chrystusie"},"content":{"rendered":"<p><strong><em>By\u0107 sob\u0105 \/ w Chrystusie<\/em><\/strong><\/p>\n<p>Tylko Jezus mo\u017ce<br \/>\nWype\u0142ni\u0107 cz\u0142owiecz\u0105 dusz\u0119<br \/>\nSob\u0105 do ko\u0144ca<br \/>\nMo\u017cna by\u0107 tylko w Chrystusie<\/p>\n<p>Wtedy dok\u0105dkolwiek p\u00f3jdziesz<br \/>\nI cokolwiek zrobisz<br \/>\nJezus b\u0119dzie w Tobie<br \/>\nOn Sam m\u00f3wi\u0142 b\u0119dzie<\/p>\n<p>Nie trzeba tu<br \/>\nWielkich s\u0142\u00f3w<br \/>\nNie b\u0119dzie trzeba nic wi\u0119cej<br \/>\nBo Chrystus w Tobie b\u0119dzie<\/p>\n<p><em>Na zdj. Przy Mi\u0142osierdziu Bo\u017cym \u015bwierki \/<\/em><br \/>\n<em> I otaczaj\u0105ca je niebieska przestrze\u0144 \/<\/em><br \/>\n<em> Chmurki te\u017c je okalaj\u0105 \/<\/em><br \/>\n<em> Wolna t\u0142o zostawiaj\u0105c.<\/em><br \/>\n<strong><em> * Podobnie Chrystus traktuje cz\u0142owieka \/<\/em><\/strong><br \/>\n<strong><em> Niczego mu nie zabiera \/<\/em><\/strong><br \/>\n<strong><em> jedynie puste miejsca zape\u0142nia.<\/em><\/strong><\/p>\n<p><img loading=\"lazy\" decoding=\"async\" class=\"JZUAbb\" src=\"https:\/\/lh3.googleusercontent.com\/-K4-sYZl8FWQ\/W7DeslLZSaI\/AAAAAAAAG4A\/w1CE9zkzJp4sgz3uWYjG70ZAuqh0AfulACJoC\/w530-h398-n\/IMG_20180930_134444.jpg\" alt=\"Zdj\u0119cie\" width=\"530\" height=\"398\" \/><\/p>\n<h1 class=\"title style-scope ytd-video-primary-info-renderer\" style=\"text-align: center;\"><a href=\"https:\/\/www.youtube.com\/watch?v=WqyKubd2etQ\"><em>Duchu \u015awi\u0119ty, tchnienie Ojca<\/em><\/a><\/h1>\n<h1 class=\"title style-scope ytd-video-primary-info-renderer\" style=\"text-align: center;\"><a href=\"https:\/\/www.youtube.com\/watch?v=hglb3C3ZplY\"><em>Beata Bednarz &#8211; M\u00f3j Jezu, m\u00f3j Zbawco (Krzycz na cze\u015b\u0107 Pana!)<\/em><\/a><\/h1>\n<h1 class=\"title style-scope ytd-video-primary-info-renderer\" style=\"text-align: center;\"><a href=\"https:\/\/www.youtube.com\/watch?v=JhmBToCHefo\"><em>\u017byj\u0119 nie ja &#8211; Exodusconf | EX15 | Konferencja Exodus<\/em><\/a><\/h1>\n<h1 class=\"title style-scope ytd-video-primary-info-renderer\" style=\"text-align: center;\"><a href=\"https:\/\/www.youtube.com\/watch?v=3J9R-Ypg1dI\"><em>Na nowo stwarzaj mnie<\/em><\/a><\/h1>\n","protected":false},"excerpt":{"rendered":"<p>By\u0107 sob\u0105 \/ w Chrystusie Tylko Jezus mo\u017ce Wype\u0142ni\u0107 cz\u0142owiecz\u0105 dusz\u0119 Sob\u0105 do ko\u0144ca Mo\u017cna by\u0107 tylko w Chrystusie Wtedy dok\u0105dkolwiek p\u00f3jdziesz I cokolwiek zrobisz&hellip; <\/p>\n","protected":false},"author":1,"featured_media":0,"parent":0,"menu_order":0,"comment_status":"closed","ping_status":"closed","template":"","meta":{"footnotes":""},"class_list":["post-1751","page","type-page","status-publish","hentry"],"_links":{"self":[{"href":"https:\/\/hubertpietka.bialystok.pl\/index.php?rest_route=\/wp\/v2\/pages\/1751","targetHints":{"allow":["GET"]}}],"collection":[{"href":"https:\/\/hubertpietka.bialystok.pl\/index.php?rest_route=\/wp\/v2\/pages"}],"about":[{"href":"https:\/\/hubertpietka.bialystok.pl\/index.php?rest_route=\/wp\/v2\/types\/page"}],"author":[{"embeddable":true,"href":"https:\/\/hubertpietka.bialystok.pl\/index.php?rest_route=\/wp\/v2\/users\/1"}],"replies":[{"embeddable":true,"href":"https:\/\/hubertpietka.bialystok.pl\/index.php?rest_route=%2Fwp%2Fv2%2Fcomments&post=1751"}],"version-history":[{"count":8,"href":"https:\/\/hubertpietka.bialystok.pl\/index.php?rest_route=\/wp\/v2\/pages\/1751\/revisions"}],"predecessor-version":[{"id":1759,"href":"https:\/\/hubertpietka.bialystok.pl\/index.php?rest_route=\/wp\/v2\/pages\/1751\/revisions\/1759"}],"wp:attachment":[{"href":"https:\/\/hubertpietka.bialystok.pl\/index.php?rest_route=%2Fwp%2Fv2%2Fmedia&parent=1751"}],"curies":[{"name":"wp","href":"https:\/\/api.w.org\/{rel}","templated":true}]}}