{"id":1761,"date":"2018-10-05T21:57:13","date_gmt":"2018-10-05T21:57:13","guid":{"rendered":"http:\/\/hubertpietka.bialystok.pl\/?page_id=1761"},"modified":"2018-10-05T22:17:49","modified_gmt":"2018-10-05T22:17:49","slug":"milosc-z-osierdzia-piekno-bozego-milosierdzia","status":"publish","type":"page","link":"https:\/\/hubertpietka.bialystok.pl\/?page_id=1761","title":{"rendered":"Mi\u0142o\u015b\u0107 z osierdzia \/ pi\u0119kno Bo\u017cego Mi\u0142osierdzia"},"content":{"rendered":"<p><strong><em>Mi\u0142o\u015b\u0107 z osierdzia \/ pi\u0119kno Bo\u017cego Mi\u0142osierdzia<\/em><\/strong><\/p>\n<p>Mi\u0142o\u015b\u0107 wyp\u0142ywaj\u0105ca prosto z osierdzia<br \/>\nNajw\u0142a\u015bciwsza cecha Boga<br \/>\nSerce Boga<br \/>\nBo\u017ce Mi\u0142osierdzie<\/p>\n<p>Kana\u0142 \u0142ask p\u0142yn\u0105cy nurtem czystym<br \/>\nCzekaj\u0105cy tylko<br \/>\nBy cz\u0142owiek si\u0119 otworzy\u0142<br \/>\nNa Mi\u0142osierdzie Bo\u017ce<\/p>\n<p>Wystarczy tylko stan\u0105\u0107 w prawdzie<br \/>\nI uzna\u0107 sw\u0105 krucho\u015b\u0107 i grzeszno\u015b\u0107<br \/>\nWobec Boga<br \/>\nBy spotka\u0107 si\u0119 z Bo\u017c\u0105 Mi\u0142o\u015bci\u0105<\/p>\n<p>Bo B\u00f3g kocha zawsze cz\u0142owieka<br \/>\nOn dla niego umar\u0142 i zmartwychwsta\u0142<br \/>\nLecz cz\u0142owiek uzna\u0107 musi<br \/>\n\u017be pochodzi od Boga<br \/>\nI do Niego zmierza<\/p>\n<p>Wtedy Mi\u0142osierdzie Bo\u017ce<br \/>\nPop\u0142ynie jak morze<br \/>\nKt\u00f3re cz\u0142owieka muszelk\u0119 ma\u0142\u0105<br \/>\nOtoczy Swa fal\u0105<\/p>\n<p>I poprowadzi lekko<br \/>\nPrzez \u017cyciowe burze<br \/>\nKiedy trzeba utuli<br \/>\nA gdy musi<br \/>\nPotrz\u0105\u015bnie czule<\/p>\n<p>Tylko w oceanie Bo\u017cego Mi\u0142osierdzia<br \/>\nLudzka n\u0119dza<br \/>\nW ge\u015bcie ko\u0142ysania jest podniesiona<br \/>\nDo tronu Boga<\/p>\n<p>Na zdj. Chmury na \u017bytniej dzi\u015b by\u0142y \/<br \/>\nJak wzburzonego morza fale \/<br \/>\nPotem tafla nieba wyg\u0142adzi\u0142a si\u0119 \u0142adnie \/<br \/>\n\u017bycie cz\u0142owieka jak w morzu ma\u0142a muszelka \/<br \/>\nKt\u00f3ra dryfuje po oceanie \/<br \/>\nLecz Pan B\u00f3g nad nami.<br \/>\n* Mi\u0142osierdzie Bo\u017ce wyg\u0142adza spraw ludzkich morze \/<br \/>\nZaufaj Mu, jeszcze mo\u017cesz.<\/p>\n<p><img loading=\"lazy\" decoding=\"async\" class=\"JZUAbb\" src=\"https:\/\/lh3.googleusercontent.com\/-lRyWAwhRqx0\/W7au226jWlI\/AAAAAAAAG9M\/NH61yCri4Y8dF-6Dj7vHog4KnPXmfr89gCJoC\/w530-h398-n\/IMG_20181004_134320.jpg\" alt=\"Zdj\u0119cie\" width=\"530\" height=\"398\" \/><\/p>\n<h1 class=\"title style-scope ytd-video-primary-info-renderer\" style=\"text-align: center;\">\/ <a href=\"https:\/\/www.youtube.com\/watch?v=QX9Gl1uzlZA\"><em>T.Love &#8211; Prawdziwe Zycie <\/em><\/a>\/<\/h1>\n<h1 class=\"title style-scope ytd-video-primary-info-renderer\" style=\"text-align: center;\"><a href=\"https:\/\/www.youtube.com\/watch?v=pOaXdHjlXzA\"><em>Bursztynek bursztynek znalaz\u0142am go na pla\u017cy<\/em><\/a><\/h1>\n<p style=\"text-align: center;\">\ud83d\ude42<\/p>\n<p style=\"text-align: center;\">*** <em><strong><a href=\"https:\/\/www.youtube.com\/watch?v=DMu-07s29Co\">Pawe\u0142 B\u0119benek &#8211; Jezu ufam Tobie <\/a><\/strong><\/em>***<\/p>\n","protected":false},"excerpt":{"rendered":"<p>Mi\u0142o\u015b\u0107 z osierdzia \/ pi\u0119kno Bo\u017cego Mi\u0142osierdzia Mi\u0142o\u015b\u0107 wyp\u0142ywaj\u0105ca prosto z osierdzia Najw\u0142a\u015bciwsza cecha Boga Serce Boga Bo\u017ce Mi\u0142osierdzie Kana\u0142 \u0142ask p\u0142yn\u0105cy nurtem czystym Czekaj\u0105cy&hellip; <\/p>\n","protected":false},"author":1,"featured_media":0,"parent":0,"menu_order":0,"comment_status":"closed","ping_status":"closed","template":"","meta":{"footnotes":""},"class_list":["post-1761","page","type-page","status-publish","hentry"],"_links":{"self":[{"href":"https:\/\/hubertpietka.bialystok.pl\/index.php?rest_route=\/wp\/v2\/pages\/1761","targetHints":{"allow":["GET"]}}],"collection":[{"href":"https:\/\/hubertpietka.bialystok.pl\/index.php?rest_route=\/wp\/v2\/pages"}],"about":[{"href":"https:\/\/hubertpietka.bialystok.pl\/index.php?rest_route=\/wp\/v2\/types\/page"}],"author":[{"embeddable":true,"href":"https:\/\/hubertpietka.bialystok.pl\/index.php?rest_route=\/wp\/v2\/users\/1"}],"replies":[{"embeddable":true,"href":"https:\/\/hubertpietka.bialystok.pl\/index.php?rest_route=%2Fwp%2Fv2%2Fcomments&post=1761"}],"version-history":[{"count":8,"href":"https:\/\/hubertpietka.bialystok.pl\/index.php?rest_route=\/wp\/v2\/pages\/1761\/revisions"}],"predecessor-version":[{"id":1769,"href":"https:\/\/hubertpietka.bialystok.pl\/index.php?rest_route=\/wp\/v2\/pages\/1761\/revisions\/1769"}],"wp:attachment":[{"href":"https:\/\/hubertpietka.bialystok.pl\/index.php?rest_route=%2Fwp%2Fv2%2Fmedia&parent=1761"}],"curies":[{"name":"wp","href":"https:\/\/api.w.org\/{rel}","templated":true}]}}