{"id":1779,"date":"2018-10-08T09:12:59","date_gmt":"2018-10-08T09:12:59","guid":{"rendered":"http:\/\/hubertpietka.bialystok.pl\/?page_id=1779"},"modified":"2018-10-09T06:12:59","modified_gmt":"2018-10-09T06:12:59","slug":"pazdziernik-otoczyc-wszystko-przez-szaniec-swiety-rozaniec","status":"publish","type":"page","link":"https:\/\/hubertpietka.bialystok.pl\/?page_id=1779","title":{"rendered":"Pa\u017adziernik \/ otoczy\u0107 wszystko przez szaniec \/ \u015awi\u0119ty R\u00f3\u017caniec"},"content":{"rendered":"<p><strong><em>Pa\u017adziernik \/ otoczy\u0107 wszystko przez szaniec \/ <\/em><\/strong><strong><em>\u015awi\u0119ty <\/em><\/strong><strong><em>R\u00f3\u017caniec <\/em><\/strong><\/p>\n<p><strong>Intro<\/strong><br \/>\nGdy z\u0142o si\u0119 wzmaga<br \/>\nPotrzebna jest obrona specjalna<br \/>\nKt\u00f3ra wszystko otoczy<br \/>\nI zamknie<br \/>\nW r\u00f3\u017ca\u0144cowych paciorkach<br \/>\nZdrowas<br \/>\nNiech brzmi nieustannie<\/p>\n<p><strong>1.<\/strong><br \/>\n22 r\u00f3\u017ca\u0144cowe tajemnice<br \/>\nTe znane og\u00f3lnie<br \/>\nOraz prolog i exodus<br \/>\nNa pocz\u0105tku<br \/>\nNiepokalane Pocz\u0119cie Maryi Panny \u015awi\u0119tej<br \/>\nA na ko\u0144cu<br \/>\nPowt\u00f3rne przyj\u015bcie Chrystusa Pana<br \/>\nNiech nam rozbrzmiewa<br \/>\nAmen<\/p>\n<p><strong>2.<\/strong><br \/>\n22 tajemnice<br \/>\n2 pomno\u017cone przez 2<br \/>\nKa\u017cde 2<br \/>\n2&#215;2 i 2&#215;2<br \/>\n4i4<br \/>\n44<br \/>\nDwa to liczba Maryjna<\/p>\n<p><strong>3.<\/strong><br \/>\n66 liczba znana tez<br \/>\nLiczba szatana<br \/>\nKt\u00f3r\u0105 on eksponuje tak\u017ce<br \/>\nSzatan a Maryja<br \/>\n66-22=44<br \/>\nMaryjo zwyci\u0119\u017caj<br \/>\nW swym dziele<\/p>\n<p><strong>4.<\/strong><br \/>\n4i4<br \/>\nDzie\u0142o Maryi<br \/>\nMaryja kr\u00f3luje<br \/>\nPrzez \u015awi\u0119ty R\u00f3\u017caniec<br \/>\nZwyci\u0119\u017cony szatan zostanie<\/p>\n<p><strong>Ex<\/strong><br \/>\nZwyci\u0119\u017casz Maryjo ju\u017c przecie\u017c<br \/>\nDzi\u015b by\u0142y Twe urodziny<br \/>\nKr\u00f3lowej R\u00f3\u017ca\u0144ca \u015awi\u0119tej<br \/>\nPrzed Ni\u0105 dr\u017cy w posadach piek\u0142o<\/p>\n<p><em>Na zdj. Zachodnie s\u0142o\u0144ce przy ko\u015bciele NMP Zwiastowania \/<\/em><br \/>\n<em> Ufam Tobie Maryjo ufam Tobie o Panie \/<\/em><br \/>\n<em> Dzi\u015b Maryi R\u00f3\u017ca\u0144cowej by\u0142y urodziny \/<\/em><br \/>\n<em> Dzi\u015b tez rocznica eucharystycznych wydarze\u0144 sok\u00f3lskich \/<\/em><br \/>\n<em> Eucharystia i R\u00f3\u017caniec \/<\/em><br \/>\n<em> Dwa wyznaczniki na w Bogu trwanie.<\/em><\/p>\n<p><img loading=\"lazy\" decoding=\"async\" class=\"JZUAbb\" src=\"https:\/\/lh3.googleusercontent.com\/-NJxDgJG_Axg\/W7qTDuKA1BI\/AAAAAAAAHBg\/CvOPhouM4V0rq1WEQeF-pTt75REhmbwwACJoC\/w530-h398-n\/IMG_20181007_172447.jpg\" alt=\"Zdj\u0119cie\" width=\"530\" height=\"398\" \/><\/p>\n<h1 class=\"title style-scope ytd-video-primary-info-renderer\" style=\"text-align: center;\"><a href=\"https:\/\/www.youtube.com\/watch?v=yk0X4USMbds\"><em>Maryja \u015aliczna Pani<\/em><\/a><\/h1>\n","protected":false},"excerpt":{"rendered":"<p>Pa\u017adziernik \/ otoczy\u0107 wszystko przez szaniec \/ \u015awi\u0119ty R\u00f3\u017caniec Intro Gdy z\u0142o si\u0119 wzmaga Potrzebna jest obrona specjalna Kt\u00f3ra wszystko otoczy I zamknie W r\u00f3\u017ca\u0144cowych&hellip; <\/p>\n","protected":false},"author":1,"featured_media":0,"parent":0,"menu_order":0,"comment_status":"closed","ping_status":"closed","template":"","meta":{"footnotes":""},"class_list":["post-1779","page","type-page","status-publish","hentry"],"_links":{"self":[{"href":"https:\/\/hubertpietka.bialystok.pl\/index.php?rest_route=\/wp\/v2\/pages\/1779","targetHints":{"allow":["GET"]}}],"collection":[{"href":"https:\/\/hubertpietka.bialystok.pl\/index.php?rest_route=\/wp\/v2\/pages"}],"about":[{"href":"https:\/\/hubertpietka.bialystok.pl\/index.php?rest_route=\/wp\/v2\/types\/page"}],"author":[{"embeddable":true,"href":"https:\/\/hubertpietka.bialystok.pl\/index.php?rest_route=\/wp\/v2\/users\/1"}],"replies":[{"embeddable":true,"href":"https:\/\/hubertpietka.bialystok.pl\/index.php?rest_route=%2Fwp%2Fv2%2Fcomments&post=1779"}],"version-history":[{"count":5,"href":"https:\/\/hubertpietka.bialystok.pl\/index.php?rest_route=\/wp\/v2\/pages\/1779\/revisions"}],"predecessor-version":[{"id":1792,"href":"https:\/\/hubertpietka.bialystok.pl\/index.php?rest_route=\/wp\/v2\/pages\/1779\/revisions\/1792"}],"wp:attachment":[{"href":"https:\/\/hubertpietka.bialystok.pl\/index.php?rest_route=%2Fwp%2Fv2%2Fmedia&parent=1779"}],"curies":[{"name":"wp","href":"https:\/\/api.w.org\/{rel}","templated":true}]}}