{"id":1785,"date":"2018-10-08T09:29:36","date_gmt":"2018-10-08T09:29:36","guid":{"rendered":"http:\/\/hubertpietka.bialystok.pl\/?page_id=1785"},"modified":"2018-10-08T09:33:12","modified_gmt":"2018-10-08T09:33:12","slug":"milosierny-pan-a-ludzka-nedza","status":"publish","type":"page","link":"https:\/\/hubertpietka.bialystok.pl\/?page_id=1785","title":{"rendered":"Mi\u0142osierny Pan \/ a ludzka n\u0119dza"},"content":{"rendered":"<p><strong><em>Mi\u0142osierny Pan \/ a ludzka n\u0119dza<\/em><\/strong><\/p>\n<p>Jedyna ucieczka przed w\u0142asn\u0105 n\u0119dz\u0105<br \/>\n&#8211; Jezus Mi\u0142osierny<\/p>\n<p>Ochrona przed z\u0142ym okiem i s\u0142owem<br \/>\n&#8211; Mi\u0142osierdzie Bo\u017ce<\/p>\n<p>Ufno\u015b\u0107 w przeciwno\u015bciach i losu zmienno\u015bciach<br \/>\n&#8211; zaufanie Bo\u017cej Opatrzno\u015bci<\/p>\n<p>Wesp\u00f3\u0142 z drugim odczuwanie<br \/>\n&#8211; b\u0105d\u017a z nami zawsze Mi\u0142osierny Panie<\/p>\n<p>Jezu ufam Tobie<br \/>\n&#8211; moje \u017cycie w tym zwrocie<\/p>\n<p>Mimo w\u0142asnej s\u0142abo\u015bci<br \/>\n&#8211; ufa\u0107 przecie\u017c Bo\u017cej lito\u015bci<\/p>\n<p>Mi\u0142osierna mi\u0142o\u015b\u0107 Boga<br \/>\n&#8211; to jedyna moja droga<\/p>\n<p>Id\u0119 ni\u0105 z Maryj\u0105<br \/>\n&#8211; dlatego<\/p>\n<p>*Nie zawstydz\u0119 si\u0119<br \/>\nNie zwiedzie mnie demon<\/p>\n<p><em>Na zdj. Poranne s\u0142o\u0144ce na \u017bytniej \/<\/em><br \/>\n<em> S\u0142o\u0144cem \u015bwiata jest Chrystus \/<\/em><br \/>\n<em> Dlatego mimo n\u0119dzy w\u0142asnej \/<\/em><br \/>\n<em> Promieni\u015bcie zakorzeniam si\u0119 w Panu\/<\/em><br \/>\n<em> W Nim i Maryi przecie\u017c z\u0142o\u017cy\u0142em wszystkie swoje nadzieje.<\/em><\/p>\n<p><img loading=\"lazy\" decoding=\"async\" class=\"JZUAbb\" src=\"https:\/\/lh3.googleusercontent.com\/-xMo7Ck2ZVG0\/W7hGK9jiTlI\/AAAAAAAAG-Y\/OxBkX2AiWugygEU97wyWP3ZExnoFmwjQgCJoC\/w530-h398-n\/IMG_20181006_070626.jpg\" alt=\"Zdj\u0119cie\" width=\"530\" height=\"398\" \/><\/p>\n<h1 class=\"title style-scope ytd-video-primary-info-renderer\" style=\"text-align: center;\"><a href=\"https:\/\/www.youtube.com\/watch?v=jlc7rWVvq2Q\"><em>Stoj\u0119 dzi\u015b<\/em><\/a><\/h1>\n","protected":false},"excerpt":{"rendered":"<p>Mi\u0142osierny Pan \/ a ludzka n\u0119dza Jedyna ucieczka przed w\u0142asn\u0105 n\u0119dz\u0105 &#8211; Jezus Mi\u0142osierny Ochrona przed z\u0142ym okiem i s\u0142owem &#8211; Mi\u0142osierdzie Bo\u017ce Ufno\u015b\u0107 w&hellip; <\/p>\n","protected":false},"author":1,"featured_media":0,"parent":0,"menu_order":0,"comment_status":"closed","ping_status":"closed","template":"","meta":{"footnotes":""},"class_list":["post-1785","page","type-page","status-publish","hentry"],"_links":{"self":[{"href":"https:\/\/hubertpietka.bialystok.pl\/index.php?rest_route=\/wp\/v2\/pages\/1785","targetHints":{"allow":["GET"]}}],"collection":[{"href":"https:\/\/hubertpietka.bialystok.pl\/index.php?rest_route=\/wp\/v2\/pages"}],"about":[{"href":"https:\/\/hubertpietka.bialystok.pl\/index.php?rest_route=\/wp\/v2\/types\/page"}],"author":[{"embeddable":true,"href":"https:\/\/hubertpietka.bialystok.pl\/index.php?rest_route=\/wp\/v2\/users\/1"}],"replies":[{"embeddable":true,"href":"https:\/\/hubertpietka.bialystok.pl\/index.php?rest_route=%2Fwp%2Fv2%2Fcomments&post=1785"}],"version-history":[{"count":5,"href":"https:\/\/hubertpietka.bialystok.pl\/index.php?rest_route=\/wp\/v2\/pages\/1785\/revisions"}],"predecessor-version":[{"id":1790,"href":"https:\/\/hubertpietka.bialystok.pl\/index.php?rest_route=\/wp\/v2\/pages\/1785\/revisions\/1790"}],"wp:attachment":[{"href":"https:\/\/hubertpietka.bialystok.pl\/index.php?rest_route=%2Fwp%2Fv2%2Fmedia&parent=1785"}],"curies":[{"name":"wp","href":"https:\/\/api.w.org\/{rel}","templated":true}]}}