{"id":1793,"date":"2018-10-12T21:29:34","date_gmt":"2018-10-12T21:29:34","guid":{"rendered":"http:\/\/hubertpietka.bialystok.pl\/?page_id=1793"},"modified":"2018-10-12T21:31:45","modified_gmt":"2018-10-12T21:31:45","slug":"wspolnota-ludzka-ponad-wszystko-dobro","status":"publish","type":"page","link":"https:\/\/hubertpietka.bialystok.pl\/?page_id=1793","title":{"rendered":"Wsp\u00f3lnota ludzka \/ ponad wszystko dobro"},"content":{"rendered":"<p><strong><em>Wsp\u00f3lnota ludzka \/ ponad wszystko dobro<\/em><\/strong><\/p>\n<p>Wsp\u00f3lnota mi\u0119dzyludzka wi\u0119cej znaczy<br \/>\nNi\u017c podzia\u0142y wszelkie<\/p>\n<p>Chrystus pok\u00f3j i prawd\u0119<br \/>\nLudziom niesie<\/p>\n<p>Z siebie wyzwala<br \/>\nBy wyj\u015b\u0107 na przeciw brata<\/p>\n<p>Kimkolwiek on jest<br \/>\nI czymkolwiek \u017cyje te\u017c<\/p>\n<p>Je\u015bli tylko z dobr\u0105 wol\u0105<br \/>\nSpotyka sie z \u015bwiatem<\/p>\n<p>Wystarczy z\u0142a \u015bwiadomie unika\u0107<br \/>\nI o nie nie oskar\u017ca\u0107 k\u0142amliwie innych<\/p>\n<p>\u0141\u0105czy\u0107 wed\u0142ug dobrych warto\u015bci intencje<br \/>\n\u017by\u0107 w zgodzie z dobrze ukszta\u0142towanym sumieniem<\/p>\n<p>Porz\u0105dkowa\u0107 \u015bwiat sprawiedliwie<br \/>\nW mi\u0142o\u015bci a nie nienawi\u015bci<\/p>\n<p><em>Na zdj. Popo\u0142udniowe s\u0142o\u0144ce \/<\/em><br \/>\n<em> Drzewo i sanktuarium &#8211; Mi\u0142osierdzie Bo\u017ce \/<\/em><br \/>\n<em> Uniwersalne warto\u015bci zapuszczaj\u0105 korzenie w wieczno\u015bci \/<\/em><br \/>\n<em> Niech nie przys\u0142aniaj\u0105 ich ludzkie s\u0142abo\u015bci.<\/em><\/p>\n<p><img loading=\"lazy\" decoding=\"async\" class=\"JZUAbb\" src=\"https:\/\/lh3.googleusercontent.com\/-Jfp7df5mOTA\/W7_Bxg-TZYI\/AAAAAAAAHJY\/9w5EkeqJw4EaXJSA2aWcqCD0zAWghH_-ACJoC\/w530-h398-n\/IMG_20181011_160610.jpg\" alt=\"Zdj\u0119cie\" width=\"530\" height=\"398\" \/><\/p>\n<p style=\"text-align: center;\">***Cho\u0107 z\u0142o pr\u00f3buje zaciemni\u0107 wszystko<br \/>\nDobra nie zniszczy<br \/>\nCho\u0107 wszystko zatruwa jadem k\u0142amstwa<br \/>\nJest przecie\u017c tkanka czysta pi\u0119kna jasna<br \/>\nTrzeba przesiewa\u0107 w sobie sta\u0142o\u015bci<br \/>\nI nie poddawa\u0107 si\u0119 z\u0142o\u015bci<br \/>\nPodnosi\u0107 si\u0119 powstawa\u0107<br \/>\nKiedy zw\u0105tpienie ogarnia***<\/p>\n","protected":false},"excerpt":{"rendered":"<p>Wsp\u00f3lnota ludzka \/ ponad wszystko dobro Wsp\u00f3lnota mi\u0119dzyludzka wi\u0119cej znaczy Ni\u017c podzia\u0142y wszelkie Chrystus pok\u00f3j i prawd\u0119 Ludziom niesie Z siebie wyzwala By wyj\u015b\u0107 na&hellip; <\/p>\n","protected":false},"author":1,"featured_media":0,"parent":0,"menu_order":0,"comment_status":"closed","ping_status":"closed","template":"","meta":{"footnotes":""},"class_list":["post-1793","page","type-page","status-publish","hentry"],"_links":{"self":[{"href":"https:\/\/hubertpietka.bialystok.pl\/index.php?rest_route=\/wp\/v2\/pages\/1793","targetHints":{"allow":["GET"]}}],"collection":[{"href":"https:\/\/hubertpietka.bialystok.pl\/index.php?rest_route=\/wp\/v2\/pages"}],"about":[{"href":"https:\/\/hubertpietka.bialystok.pl\/index.php?rest_route=\/wp\/v2\/types\/page"}],"author":[{"embeddable":true,"href":"https:\/\/hubertpietka.bialystok.pl\/index.php?rest_route=\/wp\/v2\/users\/1"}],"replies":[{"embeddable":true,"href":"https:\/\/hubertpietka.bialystok.pl\/index.php?rest_route=%2Fwp%2Fv2%2Fcomments&post=1793"}],"version-history":[{"count":4,"href":"https:\/\/hubertpietka.bialystok.pl\/index.php?rest_route=\/wp\/v2\/pages\/1793\/revisions"}],"predecessor-version":[{"id":1797,"href":"https:\/\/hubertpietka.bialystok.pl\/index.php?rest_route=\/wp\/v2\/pages\/1793\/revisions\/1797"}],"wp:attachment":[{"href":"https:\/\/hubertpietka.bialystok.pl\/index.php?rest_route=%2Fwp%2Fv2%2Fmedia&parent=1793"}],"curies":[{"name":"wp","href":"https:\/\/api.w.org\/{rel}","templated":true}]}}