{"id":1799,"date":"2018-10-12T21:53:05","date_gmt":"2018-10-12T21:53:05","guid":{"rendered":"http:\/\/hubertpietka.bialystok.pl\/?page_id=1799"},"modified":"2018-10-12T21:58:53","modified_gmt":"2018-10-12T21:58:53","slug":"dziekczy-brzmienie-niech-wdzieczy-sie-pieknie","status":"publish","type":"page","link":"https:\/\/hubertpietka.bialystok.pl\/?page_id=1799","title":{"rendered":"Dzi\u0119kczy-brzmienie \/ niech wdzi\u0119czy si\u0119 pi\u0119knie :)"},"content":{"rendered":"<p><strong><em>Dzi\u0119kczy-brzmienie \/ niech wdzi\u0119czy si\u0119 pi\u0119knie \ud83d\ude42<br \/>\n<\/em><\/strong><\/p>\n<p>Dzi\u0119kuj\u0119 za wszystko<br \/>\nZa Was i \u015bwiat<br \/>\nZa ca\u0142e dobro wok\u00f3\u0142 nas<\/p>\n<p>Dzi\u0119kuj\u0119 Ci \u017bono<br \/>\nMoja Rodzina<br \/>\nPrzyjaciele Koledzy<br \/>\nZnani i Nieznani<br \/>\nKochani<\/p>\n<p>Dzi\u0119kuje Ci Panie<br \/>\n\u017be zawsze jeste\u015b z nami<br \/>\nI \u017ce my jeste\u015bmy<br \/>\nNie jeste\u015bmy sami<\/p>\n<p>Za wszystko co si\u0119 dzieje<br \/>\nCho\u0107 nie o wszystkim wiem<br \/>\nNie wszystko te\u017c rozumiem<br \/>\nZa to co mog\u0119 i czego nie<\/p>\n<p>Dzi\u0119kuj\u0119 za \u017cycia cud<br \/>\nMi\u0142o\u015bci mi\u00f3d<br \/>\nZa wiar\u0119 i nadziej\u0119<br \/>\nUfno\u015b\u0107 w Bo\u017ce Mi\u0142osierdzie<\/p>\n<p>Za pi\u0119kno i prawdy poznawanie<br \/>\nWszystkie warto\u015bci uniwersalne<br \/>\nZa Ojczyzn\u0105 sw\u0105 du\u017c\u0105 i ma\u0142\u0105<br \/>\nZa wszelkie aspekty bycia<br \/>\nUniwersum wszech\u015bwiata<\/p>\n<p>Za my\u015bli i uczucia<br \/>\nZa ka\u017cdy dotyk dobra<br \/>\nCzyli znaki obecno\u015bci Boga<br \/>\nI za cz\u0142owieka obok<\/p>\n<p>Dzi\u0119kuj\u0105<br \/>\nWszystkim i Wszystkiemu<br \/>\nKt\u00f3rym powinny to jestem<br \/>\nZ wdzi\u0119czno\u015bci\u0105 dla Was otwieram swe serce<\/p>\n<p>Niech apologia pi\u0119knych warto\u015bci<br \/>\nDotknie nas w dzi\u0119kczynienia obfito\u015bci<br \/>\nI niech dobra i czysta afirmacja<br \/>\nOdmienia oblicze \u015bwiata<\/p>\n<p><em>Na zdj. W tym miejscu ten wierszyk powsta\u0142 \/<\/em><br \/>\n<em> Bo nigdy nie wiadomo kiedy powstanie jaka\u015b koncepcja \/<\/em><br \/>\n<em> Kt\u00f3ra z element\u00f3w r\u00f3\u017cnych wielu \u0142\u0105czy ca\u0142o\u015b\u0107 w tre\u015b\u0107 pewn\u0105 \/<\/em><br \/>\n<em> I tworzy wypadkow\u0105 czyli konkretn\u0105 odpowied\u017a i tak powsta\u0142a ta opowie\u015b\u0107 \ud83d\ude42<\/em><br \/>\n<em> * Dzi\u0119ki, dobrze \u017ce jeste\u015b \ud83d\ude42<\/em><\/p>\n<p><img loading=\"lazy\" decoding=\"async\" class=\"JZUAbb\" src=\"https:\/\/lh3.googleusercontent.com\/-QHFr479RNa8\/W74fCqahwgI\/AAAAAAAAHHg\/AGcKdO1VoocL4LGkpUXy8m2u7QfG63iXgCJoC\/w530-h398-n\/IMG_20181010_132421.jpg\" alt=\"Zdj\u0119cie\" width=\"530\" height=\"398\" \/><\/p>\n<p>&nbsp;<\/p>\n","protected":false},"excerpt":{"rendered":"<p>Dzi\u0119kczy-brzmienie \/ niech wdzi\u0119czy si\u0119 pi\u0119knie \ud83d\ude42 Dzi\u0119kuj\u0119 za wszystko Za Was i \u015bwiat Za ca\u0142e dobro wok\u00f3\u0142 nas Dzi\u0119kuj\u0119 Ci \u017bono Moja Rodzina Przyjaciele&hellip; <\/p>\n","protected":false},"author":1,"featured_media":0,"parent":0,"menu_order":0,"comment_status":"closed","ping_status":"closed","template":"","meta":{"footnotes":""},"class_list":["post-1799","page","type-page","status-publish","hentry"],"_links":{"self":[{"href":"https:\/\/hubertpietka.bialystok.pl\/index.php?rest_route=\/wp\/v2\/pages\/1799","targetHints":{"allow":["GET"]}}],"collection":[{"href":"https:\/\/hubertpietka.bialystok.pl\/index.php?rest_route=\/wp\/v2\/pages"}],"about":[{"href":"https:\/\/hubertpietka.bialystok.pl\/index.php?rest_route=\/wp\/v2\/types\/page"}],"author":[{"embeddable":true,"href":"https:\/\/hubertpietka.bialystok.pl\/index.php?rest_route=\/wp\/v2\/users\/1"}],"replies":[{"embeddable":true,"href":"https:\/\/hubertpietka.bialystok.pl\/index.php?rest_route=%2Fwp%2Fv2%2Fcomments&post=1799"}],"version-history":[{"count":6,"href":"https:\/\/hubertpietka.bialystok.pl\/index.php?rest_route=\/wp\/v2\/pages\/1799\/revisions"}],"predecessor-version":[{"id":1806,"href":"https:\/\/hubertpietka.bialystok.pl\/index.php?rest_route=\/wp\/v2\/pages\/1799\/revisions\/1806"}],"wp:attachment":[{"href":"https:\/\/hubertpietka.bialystok.pl\/index.php?rest_route=%2Fwp%2Fv2%2Fmedia&parent=1799"}],"curies":[{"name":"wp","href":"https:\/\/api.w.org\/{rel}","templated":true}]}}