{"id":1810,"date":"2018-10-19T12:19:42","date_gmt":"2018-10-19T12:19:42","guid":{"rendered":"http:\/\/hubertpietka.bialystok.pl\/?page_id=1810"},"modified":"2018-10-19T12:26:39","modified_gmt":"2018-10-19T12:26:39","slug":"nowy-dzien-czas-na-z-martwych-powstawanie-w-sobie","status":"publish","type":"page","link":"https:\/\/hubertpietka.bialystok.pl\/?page_id=1810","title":{"rendered":"Nowy dzie\u0144 \/ czas na z martwych powstawanie w sobie"},"content":{"rendered":"<p><strong>Nowy dzie\u0144 \/ czas na z martwych powstawanie w sobie<\/strong><\/p>\n<p>Nowy dzie\u0144<br \/>\nObudzi\u0142 stary ludzko\u015bci sen<br \/>\nO lepszym jutrze<\/p>\n<p>Nowy dzie\u0144<br \/>\nNadziei wskrzesza czas<br \/>\nNa lepszych nas<\/p>\n<p>Nowy dzie\u0144<br \/>\nNiech lepszym b\u0119dzie<br \/>\nNiech z\u0142amie z\u0142a cie\u0144<\/p>\n<p>Nowy dzie\u0144<br \/>\nRozb\u0142yska \u015bwiat\u0142em \u015bwie\u017cych tchnie\u0144<br \/>\nNa \u017cycie pi\u0119kne w mi\u0142o\u015bci pokoju i prawdzie<\/p>\n<p>Nowy dzie\u0144<br \/>\nNiech dobro przyniesie<br \/>\nI odpowiedz na ufno\u015b\u0107 w Bo\u017ce Mi\u0142osierdzie<\/p>\n<p><em>Na zdj. Na \u017bytniej wschodzi s\u0142o\u0144ce \/<\/em><br \/>\n<em> Ju\u017c czas na dobro \/<\/em><br \/>\n<em> Niech ten \u015bwi\u0105teczny czas \/<\/em><br \/>\n<em> Odnawia w nas Bo\u017cy blask.<\/em><\/p>\n<p><img loading=\"lazy\" decoding=\"async\" class=\"JZUAbb\" src=\"https:\/\/lh3.googleusercontent.com\/-RYmBoJnsSiw\/W8LepMmW9FI\/AAAAAAAAHMo\/ixEH0n8D9688SiyJqd1L9zTpoMuuafVNACJoC\/w530-h398-n\/IMG_20181014_072342.jpg\" alt=\"Zdj\u0119cie\" width=\"530\" height=\"398\" \/><\/p>\n<h1 class=\"title style-scope ytd-video-primary-info-renderer\" style=\"text-align: center;\"><a href=\"https:\/\/www.youtube.com\/watch?v=A3yzXcN1ewo\"><em>Marek Jackowski &#8211; Ju\u017c nowy jest dzie\u0144<\/em><\/a><\/h1>\n<h1 class=\"title style-scope ytd-video-primary-info-renderer\" style=\"text-align: center;\"><a href=\"https:\/\/www.youtube.com\/watch?v=gzaFiX7R_Fw\"><em>Video &amp; Ania Wyszkoni &#8211; Soft<\/em><\/a><\/h1>\n<p style=\"text-align: center;\">\ud83d\ude42<\/p>\n","protected":false},"excerpt":{"rendered":"<p>Nowy dzie\u0144 \/ czas na z martwych powstawanie w sobie Nowy dzie\u0144 Obudzi\u0142 stary ludzko\u015bci sen O lepszym jutrze Nowy dzie\u0144 Nadziei wskrzesza czas Na&hellip; <\/p>\n","protected":false},"author":1,"featured_media":0,"parent":0,"menu_order":0,"comment_status":"closed","ping_status":"closed","template":"","meta":{"footnotes":""},"class_list":["post-1810","page","type-page","status-publish","hentry"],"_links":{"self":[{"href":"https:\/\/hubertpietka.bialystok.pl\/index.php?rest_route=\/wp\/v2\/pages\/1810","targetHints":{"allow":["GET"]}}],"collection":[{"href":"https:\/\/hubertpietka.bialystok.pl\/index.php?rest_route=\/wp\/v2\/pages"}],"about":[{"href":"https:\/\/hubertpietka.bialystok.pl\/index.php?rest_route=\/wp\/v2\/types\/page"}],"author":[{"embeddable":true,"href":"https:\/\/hubertpietka.bialystok.pl\/index.php?rest_route=\/wp\/v2\/users\/1"}],"replies":[{"embeddable":true,"href":"https:\/\/hubertpietka.bialystok.pl\/index.php?rest_route=%2Fwp%2Fv2%2Fcomments&post=1810"}],"version-history":[{"count":5,"href":"https:\/\/hubertpietka.bialystok.pl\/index.php?rest_route=\/wp\/v2\/pages\/1810\/revisions"}],"predecessor-version":[{"id":1815,"href":"https:\/\/hubertpietka.bialystok.pl\/index.php?rest_route=\/wp\/v2\/pages\/1810\/revisions\/1815"}],"wp:attachment":[{"href":"https:\/\/hubertpietka.bialystok.pl\/index.php?rest_route=%2Fwp%2Fv2%2Fmedia&parent=1810"}],"curies":[{"name":"wp","href":"https:\/\/api.w.org\/{rel}","templated":true}]}}