{"id":1817,"date":"2018-10-19T12:35:31","date_gmt":"2018-10-19T12:35:31","guid":{"rendered":"http:\/\/hubertpietka.bialystok.pl\/?page_id=1817"},"modified":"2018-10-19T12:41:37","modified_gmt":"2018-10-19T12:41:37","slug":"zlota-polska-jesien-jak-klonowe-liscie","status":"publish","type":"page","link":"https:\/\/hubertpietka.bialystok.pl\/?page_id=1817","title":{"rendered":"Z\u0142ota polska jesie\u0144 \/ jak klonowe li\u015bcie"},"content":{"rendered":"<p><strong><em>Z\u0142ota polska jesie\u0144 \/ jak klonowe li\u015bcie<\/em><\/strong><\/p>\n<p>Kiedy ranki ju\u017c ch\u0142odne<br \/>\nA w dzie\u0144 s\u0142o\u0144ce ciep\u0142e<br \/>\nRaduje serce jesie\u0144<br \/>\nZ\u0142ota jak klonowe li\u015bcie<\/p>\n<p>Gdy ptaki ju\u017c kraj nasz \u017cegnaj\u0105<br \/>\nBy po zimie powr\u00f3ci\u0107 znowu<br \/>\nGdy b\u0142\u0119kit nieba przygaszony szeptem<br \/>\nA gwiazdy na r\u0119ki wyci\u0105gni\u0119cie<\/p>\n<p>To jesie\u0144<br \/>\nJak klonowy li\u015b\u0107 z\u0142ota<br \/>\nPod butami szele\u015bci<br \/>\nZmys\u0142y cz\u0142owiecze delikatnie pie\u015bci<\/p>\n<p>Jesie\u0144 jak li\u015b\u0107 klonowy z\u0142ota<br \/>\nZ zadumy cz\u0142owieczej wyrasta<br \/>\nNad sob\u0105 i nad \u015bwiatem<br \/>\nI nad krasa tej pory roku w Polsce<\/p>\n<p><em>Na zdj. Dumka w klonowych li\u015bciach \/<\/em><br \/>\n<em> Uroki jesieni s\u0105 nie do przecenienia \/<\/em><br \/>\n<em> Ciesz\u0105 oczy i uszy \/<\/em><br \/>\n<em> I s\u0105 refleksj\u0105 dla duszy.<\/em><\/p>\n<p><img loading=\"lazy\" decoding=\"async\" class=\"JZUAbb\" src=\"https:\/\/lh3.googleusercontent.com\/-1PlR1QaV1Uc\/W8W9t2EFRqI\/AAAAAAAAHO0\/Hqcy2QP44Zw1TljonDBsZwGSdusGXyCjACJoC\/w530-h398-n\/IMG_20181016_082455.jpg\" alt=\"Zdj\u0119cie\" width=\"530\" height=\"398\" \/><\/p>\n<h1 class=\"title style-scope ytd-video-primary-info-renderer\" style=\"text-align: center;\"><a href=\"https:\/\/www.youtube.com\/watch?v=59JGY-K0BeQ\"><em>T.Love &#8211; Warszawa<\/em><\/a><\/h1>\n<p>&nbsp;<\/p>\n","protected":false},"excerpt":{"rendered":"<p>Z\u0142ota polska jesie\u0144 \/ jak klonowe li\u015bcie Kiedy ranki ju\u017c ch\u0142odne A w dzie\u0144 s\u0142o\u0144ce ciep\u0142e Raduje serce jesie\u0144 Z\u0142ota jak klonowe li\u015bcie Gdy ptaki&hellip; <\/p>\n","protected":false},"author":1,"featured_media":0,"parent":0,"menu_order":0,"comment_status":"closed","ping_status":"closed","template":"","meta":{"footnotes":""},"class_list":["post-1817","page","type-page","status-publish","hentry"],"_links":{"self":[{"href":"https:\/\/hubertpietka.bialystok.pl\/index.php?rest_route=\/wp\/v2\/pages\/1817","targetHints":{"allow":["GET"]}}],"collection":[{"href":"https:\/\/hubertpietka.bialystok.pl\/index.php?rest_route=\/wp\/v2\/pages"}],"about":[{"href":"https:\/\/hubertpietka.bialystok.pl\/index.php?rest_route=\/wp\/v2\/types\/page"}],"author":[{"embeddable":true,"href":"https:\/\/hubertpietka.bialystok.pl\/index.php?rest_route=\/wp\/v2\/users\/1"}],"replies":[{"embeddable":true,"href":"https:\/\/hubertpietka.bialystok.pl\/index.php?rest_route=%2Fwp%2Fv2%2Fcomments&post=1817"}],"version-history":[{"count":5,"href":"https:\/\/hubertpietka.bialystok.pl\/index.php?rest_route=\/wp\/v2\/pages\/1817\/revisions"}],"predecessor-version":[{"id":1822,"href":"https:\/\/hubertpietka.bialystok.pl\/index.php?rest_route=\/wp\/v2\/pages\/1817\/revisions\/1822"}],"wp:attachment":[{"href":"https:\/\/hubertpietka.bialystok.pl\/index.php?rest_route=%2Fwp%2Fv2%2Fmedia&parent=1817"}],"curies":[{"name":"wp","href":"https:\/\/api.w.org\/{rel}","templated":true}]}}