{"id":1824,"date":"2018-10-19T12:58:25","date_gmt":"2018-10-19T12:58:25","guid":{"rendered":"http:\/\/hubertpietka.bialystok.pl\/?page_id=1824"},"modified":"2018-10-19T13:03:32","modified_gmt":"2018-10-19T13:03:32","slug":"jan-pawel-ii-i-ja-oczko-i-analogia","status":"publish","type":"page","link":"https:\/\/hubertpietka.bialystok.pl\/?page_id=1824","title":{"rendered":"Jan Pawe\u0142 II i ja \/ oczko i analogia"},"content":{"rendered":"<p><strong><em>Jan Pawe\u0142 II i ja \/ oczko i analogia<br \/>\n<\/em><\/strong><br \/>\n3&#215;7=21<br \/>\n21+1=22<br \/>\n22&#215;2<\/p>\n<p>7<br \/>\nW 1978 roku urodzony<br \/>\n&#8211; Tw\u00f3j pontyfikat zainicjowany<br \/>\nZ Ma\u0142opolsk\u0105 zwi\u0105zany<br \/>\nKrak\u00f3w w sercu blisko zawsze<br \/>\nMi\u0142osierdzie Bo\u017ce g\u0142osz\u0105cy<br \/>\nJa n\u0119dzny w nie ufaj\u0105cy<br \/>\nR\u00f3\u017caniec praktykuj\u0105cy<br \/>\nGo poszerzaj\u0105cy<br \/>\nEucharysti\u0119 mi\u0142uj\u0105cy<br \/>\nJa od niej zale\u017c\u0105cy<br \/>\nPismo \u015awi\u0119te czytaj\u0105cy<br \/>\nMy\u015bli z niego g\u0142osz\u0105cy<br \/>\nSzkaplerz nosz\u0105cy<\/p>\n<p>7<br \/>\nMaryj\u0119 mi\u0142uj\u0105cy<br \/>\nWszystko jej zawierzaj\u0105cy<br \/>\n\u015awi\u0119tych g\u0142osz\u0105cy<br \/>\nJa ich wzywaj\u0105cy<br \/>\nPolsk\u0119 mi\u0142uj\u0105cy<br \/>\nLiteratur\u0119 i kultur\u0119 kultywuj\u0105cy<br \/>\nHistorie praktykuj\u0105cy<br \/>\nNauk\u0119 szanuj\u0105cy<br \/>\nZ innymi wyznaniami dialoguj\u0105cy<\/p>\n<p>7<br \/>\nPi\u0142k\u0119 no\u017cn\u0105 i sport lubi\u0105cy<br \/>\nDobr\u0105 sztuk\u0119 przezywaj\u0105cy<br \/>\nPrawd\u0119 m\u00f3wi\u0105cy<br \/>\nSolidarno\u015b\u0107 mi\u0119dzyludzk\u0105 podkre\u015blaj\u0105cy<br \/>\nZ czysto\u015bci s\u0142yn\u0105cy<br \/>\nEwangelicznie \u017cyj\u0105cy<br \/>\nPrzyrod\u0119 kochaj\u0105cy<\/p>\n<p>3<br \/>\nTajemnice \u015awiat\u0142a a Powt\u00f3rne Przyj\u015bcie Pana<br \/>\nM\u0105dro\u015b\u0107 Boga w Ksi\u0119dze nad Ksi\u0119gami &#8211; s\u0142owa do ludzi Pana<br \/>\nMi\u0142osierdzie Bo\u017ce \u017cycie na wskro\u015b przenikaj\u0105ce<\/p>\n<p>1&#215;2<br \/>\nTotus Tuus Maryja<br \/>\n1&#215;2<br \/>\nJezu Tobie ufam<\/p>\n<p>Nikt nie wymy\u015bli\u0142 tego<br \/>\nLecz wszystko jest w planie Bo\u017cym<br \/>\nW 40 rocznice inauguracji Jana Paw\u0142a II<br \/>\n&#8211; S\u0142owa te pisz\u0105cy &#8211;<br \/>\nW Mi\u0142osierdzie Bo\u017ce ufaj\u0105cy<\/p>\n<p style=\"text-align: center;\"><a href=\"https:\/\/www.youtube.com\/watch?v=OAmeqwhF8K0\"><em><strong>Nie l\u0119kajcie si\u0119<\/strong><\/em><\/a><\/p>\n","protected":false},"excerpt":{"rendered":"<p>Jan Pawe\u0142 II i ja \/ oczko i analogia 3&#215;7=21 21+1=22 22&#215;2 7 W 1978 roku urodzony &#8211; Tw\u00f3j pontyfikat zainicjowany Z Ma\u0142opolsk\u0105 zwi\u0105zany Krak\u00f3w&hellip; <\/p>\n","protected":false},"author":1,"featured_media":0,"parent":0,"menu_order":0,"comment_status":"closed","ping_status":"closed","template":"","meta":{"footnotes":""},"class_list":["post-1824","page","type-page","status-publish","hentry"],"_links":{"self":[{"href":"https:\/\/hubertpietka.bialystok.pl\/index.php?rest_route=\/wp\/v2\/pages\/1824","targetHints":{"allow":["GET"]}}],"collection":[{"href":"https:\/\/hubertpietka.bialystok.pl\/index.php?rest_route=\/wp\/v2\/pages"}],"about":[{"href":"https:\/\/hubertpietka.bialystok.pl\/index.php?rest_route=\/wp\/v2\/types\/page"}],"author":[{"embeddable":true,"href":"https:\/\/hubertpietka.bialystok.pl\/index.php?rest_route=\/wp\/v2\/users\/1"}],"replies":[{"embeddable":true,"href":"https:\/\/hubertpietka.bialystok.pl\/index.php?rest_route=%2Fwp%2Fv2%2Fcomments&post=1824"}],"version-history":[{"count":4,"href":"https:\/\/hubertpietka.bialystok.pl\/index.php?rest_route=\/wp\/v2\/pages\/1824\/revisions"}],"predecessor-version":[{"id":1828,"href":"https:\/\/hubertpietka.bialystok.pl\/index.php?rest_route=\/wp\/v2\/pages\/1824\/revisions\/1828"}],"wp:attachment":[{"href":"https:\/\/hubertpietka.bialystok.pl\/index.php?rest_route=%2Fwp%2Fv2%2Fmedia&parent=1824"}],"curies":[{"name":"wp","href":"https:\/\/api.w.org\/{rel}","templated":true}]}}