{"id":1846,"date":"2018-10-22T12:27:48","date_gmt":"2018-10-22T12:27:48","guid":{"rendered":"http:\/\/hubertpietka.bialystok.pl\/?page_id=1846"},"modified":"2018-10-22T13:03:33","modified_gmt":"2018-10-22T13:03:33","slug":"eucharystia-serce-chrysta","status":"publish","type":"page","link":"https:\/\/hubertpietka.bialystok.pl\/?page_id=1846","title":{"rendered":"Eucharystia \/ Serce Chrysta"},"content":{"rendered":"<p><strong><em>Eucharystia \/ Serce Chrysta<\/em><\/strong><\/p>\n<p>Mi\u0142o\u015b\u0107 ukryta<br \/>\nCzeka na cz\u0142owieka<\/p>\n<p>Mi\u0142o\u015b\u0107 pi\u0119kna i pokorna<br \/>\nUkryte Serce Boga<\/p>\n<p>Ma\u0142y op\u0142atek<br \/>\nHostia \u015awi\u0119ta<br \/>\nCud niepoj\u0119ty<\/p>\n<p>B\u00f3g z wy\u017cyn nieba<br \/>\nPrzychodzi<br \/>\nI oddaje si\u0119 ca\u0142y<br \/>\nCz\u0142owiekowi<\/p>\n<p>Tak wielki i dobry<br \/>\nZe pozwala nawet<br \/>\nNa niewiar\u0119 wzgard\u0119 i lekcewa\u017cenie<br \/>\nJego osoby<\/p>\n<p>Niczego nie narzuca<br \/>\nProsi tylko milczeniem<br \/>\nPrzyjmij Mnie<\/p>\n<p>A je\u015bli serce otworzysz<br \/>\nNa ten cud Bo\u017cy<br \/>\nJe\u015bli pozwolisz<br \/>\nB\u00f3g \u017cycie w tobie odnowi<\/p>\n<p>Przeka\u017ce ci mi\u0142o\u015b\u0107 tak\u0105<br \/>\nKt\u00f3ra obejmie \u015bwiat ca\u0142y<br \/>\nMa\u0142\u0105 drog\u0119 dla ciebie<br \/>\nW pokorze i uni\u017ceniu<\/p>\n<p>Wobec Tego kt\u00f3ry<br \/>\nZa ciebie umar\u0142<br \/>\nAby\u015b ty przyj\u0105\u0142<br \/>\nTen cud nieustanny<br \/>\nBoga z nami.<\/p>\n<p><em>Na zdj. Adoracja Eucharystyczna w ko\u015bciele \u015bw. Faustyny w Bia\u0142ymstoku\/<\/em><br \/>\n<em> Jest \u015bw. Faustyna tu, b\u0142. Micha\u0142, \u015bw. Micha\u0142 Archanio\u0142 i Jan II Pawe\u0142 \/<\/em><br \/>\n<em> Pi\u0119kni \u015bwi\u0119ci Mi\u0142osiernej Mi\u0142o\u015bci.<\/em><br \/>\n<em> *Dzi\u015b \u015bw. Jana Paw\u0142a II wspomnienie \/<\/em><br \/>\n<em> On na Jezusa wskazywa\u0142 zawsze \/<\/em><br \/>\n<em> A Eucharystia to serce Chrysta.<\/em><\/p>\n<p><img loading=\"lazy\" decoding=\"async\" class=\"JZUAbb\" src=\"https:\/\/lh3.googleusercontent.com\/-PoJsrk-Y4O0\/W82BChzEtNI\/AAAAAAAAHcE\/ZVJeBau0SBs6Sc_QdVJmyP9R9oadKgapQCJoC\/w530-h398-n\/IMG_20181005_200300.jpg\" alt=\"Zdj\u0119cie\" width=\"530\" height=\"398\" \/><\/p>\n<h1 class=\"title style-scope ytd-video-primary-info-renderer\" style=\"text-align: center;\"><a href=\"https:\/\/www.youtube.com\/watch?v=kUp6eGtXgzk\"><em>Magda Anio\u0142 &#8211; Kiedy\u015b wino i chleb<\/em><\/a><\/h1>\n<p style=\"text-align: center;\"><a href=\"https:\/\/www.youtube.com\/watch?v=J2PkAmgULCw\"><em><strong>Pan jest moc\u0105 swojego ludu<\/strong><\/em><\/a><\/p>\n","protected":false},"excerpt":{"rendered":"<p>Eucharystia \/ Serce Chrysta Mi\u0142o\u015b\u0107 ukryta Czeka na cz\u0142owieka Mi\u0142o\u015b\u0107 pi\u0119kna i pokorna Ukryte Serce Boga Ma\u0142y op\u0142atek Hostia \u015awi\u0119ta Cud niepoj\u0119ty B\u00f3g z wy\u017cyn&hellip; <\/p>\n","protected":false},"author":1,"featured_media":0,"parent":0,"menu_order":0,"comment_status":"closed","ping_status":"closed","template":"","meta":{"footnotes":""},"class_list":["post-1846","page","type-page","status-publish","hentry"],"_links":{"self":[{"href":"https:\/\/hubertpietka.bialystok.pl\/index.php?rest_route=\/wp\/v2\/pages\/1846","targetHints":{"allow":["GET"]}}],"collection":[{"href":"https:\/\/hubertpietka.bialystok.pl\/index.php?rest_route=\/wp\/v2\/pages"}],"about":[{"href":"https:\/\/hubertpietka.bialystok.pl\/index.php?rest_route=\/wp\/v2\/types\/page"}],"author":[{"embeddable":true,"href":"https:\/\/hubertpietka.bialystok.pl\/index.php?rest_route=\/wp\/v2\/users\/1"}],"replies":[{"embeddable":true,"href":"https:\/\/hubertpietka.bialystok.pl\/index.php?rest_route=%2Fwp%2Fv2%2Fcomments&post=1846"}],"version-history":[{"count":10,"href":"https:\/\/hubertpietka.bialystok.pl\/index.php?rest_route=\/wp\/v2\/pages\/1846\/revisions"}],"predecessor-version":[{"id":1866,"href":"https:\/\/hubertpietka.bialystok.pl\/index.php?rest_route=\/wp\/v2\/pages\/1846\/revisions\/1866"}],"wp:attachment":[{"href":"https:\/\/hubertpietka.bialystok.pl\/index.php?rest_route=%2Fwp%2Fv2%2Fmedia&parent=1846"}],"curies":[{"name":"wp","href":"https:\/\/api.w.org\/{rel}","templated":true}]}}