{"id":1868,"date":"2018-10-24T10:39:27","date_gmt":"2018-10-24T10:39:27","guid":{"rendered":"http:\/\/hubertpietka.bialystok.pl\/?page_id=1868"},"modified":"2018-10-24T11:13:49","modified_gmt":"2018-10-24T11:13:49","slug":"bnbd-bede","status":"publish","type":"page","link":"https:\/\/hubertpietka.bialystok.pl\/?page_id=1868","title":{"rendered":"BNBD \/ b\u0119d\u0119"},"content":{"rendered":"<p><strong><em>BNBD \/ b\u0119d\u0119 \ud83d\ude42<br \/>\n<\/em><\/strong><\/p>\n<p>Bogu niech b\u0119d\u0105 dzi\u0119ki<br \/>\nBNBD<br \/>\nB\u0119d\u0119<\/p>\n<p>Zawsze chwali\u0107 Pana<br \/>\nB\u0119d\u0119<br \/>\nBNBD<\/p>\n<p>Radowa\u0107 si\u0119 Jego \u015awi\u0119tym Imieniem<br \/>\nB\u0119d\u0119<br \/>\nBNBD<\/p>\n<p>Za wszystko dzi\u0119kowa\u0107<br \/>\nB\u0119d\u0119<br \/>\nBNBD<\/p>\n<p>We wszystkim pok\u0142ada\u0107 nadziej\u0119<br \/>\nB\u0119d\u0119<br \/>\nBNBD<\/p>\n<p>B\u0119d\u0119<br \/>\nBNBD<br \/>\nZawsze i wsz\u0119dzie<\/p>\n<p>Ufa\u0107 wierzy\u0107 kocha\u0107<br \/>\nB\u0119d\u0119<br \/>\nBNBD<\/p>\n<p>Teraz i zawsze<br \/>\nBNBD<br \/>\nB\u0119d\u0119<\/p>\n<p>On Jest<br \/>\nJa b\u0119d\u0119<br \/>\nBNBD<\/p>\n<p>Jestem by\u0142em<br \/>\nBNBD<br \/>\nB\u0119d\u0119<\/p>\n<p>We wszystkim i we wszystkich<br \/>\nBNBD<br \/>\nB\u0119d\u0119<\/p>\n<p>B\u0119d\u0119<br \/>\nBo jestem<br \/>\nBNDB<\/p>\n<p>W Jego Jestem<br \/>\nMoje b\u0119d\u0119<br \/>\nBNBD<\/p>\n<p>Bo w Nim<br \/>\nJestem \ud83d\ude42<\/p>\n<p><em>Na zdj. Na \u017bytniej po dw\u00f3ch stronach nieba \/<\/em><br \/>\n<em> Akcenty jak po\u015bwiaty \u015bwietlne \/<\/em><br \/>\n<em> Pomi\u0119dzy nimi czysta przestrze\u0144.<\/em><br \/>\n<em> *Pomi\u0119dzy by\u0142em a by\u0107 jest jestem \/<\/em><br \/>\n<em> I niech tak w\u0142a\u015bnie si\u0119 dzieje zawsze \ud83d\ude42<\/em><\/p>\n<p><img loading=\"lazy\" decoding=\"async\" class=\"JZUAbb\" src=\"https:\/\/lh3.googleusercontent.com\/-bKmwABa8084\/W89s_E355HI\/AAAAAAAAHfY\/EY49vpc98rIK_dp_oAe7-_iX11-frxRrgCJoC\/w530-h398-n\/IMG_20181015_065434.jpg\" alt=\"Zdj\u0119cie\" width=\"530\" height=\"398\" \/><\/p>\n<h1 class=\"title style-scope ytd-video-primary-info-renderer\" style=\"text-align: center;\"><a href=\"https:\/\/www.youtube.com\/watch?v=kdZolhyQEpI\"><em>\u017bycia ma\u0142a gar\u015b\u0107 &#8211; Piotr Cugowski<\/em><\/a><\/h1>\n<h1 class=\"title style-scope ytd-video-primary-info-renderer\" style=\"text-align: center;\"><a href=\"https:\/\/www.youtube.com\/watch?v=1E5NvYnVGCM\"><em>Koncert Jednego Serca Jednego Ducha &#8211; B\u0119dziemy ta\u0144czy\u0107<\/em><\/a><\/h1>\n<p style=\"text-align: center;\">\ud83d\ude42<\/p>\n","protected":false},"excerpt":{"rendered":"<p>BNBD \/ b\u0119d\u0119 \ud83d\ude42 Bogu niech b\u0119d\u0105 dzi\u0119ki BNBD B\u0119d\u0119 Zawsze chwali\u0107 Pana B\u0119d\u0119 BNBD Radowa\u0107 si\u0119 Jego \u015awi\u0119tym Imieniem B\u0119d\u0119 BNBD Za wszystko dzi\u0119kowa\u0107&hellip; <\/p>\n","protected":false},"author":1,"featured_media":0,"parent":0,"menu_order":0,"comment_status":"closed","ping_status":"closed","template":"","meta":{"footnotes":""},"class_list":["post-1868","page","type-page","status-publish","hentry"],"_links":{"self":[{"href":"https:\/\/hubertpietka.bialystok.pl\/index.php?rest_route=\/wp\/v2\/pages\/1868","targetHints":{"allow":["GET"]}}],"collection":[{"href":"https:\/\/hubertpietka.bialystok.pl\/index.php?rest_route=\/wp\/v2\/pages"}],"about":[{"href":"https:\/\/hubertpietka.bialystok.pl\/index.php?rest_route=\/wp\/v2\/types\/page"}],"author":[{"embeddable":true,"href":"https:\/\/hubertpietka.bialystok.pl\/index.php?rest_route=\/wp\/v2\/users\/1"}],"replies":[{"embeddable":true,"href":"https:\/\/hubertpietka.bialystok.pl\/index.php?rest_route=%2Fwp%2Fv2%2Fcomments&post=1868"}],"version-history":[{"count":8,"href":"https:\/\/hubertpietka.bialystok.pl\/index.php?rest_route=\/wp\/v2\/pages\/1868\/revisions"}],"predecessor-version":[{"id":1877,"href":"https:\/\/hubertpietka.bialystok.pl\/index.php?rest_route=\/wp\/v2\/pages\/1868\/revisions\/1877"}],"wp:attachment":[{"href":"https:\/\/hubertpietka.bialystok.pl\/index.php?rest_route=%2Fwp%2Fv2%2Fmedia&parent=1868"}],"curies":[{"name":"wp","href":"https:\/\/api.w.org\/{rel}","templated":true}]}}