{"id":1889,"date":"2018-10-29T09:31:30","date_gmt":"2018-10-29T09:31:30","guid":{"rendered":"http:\/\/hubertpietka.bialystok.pl\/?page_id=1889"},"modified":"2018-10-29T09:37:37","modified_gmt":"2018-10-29T09:37:37","slug":"asia-bibi-solidarni-z-chrzescijanami-przesladowanymi","status":"publish","type":"page","link":"https:\/\/hubertpietka.bialystok.pl\/?page_id=1889","title":{"rendered":"Asia Bibi \/ Solidarni z Chrze\u015bcijanami Prze\u015bladowanymi"},"content":{"rendered":"<p><strong><em>Asia Bibi \/ Solidarni z Chrze\u015bcijanami Prze\u015bladowanymi<\/em><\/strong><\/p>\n<p>Nikt nie powinien by\u0107 prze\u015bladowany<br \/>\nZa wiar\u0119<br \/>\nNikt<br \/>\nR\u00f3wnie\u017c chrze\u015bcijanie<\/p>\n<p><em>Asiu<\/em><br \/>\n<em> Od 9 lat w wi\u0119zieniu<\/em><br \/>\n<em> Czekasz na kar\u0119 \u015bmierci<\/em><br \/>\n<em> Lub uniewinnienie<\/em><br \/>\n<em> A za co<\/em><br \/>\n<em> Za wyznawanie swej wiary po prostu<\/em><\/p>\n<p>To nie powinno tak by\u0107<br \/>\n\u017be niewinnie cierpi kto\u015b<br \/>\nPrze\u015bladowani s\u0105 chrze\u015bcijanie<br \/>\nTylko dlatego ze Jezusa wyznaj\u0105<\/p>\n<p><em>Asiu<\/em><br \/>\n<em> Twoje dzieci czekaj\u0105<\/em><br \/>\n<em> Na sw\u0105 mam\u0105<\/em><br \/>\n<em> T\u0119sknisz te\u017c Ty na pewno za nimi<\/em><br \/>\n<em> I za normalnego \u017cycia dobrem<\/em><\/p>\n<p>To nie powinien by\u0107 przywilej<br \/>\nTo ludzko\u015bci obowi\u0105zek<br \/>\nAby zapewni\u0107 wszystkim<br \/>\nGodziwe i dobre warunki<\/p>\n<p><em>Asiu<\/em><br \/>\n<em> Wsp\u00f3\u0142czuj\u0119 z Tob\u0105<\/em><br \/>\n<em> I czekam dla Ciebie<\/em><br \/>\n<em> Na nagrod\u0119<\/em><\/p>\n<p><em><strong>Na zdj. Matka Bo\u017ca Bolesna w Grocie Grobu Pa\u0144skiego \/<\/strong><\/em><br \/>\n<em><strong> W Bia\u0142ymstoku w ko\u015bciele Zmartwychwstania Jego \/<\/strong><\/em><br \/>\n<em><strong> Dzi\u015b Dzie\u0144 Solidarno\u015bci z Chrze\u015bcijanami Prze\u015bladowanymi \/<\/strong><\/em><br \/>\n<em><strong> MB Bolesna jest zawsze z Wami \/<\/strong><\/em><br \/>\n<em><strong> Nie tra\u0107my ufno\u015bci w Panu i pami\u0119tajmy \/<\/strong><\/em><br \/>\n<em><strong> \u017be po ka\u017cdym cierpieniu jest zmartwychwstanie.<\/strong><\/em><\/p>\n<p><img loading=\"lazy\" decoding=\"async\" class=\"JZUAbb\" src=\"https:\/\/lh3.googleusercontent.com\/-42ZzeH_eYkQ\/W9X81ZLX2PI\/AAAAAAAAHmE\/I1AHnNvrLekdjJNmloCY5pWsMHCW1lp5gCJoC\/w530-h398-n\/IMG_20181020_192017.jpg\" alt=\"Zdj\u0119cie\" width=\"530\" height=\"398\" \/><\/p>\n<p style=\"text-align: center;\"><a href=\"https:\/\/www.youtube.com\/watch?v=rHCotH2Q19c\"><em><strong>Wolno\u015b\u0107 &#8211; Marek Grechuta<\/strong><\/em><\/a><\/p>\n","protected":false},"excerpt":{"rendered":"<p>Asia Bibi \/ Solidarni z Chrze\u015bcijanami Prze\u015bladowanymi Nikt nie powinien by\u0107 prze\u015bladowany Za wiar\u0119 Nikt R\u00f3wnie\u017c chrze\u015bcijanie Asiu Od 9 lat w wi\u0119zieniu Czekasz na&hellip; <\/p>\n","protected":false},"author":1,"featured_media":0,"parent":0,"menu_order":0,"comment_status":"closed","ping_status":"closed","template":"","meta":{"footnotes":""},"class_list":["post-1889","page","type-page","status-publish","hentry"],"_links":{"self":[{"href":"https:\/\/hubertpietka.bialystok.pl\/index.php?rest_route=\/wp\/v2\/pages\/1889","targetHints":{"allow":["GET"]}}],"collection":[{"href":"https:\/\/hubertpietka.bialystok.pl\/index.php?rest_route=\/wp\/v2\/pages"}],"about":[{"href":"https:\/\/hubertpietka.bialystok.pl\/index.php?rest_route=\/wp\/v2\/types\/page"}],"author":[{"embeddable":true,"href":"https:\/\/hubertpietka.bialystok.pl\/index.php?rest_route=\/wp\/v2\/users\/1"}],"replies":[{"embeddable":true,"href":"https:\/\/hubertpietka.bialystok.pl\/index.php?rest_route=%2Fwp%2Fv2%2Fcomments&post=1889"}],"version-history":[{"count":8,"href":"https:\/\/hubertpietka.bialystok.pl\/index.php?rest_route=\/wp\/v2\/pages\/1889\/revisions"}],"predecessor-version":[{"id":1897,"href":"https:\/\/hubertpietka.bialystok.pl\/index.php?rest_route=\/wp\/v2\/pages\/1889\/revisions\/1897"}],"wp:attachment":[{"href":"https:\/\/hubertpietka.bialystok.pl\/index.php?rest_route=%2Fwp%2Fv2%2Fmedia&parent=1889"}],"curies":[{"name":"wp","href":"https:\/\/api.w.org\/{rel}","templated":true}]}}