{"id":1900,"date":"2018-10-31T13:36:48","date_gmt":"2018-10-31T13:36:48","guid":{"rendered":"http:\/\/hubertpietka.bialystok.pl\/?page_id=1900"},"modified":"2018-10-31T13:51:33","modified_gmt":"2018-10-31T13:51:33","slug":"milosierny-bog-zawsze-czeka-na-kazdego-czlowieka","status":"publish","type":"page","link":"https:\/\/hubertpietka.bialystok.pl\/?page_id=1900","title":{"rendered":"Mi\u0142osierny B\u00f3g zawsze czeka \/ na ka\u017cdego cz\u0142owieka"},"content":{"rendered":"<p><strong><em>Mi\u0142osierny B\u00f3g zawsze czeka \/ na ka\u017cdego cz\u0142owieka<\/em><\/strong><\/p>\n<p>Pan B\u00f3g nigdy nie pot\u0119pia cz\u0142owieka<br \/>\nDop\u00f3ki on \u017cyje B\u00f3g czeka<br \/>\nBy cz\u0142owiek otworzy\u0142 swoje serce<br \/>\nA B\u00f3g by m\u00f3g\u0142 uleczy\u0107 jego rany<\/p>\n<p>B\u00f3g je zna<br \/>\nOn chce ukoi\u0107 je balsamem \u0142ask<br \/>\nOn zna te\u017c s\u0142abo\u015bci twe<br \/>\nRazem z tob\u0105 je nie\u015b\u0107 chce<\/p>\n<p>On rozumie ci\u0119 lepiej<br \/>\nNi\u017c ty sam siebie<br \/>\nOn zna twoje grzechy<br \/>\nI w Swej krwi je obmywa<\/p>\n<p>On chce zape\u0142ni\u0107 Twoje serce<br \/>\nSkarbem mi\u0142o\u015bci i dobra pi\u0119knem<br \/>\nWystarczy tylko<br \/>\nBy\u015b ku Niemu sk\u0142oni\u0142 si\u0119<\/p>\n<p>On na ciebie ci\u0105gle czeka<br \/>\nCo tylko mo\u017ce to robi<br \/>\nBy\u015b Go dostrzeg\u0142<br \/>\nI przed Nim otworzy\u0142 sw\u0105 poranion\u0105 dusz\u0119<\/p>\n<p>On ci\u0119 obdarzy\u0142 jak m\u00f3g\u0142 najpi\u0119kniej<br \/>\nGodno\u015bci\u0105 Bo\u017cego dzieci\u0119ctwa<br \/>\nZanim si\u0119 narodzi\u0142e\u015b<br \/>\nOn to uzyska\u0142 dla ciebie na krzy\u017cu<\/p>\n<p>C\u00f3\u017c wi\u0119cej m\u00f3g\u0142by dla ciebie zrobi\u0107<br \/>\nJak bardziej m\u00f3g\u0142by Sw\u0105 mi\u0142o\u015b\u0107 pokaza\u0107<br \/>\nOn dla ciebie w\u0142a\u015bnie umar\u0142<br \/>\nCiebie na krzy\u017cu widzia\u0142<\/p>\n<p>Wi\u0119c zwr\u00f3\u0107 do Niego si\u0119<br \/>\nOtw\u00f3rz swe serce<br \/>\nNie zawstydzisz si\u0119 ju\u017c nie<br \/>\nJe\u015bli do Niego z prostot\u0105 zwr\u00f3cisz swe imi\u0119<\/p>\n<p><em>Na zdj. Na \u017bytniej niebo b\u0142\u0119kitne \/<\/em><br \/>\n<em> Niech z\u0142o nie wciska Wam kitu \/<\/em><br \/>\n<em> B\u00f3g zawsze na cz\u0142owieka czeka \/<\/em><br \/>\n<em> By leczy\u0107 rany jego serca.<\/em><\/p>\n<p><img loading=\"lazy\" decoding=\"async\" class=\"JZUAbb\" src=\"https:\/\/lh3.googleusercontent.com\/-Inm5_7zjjho\/W9l_0DWYUNI\/AAAAAAAAHq4\/v3x6UaF2Pfc9CpveoaJcVNJRgUKXU5LoACJoC\/w530-h398-n\/IMG_20181031_104444.jpg\" alt=\"Zdj\u0119cie\" width=\"530\" height=\"398\" \/><\/p>\n<h1 class=\"title style-scope ytd-video-primary-info-renderer\" style=\"text-align: center;\"><a href=\"https:\/\/www.youtube.com\/watch?v=mHmbDMLKoT0\"><em>Pozw\u00f3l mi przyj\u015b\u0107 do Ciebie<\/em><\/a><\/h1>\n<h1 class=\"title style-scope ytd-video-primary-info-renderer\" style=\"text-align: center;\"><a href=\"https:\/\/www.youtube.com\/watch?v=a64yqD8XYuI\"><em>Promyczki Dobra &#8211; Tylko w Twoim Mi\u0142osierdziu<\/em><\/a><\/h1>\n","protected":false},"excerpt":{"rendered":"<p>Mi\u0142osierny B\u00f3g zawsze czeka \/ na ka\u017cdego cz\u0142owieka Pan B\u00f3g nigdy nie pot\u0119pia cz\u0142owieka Dop\u00f3ki on \u017cyje B\u00f3g czeka By cz\u0142owiek otworzy\u0142 swoje serce A&hellip; <\/p>\n","protected":false},"author":1,"featured_media":0,"parent":0,"menu_order":0,"comment_status":"closed","ping_status":"closed","template":"","meta":{"footnotes":""},"class_list":["post-1900","page","type-page","status-publish","hentry"],"_links":{"self":[{"href":"https:\/\/hubertpietka.bialystok.pl\/index.php?rest_route=\/wp\/v2\/pages\/1900","targetHints":{"allow":["GET"]}}],"collection":[{"href":"https:\/\/hubertpietka.bialystok.pl\/index.php?rest_route=\/wp\/v2\/pages"}],"about":[{"href":"https:\/\/hubertpietka.bialystok.pl\/index.php?rest_route=\/wp\/v2\/types\/page"}],"author":[{"embeddable":true,"href":"https:\/\/hubertpietka.bialystok.pl\/index.php?rest_route=\/wp\/v2\/users\/1"}],"replies":[{"embeddable":true,"href":"https:\/\/hubertpietka.bialystok.pl\/index.php?rest_route=%2Fwp%2Fv2%2Fcomments&post=1900"}],"version-history":[{"count":6,"href":"https:\/\/hubertpietka.bialystok.pl\/index.php?rest_route=\/wp\/v2\/pages\/1900\/revisions"}],"predecessor-version":[{"id":1907,"href":"https:\/\/hubertpietka.bialystok.pl\/index.php?rest_route=\/wp\/v2\/pages\/1900\/revisions\/1907"}],"wp:attachment":[{"href":"https:\/\/hubertpietka.bialystok.pl\/index.php?rest_route=%2Fwp%2Fv2%2Fmedia&parent=1900"}],"curies":[{"name":"wp","href":"https:\/\/api.w.org\/{rel}","templated":true}]}}