{"id":1928,"date":"2018-11-02T13:33:15","date_gmt":"2018-11-02T13:33:15","guid":{"rendered":"http:\/\/hubertpietka.bialystok.pl\/?page_id=1928"},"modified":"2018-11-02T13:58:21","modified_gmt":"2018-11-02T13:58:21","slug":"armia-pana-wszystkich-wiernych-zmarlych-wspominanie-a-ich-obecnosc-dla-nas-nieustanna","status":"publish","type":"page","link":"https:\/\/hubertpietka.bialystok.pl\/?page_id=1928","title":{"rendered":"Armia Pana &#8211; Wszystkich Wiernych Zmar\u0142ych wspominanie \/ a ich obecno\u015b\u0107 dla nas nieustanna"},"content":{"rendered":"<p><strong><em>Armia Pana &#8211; Wszystkich Wiernych Zmar\u0142ych wspominanie \/ a ich obecno\u015b\u0107 dla nas nieustanna<br \/>\n<\/em><\/strong><br \/>\nWszyscy po drugiej stronie kogo\u015b mamy<br \/>\nKiedy\u015b tam te\u017c p\u00f3jdziemy zapewne i oby<\/p>\n<p>Po to ich w modlitwie przywo\u0142ujemy<br \/>\nBo teraz mo\u017ce nawet s\u0105 nam bli\u017csi ni\u017c kiedy\u015b<\/p>\n<p>Ufamy \u017ce s\u0105 po tej lepszej \u015bwiat\u0142a stronie<br \/>\nI \u017ce od nich i my otrzymujemy pomoc<\/p>\n<p>Dzisiaj ich wspominamy<br \/>\nWszystkich Wiernych Zmar\u0142ych<br \/>\nA oni s\u0105 zawsze z nami<\/p>\n<p>To dobrze \u017ce jest taki dzie\u0144<br \/>\nWielka ju\u017c ich armia tam jest<\/p>\n<p>Armia Pana<br \/>\nKt\u00f3ra w dzie\u0144 s\u0105du powstanie<br \/>\nI wtedy si\u0119 okre\u015bli<br \/>\nKto po kt\u00f3rej stronie by\u0142 mocy<\/p>\n<p>Armia Pana<br \/>\nZa nami si\u0119 wstawia<br \/>\nI my im<br \/>\nOddajmy dzi\u015b serca rytm<\/p>\n<p><em>Na zdj. Grobowiec mojej rodziny \/<\/em><br \/>\n<em> Trzeba nawiedza\u0107 cmentarze \/<\/em><br \/>\n<em> Tam cz\u0142owiek mo\u017ce doj\u015b\u0107 do siebie w prawdzie\/<\/em><br \/>\n<em> I okre\u015bli\u0107 sw\u00f3j byt \/<\/em><br \/>\n<em> Jak chce dalej \u017cy\u0107.<\/em><br \/>\n<em> *Po strunie \u015bwiat\u0142a i\u015b\u0107 \/<\/em><br \/>\n<em> Cz ciemnym si\u0142om z\u0142a da\u0107 si\u0119 pogn\u0119bi\u0107?<\/em><br \/>\n<em> Wybiera\u0107 teraz trzeba \/<\/em><br \/>\n<em> A ka\u017cdy wyb\u00f3r swe konsekwencje ma \/<\/em><br \/>\n<em> Tu ju\u017c i po drugiej stronie b\u0119dzie mia\u0142 te\u017c znaczenie.<\/em><\/p>\n<p><img loading=\"lazy\" decoding=\"async\" class=\"JZUAbb\" src=\"https:\/\/lh3.googleusercontent.com\/-ebDmpQfPq74\/W9wOetNsi-I\/AAAAAAAAHvs\/wjMUGFGJCcUSPlfxZ5E5b5P2xNqa_12awCJoC\/w530-h398-n\/IMG_20181101_153442.jpg\" alt=\"Zdj\u0119cie\" width=\"530\" height=\"398\" \/><\/p>\n<h1 class=\"title style-scope ytd-video-primary-info-renderer\" style=\"text-align: center;\"><a href=\"https:\/\/www.youtube.com\/watch?v=zHtM5k1idNo\"><em>Armia Dzieci &#8211; Armii Pana G\u0142os <\/em><\/a><\/h1>\n<p style=\"text-align: center;\">\ud83d\ude42<\/p>\n<h1 class=\"title style-scope ytd-video-primary-info-renderer\" style=\"text-align: center;\"><a href=\"https:\/\/www.youtube.com\/watch?v=o1O6ITsMtOA\"><em>Golden Life &#8211; \u017bycie cho\u0107 pi\u0119kne tak kruche jest<\/em><\/a><\/h1>\n<p style=\"text-align: center;\"><a href=\"https:\/\/www.youtube.com\/watch?v=0X4ZBYSI170\"><em><strong>D\u017cem &#8211; Zapal \u015bwieczk\u0119<\/strong><\/em><\/a><\/p>\n","protected":false},"excerpt":{"rendered":"<p>Armia Pana &#8211; Wszystkich Wiernych Zmar\u0142ych wspominanie \/ a ich obecno\u015b\u0107 dla nas nieustanna Wszyscy po drugiej stronie kogo\u015b mamy Kiedy\u015b tam te\u017c p\u00f3jdziemy zapewne&hellip; <\/p>\n","protected":false},"author":1,"featured_media":0,"parent":0,"menu_order":0,"comment_status":"closed","ping_status":"closed","template":"","meta":{"footnotes":""},"class_list":["post-1928","page","type-page","status-publish","hentry"],"_links":{"self":[{"href":"https:\/\/hubertpietka.bialystok.pl\/index.php?rest_route=\/wp\/v2\/pages\/1928","targetHints":{"allow":["GET"]}}],"collection":[{"href":"https:\/\/hubertpietka.bialystok.pl\/index.php?rest_route=\/wp\/v2\/pages"}],"about":[{"href":"https:\/\/hubertpietka.bialystok.pl\/index.php?rest_route=\/wp\/v2\/types\/page"}],"author":[{"embeddable":true,"href":"https:\/\/hubertpietka.bialystok.pl\/index.php?rest_route=\/wp\/v2\/users\/1"}],"replies":[{"embeddable":true,"href":"https:\/\/hubertpietka.bialystok.pl\/index.php?rest_route=%2Fwp%2Fv2%2Fcomments&post=1928"}],"version-history":[{"count":6,"href":"https:\/\/hubertpietka.bialystok.pl\/index.php?rest_route=\/wp\/v2\/pages\/1928\/revisions"}],"predecessor-version":[{"id":1934,"href":"https:\/\/hubertpietka.bialystok.pl\/index.php?rest_route=\/wp\/v2\/pages\/1928\/revisions\/1934"}],"wp:attachment":[{"href":"https:\/\/hubertpietka.bialystok.pl\/index.php?rest_route=%2Fwp%2Fv2%2Fmedia&parent=1928"}],"curies":[{"name":"wp","href":"https:\/\/api.w.org\/{rel}","templated":true}]}}