{"id":1936,"date":"2018-11-02T22:51:16","date_gmt":"2018-11-02T22:51:16","guid":{"rendered":"http:\/\/hubertpietka.bialystok.pl\/?page_id=1936"},"modified":"2018-11-02T22:55:28","modified_gmt":"2018-11-02T22:55:28","slug":"trebuh-sw-hubert-zuch","status":"publish","type":"page","link":"https:\/\/hubertpietka.bialystok.pl\/?page_id=1936","title":{"rendered":"TrebuH &#8211; \u015bw. Hubert zuch :)"},"content":{"rendered":"<p><strong><em>TrebuH &#8211; \u015bw. Hubert zuch \ud83d\ude42<br \/>\n<\/em><\/strong><br \/>\n<em>Uno duo tre<br \/>\nTre-bu(c)H<br \/>\nBuch<\/em><\/p>\n<p><strong>Uno<\/strong><br \/>\n\u015aw. Hubert my\u015bliwych patron<br \/>\nNa polowaniu zab\u0142\u0105dzi\u0142 w borze<br \/>\nI spotka\u0142 jelenia z krzy\u017cem w poro\u017cu<\/p>\n<p><strong>Duo<\/strong><br \/>\nSpotka\u0142 jelenia<br \/>\nNie lenia<br \/>\nNie koz\u0142a<br \/>\nZ krzy\u017cem Chrystusa normalnym<br \/>\nA nie odwr\u00f3conym szata\u0144skim<\/p>\n<p><strong>Tre<\/strong><br \/>\n<em>Buch<\/em><br \/>\nJele\u0144 rozszarpuje koz\u0142a brzuch<br \/>\nMy\u015bliwy<br \/>\nMy\u015bli nie leniwe<br \/>\nMy\u015bli \u017cywe<\/p>\n<p><em>Na zdj. Gniazdo bocianie w Zab\u0142udowie \/<\/em><br \/>\n<em> W tle \u015bw. Piotra i Paw\u0142a ko\u015bci\u00f3\u0142 \/<\/em><br \/>\n<em> Ka\u017cdy jakie\u015b korzenie ma \/<\/em><br \/>\n<em> A te imienne wa\u017cne s\u0105 nad wyraz \ud83d\ude42<\/em><\/p>\n<p><img loading=\"lazy\" decoding=\"async\" class=\"JZUAbb\" src=\"https:\/\/lh3.googleusercontent.com\/-NUFlPKzpEFo\/W9y_loG3TrI\/AAAAAAAAH0o\/Fi5ml27CZsAUQ60yhjGzx_OVOyid_a5MwCJoC\/w530-h398-n\/IMG_20181101_161404.jpg\" alt=\"Zdj\u0119cie\" width=\"530\" height=\"398\" \/><\/p>\n","protected":false},"excerpt":{"rendered":"<p>TrebuH &#8211; \u015bw. Hubert zuch \ud83d\ude42 Uno duo tre Tre-bu(c)H Buch Uno \u015aw. Hubert my\u015bliwych patron Na polowaniu zab\u0142\u0105dzi\u0142 w borze I spotka\u0142 jelenia z&hellip; <\/p>\n","protected":false},"author":1,"featured_media":0,"parent":0,"menu_order":0,"comment_status":"closed","ping_status":"closed","template":"","meta":{"footnotes":""},"class_list":["post-1936","page","type-page","status-publish","hentry"],"_links":{"self":[{"href":"https:\/\/hubertpietka.bialystok.pl\/index.php?rest_route=\/wp\/v2\/pages\/1936","targetHints":{"allow":["GET"]}}],"collection":[{"href":"https:\/\/hubertpietka.bialystok.pl\/index.php?rest_route=\/wp\/v2\/pages"}],"about":[{"href":"https:\/\/hubertpietka.bialystok.pl\/index.php?rest_route=\/wp\/v2\/types\/page"}],"author":[{"embeddable":true,"href":"https:\/\/hubertpietka.bialystok.pl\/index.php?rest_route=\/wp\/v2\/users\/1"}],"replies":[{"embeddable":true,"href":"https:\/\/hubertpietka.bialystok.pl\/index.php?rest_route=%2Fwp%2Fv2%2Fcomments&post=1936"}],"version-history":[{"count":4,"href":"https:\/\/hubertpietka.bialystok.pl\/index.php?rest_route=\/wp\/v2\/pages\/1936\/revisions"}],"predecessor-version":[{"id":1941,"href":"https:\/\/hubertpietka.bialystok.pl\/index.php?rest_route=\/wp\/v2\/pages\/1936\/revisions\/1941"}],"wp:attachment":[{"href":"https:\/\/hubertpietka.bialystok.pl\/index.php?rest_route=%2Fwp%2Fv2%2Fmedia&parent=1936"}],"curies":[{"name":"wp","href":"https:\/\/api.w.org\/{rel}","templated":true}]}}