{"id":1942,"date":"2018-11-05T13:25:36","date_gmt":"2018-11-05T13:25:36","guid":{"rendered":"http:\/\/hubertpietka.bialystok.pl\/?page_id=1942"},"modified":"2018-11-05T13:48:51","modified_gmt":"2018-11-05T13:48:51","slug":"pozdrowienia-zza-wod-dla-was-moj-zawod","status":"publish","type":"page","link":"https:\/\/hubertpietka.bialystok.pl\/?page_id=1942","title":{"rendered":"Pozdrowienia zza w\u00f3d \/ dla was m\u00f3j zaw\u00f3d"},"content":{"rendered":"<p><strong><em>Pozdrowienia zza w\u00f3d \/ dla was m\u00f3j zaw\u00f3d<br \/>\n<\/em><\/strong><br \/>\nMienia zawod Hub<br \/>\nPis-arz m\u00f3j zaw\u00f3d<br \/>\nPozdrawiam zza w\u00f3d<\/p>\n<p>B\u00f3g nie zawi\u00f3d\u0142<\/p>\n<p>On nie zawodzi<br \/>\nOn nigdy nie zwodzi<br \/>\nOn zawsze prowadzi<\/p>\n<p>Pis-arz<br \/>\nPok\u00f3j a\u017c<br \/>\nTo dla was<\/p>\n<p>Zza w\u00f3d zza<br \/>\nZzz osa z\u0142a<br \/>\nO\u015bla twarz<\/p>\n<p>Hub pis a\u017c dla was<br \/>\nNie zwodz\u0119 nie zawodz\u0119<br \/>\nB\u00f3g niech to wszystko prowadzi dobrze<\/p>\n<p><em>Na zdj. Dzi\u015b \u015awiatowy Dzie\u0144 Postaci z Bajek \/<\/em><br \/>\n<em> A tu kotek kt\u00f3ry czyha na dwa go\u0142\u0105bki na dachu \/<\/em><br \/>\n<em> \u0141adne bajki pi\u0119kne przes\u0142ania maj\u0105 \/<\/em><br \/>\n<em> Dobro w nich ze z\u0142em zwyci\u0119\u017ca zawsze.<\/em><\/p>\n<p><img loading=\"lazy\" decoding=\"async\" class=\"JZUAbb\" src=\"https:\/\/lh3.googleusercontent.com\/-geolc1_OIH0\/W-AMB5_wCwI\/AAAAAAAAH6g\/ENaVFhuy68QxOB-z0zgT7y4fNykuTzUJACJoC\/w530-h398-n\/IMG_20181026_113442.jpg\" alt=\"Zdj\u0119cie\" width=\"530\" height=\"398\" \/><\/p>\n<h1 class=\"title style-scope ytd-video-primary-info-renderer\" style=\"text-align: center;\"><a href=\"https:\/\/www.youtube.com\/watch?v=coZfzTcv4bA\"><em>Bertha Intro Original <\/em><\/a>\ud83d\ude42<\/h1>\n<h1 class=\"title style-scope ytd-video-primary-info-renderer\" style=\"text-align: center;\"><a href=\"https:\/\/www.youtube.com\/watch?v=pZoI_2YaB1c\"><em>Hurt &#8211; Za\u0142oga G Tak Jak Bolek I Lolek<\/em><\/a><\/h1>\n","protected":false},"excerpt":{"rendered":"<p>Pozdrowienia zza w\u00f3d \/ dla was m\u00f3j zaw\u00f3d Mienia zawod Hub Pis-arz m\u00f3j zaw\u00f3d Pozdrawiam zza w\u00f3d B\u00f3g nie zawi\u00f3d\u0142 On nie zawodzi On nigdy&hellip; <\/p>\n","protected":false},"author":1,"featured_media":0,"parent":0,"menu_order":0,"comment_status":"closed","ping_status":"closed","template":"","meta":{"footnotes":""},"class_list":["post-1942","page","type-page","status-publish","hentry"],"_links":{"self":[{"href":"https:\/\/hubertpietka.bialystok.pl\/index.php?rest_route=\/wp\/v2\/pages\/1942","targetHints":{"allow":["GET"]}}],"collection":[{"href":"https:\/\/hubertpietka.bialystok.pl\/index.php?rest_route=\/wp\/v2\/pages"}],"about":[{"href":"https:\/\/hubertpietka.bialystok.pl\/index.php?rest_route=\/wp\/v2\/types\/page"}],"author":[{"embeddable":true,"href":"https:\/\/hubertpietka.bialystok.pl\/index.php?rest_route=\/wp\/v2\/users\/1"}],"replies":[{"embeddable":true,"href":"https:\/\/hubertpietka.bialystok.pl\/index.php?rest_route=%2Fwp%2Fv2%2Fcomments&post=1942"}],"version-history":[{"count":6,"href":"https:\/\/hubertpietka.bialystok.pl\/index.php?rest_route=\/wp\/v2\/pages\/1942\/revisions"}],"predecessor-version":[{"id":1949,"href":"https:\/\/hubertpietka.bialystok.pl\/index.php?rest_route=\/wp\/v2\/pages\/1942\/revisions\/1949"}],"wp:attachment":[{"href":"https:\/\/hubertpietka.bialystok.pl\/index.php?rest_route=%2Fwp%2Fv2%2Fmedia&parent=1942"}],"curies":[{"name":"wp","href":"https:\/\/api.w.org\/{rel}","templated":true}]}}