{"id":1950,"date":"2018-11-06T10:20:56","date_gmt":"2018-11-06T10:20:56","guid":{"rendered":"http:\/\/hubertpietka.bialystok.pl\/?page_id=1950"},"modified":"2018-11-06T10:24:59","modified_gmt":"2018-11-06T10:24:59","slug":"rozmyslania-slugi-bozego-jana-tyranowskiego","status":"publish","type":"page","link":"https:\/\/hubertpietka.bialystok.pl\/?page_id=1950","title":{"rendered":"Rozmy\u015blania s\u0142ugi Bo\u017cego \/ Jana Tyranowskiego"},"content":{"rendered":"<p><strong><em>Rozmy\u015blania s\u0142ugi Bo\u017cego \/ Jana Tyranowskiego<\/em><\/strong><\/p>\n<p>Jako zwyk\u0142y krawiec<br \/>\nTyram<br \/>\nWzorki r\u00f3\u017cne wyszywam<br \/>\nJak my\u015bli uk\u0142adam<\/p>\n<p>Czy cz\u0142owiek \u015bwiecki<br \/>\nMo\u017ce zosta\u0107 \u015bwi\u0119tym<\/p>\n<p>Tyrania szatana<br \/>\nA mi\u0142osierdzie Pana<\/p>\n<p>Z\u0142o tylko zniewala<br \/>\nTyrani\u0105 sw\u0105 chce zniszczy\u0107 cz\u0142owieka<br \/>\nI tylko B\u00f3g mo\u017ce ka\u017cde zniewolenie<br \/>\nPrzemieni\u0107 w \u017cycia pe\u0142ni\u0119<\/p>\n<p>Tyram bo ubogi jestem<br \/>\nNie mieszkam w bogatym Tyrze<br \/>\nLecz w Krakowie<br \/>\nPod okupacj\u0105 niemieck\u0105<\/p>\n<p>Lecz tamtaram<br \/>\nBogu sw\u0105 prac\u0105 gram<br \/>\nWyszywam szlaczki ig\u0142\u0105<br \/>\nKroje materia\u0142 jak s\u0142owa<br \/>\nKu chwale Boga<\/p>\n<p>A moje nazwisko paradoksalnie<br \/>\nZaprzecza mojej postawie<br \/>\nWskazuje jedynie<br \/>\n\u017be ja by walczy\u0107 ze z\u0142a tyrani\u0105 \u017cyj\u0119<\/p>\n<p><em>Na zdj. \u015awi\u0119ty Jan Pawe\u0142 II w Niepokalanowie \/<\/em><br \/>\n<em> S\u0142uga Bo\u017cy Jan Tyranowski jako \u015bwiecki cz\u0142owiek \/<\/em><br \/>\n<em> Wni\u00f3s\u0142 bardzo wiele w \u017cycie p\u00f3\u017aniejszego papie\u017ca \/<\/em><br \/>\n<em> Bo\u017ca logika jest niesamowicie pi\u0119kna \/<\/em><br \/>\n<em> I w swej owocno\u015bci dobra niepoj\u0119ta.<\/em><\/p>\n<p style=\"text-align: center;\"><em> <strong>Ad Dei Gloriam<\/strong><\/em><\/p>\n<p><img loading=\"lazy\" decoding=\"async\" class=\"JZUAbb\" src=\"https:\/\/lh3.googleusercontent.com\/-ImZM1Ueaje4\/W-FW-9yKGaI\/AAAAAAAAH8g\/n4jHf2qFbL4W6SmzZ7OZX1OcL4ivlkShgCJoC\/w530-h707-n\/IMG_20181103_105118.jpg\" alt=\"Zdj\u0119cie\" width=\"530\" height=\"707\" \/><\/p>\n<h1 class=\"title style-scope ytd-video-primary-info-renderer\" style=\"text-align: center;\"><a href=\"https:\/\/www.youtube.com\/watch?v=f8oNV-fT7hQ\"><em>Arka Noego &#8211; Niedola egipska niewola<\/em><\/a><\/h1>\n","protected":false},"excerpt":{"rendered":"<p>Rozmy\u015blania s\u0142ugi Bo\u017cego \/ Jana Tyranowskiego Jako zwyk\u0142y krawiec Tyram Wzorki r\u00f3\u017cne wyszywam Jak my\u015bli uk\u0142adam Czy cz\u0142owiek \u015bwiecki Mo\u017ce zosta\u0107 \u015bwi\u0119tym Tyrania szatana A&hellip; <\/p>\n","protected":false},"author":1,"featured_media":0,"parent":0,"menu_order":0,"comment_status":"closed","ping_status":"closed","template":"","meta":{"footnotes":""},"class_list":["post-1950","page","type-page","status-publish","hentry"],"_links":{"self":[{"href":"https:\/\/hubertpietka.bialystok.pl\/index.php?rest_route=\/wp\/v2\/pages\/1950","targetHints":{"allow":["GET"]}}],"collection":[{"href":"https:\/\/hubertpietka.bialystok.pl\/index.php?rest_route=\/wp\/v2\/pages"}],"about":[{"href":"https:\/\/hubertpietka.bialystok.pl\/index.php?rest_route=\/wp\/v2\/types\/page"}],"author":[{"embeddable":true,"href":"https:\/\/hubertpietka.bialystok.pl\/index.php?rest_route=\/wp\/v2\/users\/1"}],"replies":[{"embeddable":true,"href":"https:\/\/hubertpietka.bialystok.pl\/index.php?rest_route=%2Fwp%2Fv2%2Fcomments&post=1950"}],"version-history":[{"count":6,"href":"https:\/\/hubertpietka.bialystok.pl\/index.php?rest_route=\/wp\/v2\/pages\/1950\/revisions"}],"predecessor-version":[{"id":1956,"href":"https:\/\/hubertpietka.bialystok.pl\/index.php?rest_route=\/wp\/v2\/pages\/1950\/revisions\/1956"}],"wp:attachment":[{"href":"https:\/\/hubertpietka.bialystok.pl\/index.php?rest_route=%2Fwp%2Fv2%2Fmedia&parent=1950"}],"curies":[{"name":"wp","href":"https:\/\/api.w.org\/{rel}","templated":true}]}}